{"id":22106,"date":"2024-12-11T12:09:47","date_gmt":"2024-12-11T12:09:47","guid":{"rendered":"https:\/\/www.lightspeedsystems.com\/?page_id=22106"},"modified":"2025-08-04T13:20:25","modified_gmt":"2025-08-04T17:20:25","slug":"cookie-notice","status":"publish","type":"page","link":"https:\/\/www.lightspeedsystems.com\/es\/cookie-notice\/","title":{"rendered":"Aviso de cookies"},"content":{"rendered":"<div data-elementor-type=\"wp-page\" data-elementor-id=\"22106\" class=\"elementor elementor-22106\" data-elementor-post-type=\"page\">\n\t\t\t\t<div class=\"elementor-element elementor-element-6ddd313 e-flex e-con-boxed e-con e-parent\" data-id=\"6ddd313\" data-element_type=\"container\" data-e-type=\"container\">\n\t\t\t\t\t<div class=\"e-con-inner\">\n\t\t\t\t<div class=\"elementor-element elementor-element-fea6bac elementor-widget elementor-widget-heading\" data-id=\"fea6bac\" data-element_type=\"widget\" data-e-type=\"widget\" data-widget_type=\"heading.default\">\n\t\t\t\t<div class=\"elementor-widget-container\">\n\t\t\t\t\t<h2 class=\"elementor-heading-title elementor-size-default\">\u00bfQu\u00e9 son las cookies?<\/h2>\t\t\t\t<\/div>\n\t\t\t\t<\/div>\n\t\t\t\t<div class=\"elementor-element elementor-element-34f389f elementor-widget elementor-widget-text-editor\" data-id=\"34f389f\" data-element_type=\"widget\" data-e-type=\"widget\" data-widget_type=\"text-editor.default\">\n\t\t\t\t<div class=\"elementor-widget-container\">\n\t\t\t\t\t\t\t\t\t<p>Las cookies son peque\u00f1os fragmentos de datos, almacenados en archivos de texto, que se almacenan en su computadora u otro dispositivo cuando se cargan sitios web en un navegador. Se utilizan ampliamente para &quot;recordarle&quot; a usted y sus preferencias, ya sea para una sola visita (a trav\u00e9s de una &quot;cookie de sesi\u00f3n&quot;) o para m\u00faltiples visitas repetidas (usando una &quot;cookie persistente&quot;). Garantizan una experiencia consistente y eficiente para los visitantes, y realizan funciones esenciales como permitir que los usuarios se registren y permanezcan conectados. Las cookies pueden ser instaladas por el sitio que est\u00e1 visitando (conocidas como &quot;cookies de origen&quot;), o por terceros, como aquellos que ofrecen contenido o brindan servicios de publicidad o an\u00e1lisis en el sitio web (&quot;cookies de terceros&quot;).<\/p><p>Nuestro\u00a0<a href=\"\/es\/privacy-policy\/\">pol\u00edtica de privacidad<\/a>\u00a0explica c\u00f3mo recopilamos y utilizamos informaci\u00f3n de usted y sobre usted cuando utiliza los servicios de Lightspeed Systems. Esta pol\u00edtica explica m\u00e1s sobre c\u00f3mo utilizamos las cookies y sus opciones relacionadas.<\/p>\t\t\t\t\t\t\t\t<\/div>\n\t\t\t\t<\/div>\n\t\t\t\t<div class=\"elementor-element elementor-element-37cdc78 elementor-widget elementor-widget-heading\" data-id=\"37cdc78\" data-element_type=\"widget\" data-e-type=\"widget\" data-widget_type=\"heading.default\">\n\t\t\t\t<div class=\"elementor-widget-container\">\n\t\t\t\t\t<h2 class=\"elementor-heading-title elementor-size-default\">Cookies y otras tecnolog\u00edas de seguimiento:<\/h2>\t\t\t\t<\/div>\n\t\t\t\t<\/div>\n\t\t\t\t<div class=\"elementor-element elementor-element-c1bf729 elementor-widget elementor-widget-text-editor\" data-id=\"c1bf729\" data-element_type=\"widget\" data-e-type=\"widget\" data-widget_type=\"text-editor.default\">\n\t\t\t\t<div class=\"elementor-widget-container\">\n\t\t\t\t\t\t\t\t\t<p>Lightspeed Systems y nuestros socios externos, como los socios anal\u00edticos, utilizan diversas tecnolog\u00edas para recopilar informaci\u00f3n, como cookies y balizas web.<\/p>\t\t\t\t\t\t\t\t<\/div>\n\t\t\t\t<\/div>\n\t\t\t\t<div class=\"elementor-element elementor-element-7353c57 elementor-widget elementor-widget-heading\" data-id=\"7353c57\" data-element_type=\"widget\" data-e-type=\"widget\" data-widget_type=\"heading.default\">\n\t\t\t\t<div class=\"elementor-widget-container\">\n\t\t\t\t\t<h2 class=\"elementor-heading-title elementor-size-default\">\u00bfQu\u00e9 tipos de tecnolog\u00edas utilizamos?<\/h2>\t\t\t\t<\/div>\n\t\t\t\t<\/div>\n\t\t\t\t<div class=\"elementor-element elementor-element-db6c5ce elementor-widget elementor-widget-text-editor\" data-id=\"db6c5ce\" data-element_type=\"widget\" data-e-type=\"widget\" data-widget_type=\"text-editor.default\">\n\t\t\t\t<div class=\"elementor-widget-container\">\n\t\t\t\t\t\t\t\t\t<p>Utilizamos o podemos utilizar los datos recopilados a trav\u00e9s de cookies, archivos de registro, identificadores de dispositivos y GIF transparentes para (a) recordar informaci\u00f3n para que en visitas posteriores el usuario no tenga que volver a ingresarla; (b) proporcionar contenido e informaci\u00f3n personalizados; (c) monitorear la efectividad de nuestros Servicios; (d) monitorear m\u00e9tricas agregadas como el n\u00famero total de visitantes, el tr\u00e1fico y el uso de nuestro sitio web y nuestros Servicios; (e) diagnosticar o solucionar problemas tecnol\u00f3gicos; y (f) ayudar a los usuarios a acceder de manera eficiente a la informaci\u00f3n despu\u00e9s de iniciar sesi\u00f3n.<\/p>\t\t\t\t\t\t\t\t<\/div>\n\t\t\t\t<\/div>\n\t\t\t\t<div class=\"elementor-element elementor-element-90e9c27 elementor-widget elementor-widget-heading\" data-id=\"90e9c27\" data-element_type=\"widget\" data-e-type=\"widget\" data-widget_type=\"heading.default\">\n\t\t\t\t<div class=\"elementor-widget-container\">\n\t\t\t\t\t<h2 class=\"elementor-heading-title elementor-size-default\">An\u00e1lisis de terceros<\/h2>\t\t\t\t<\/div>\n\t\t\t\t<\/div>\n\t\t\t\t<div class=\"elementor-element elementor-element-5f3d63b elementor-widget elementor-widget-text-editor\" data-id=\"5f3d63b\" data-element_type=\"widget\" data-e-type=\"widget\" data-widget_type=\"text-editor.default\">\n\t\t\t\t<div class=\"elementor-widget-container\">\n\t\t\t\t\t\t\t\t\t<p>Utilizamos dispositivos, aplicaciones y otros medios automatizados, como Google Analytics, para evaluar el uso de nuestros sitios web y servicios de Lightspeed Systems. Utilizamos estas herramientas para ayudarnos a mejorar nuestros servicios, el rendimiento y las experiencias de los usuarios. NO las utilizamos para realizar remarketing. Estas entidades pueden utilizar cookies y otras tecnolog\u00edas de seguimiento para realizar sus servicios.\u00a0<em><strong>Las redes publicitarias de terceros nunca pueden recopilar informaci\u00f3n sobre los usuarios de nuestros sitios web o Servicios, a menos que usted opte por las &quot;Cookies de segmentaci\u00f3n&quot;, que est\u00e1n desactivadas de forma predeterminada en nuestro sitio web. Esto les otorga a los usuarios el control de sus datos.<\/strong><\/em><\/p>\t\t\t\t\t\t\t\t<\/div>\n\t\t\t\t<\/div>\n\t\t\t\t<div class=\"elementor-element elementor-element-edef932 elementor-widget elementor-widget-heading\" data-id=\"edef932\" data-element_type=\"widget\" data-e-type=\"widget\" data-widget_type=\"heading.default\">\n\t\t\t\t<div class=\"elementor-widget-container\">\n\t\t\t\t\t<h2 class=\"elementor-heading-title elementor-size-default\">No rastrear<\/h2>\t\t\t\t<\/div>\n\t\t\t\t<\/div>\n\t\t\t\t<div class=\"elementor-element elementor-element-02a5ab9 elementor-widget elementor-widget-text-editor\" data-id=\"02a5ab9\" data-element_type=\"widget\" data-e-type=\"widget\" data-widget_type=\"text-editor.default\">\n\t\t\t\t<div class=\"elementor-widget-container\">\n\t\t\t\t\t\t\t\t\t<p>Actualmente, nuestros sistemas no reconocen las solicitudes de \u201cno seguimiento\u201d del navegador. Sin embargo, puede desactivar ciertos tipos de seguimiento como se explica en esta secci\u00f3n (por ejemplo, desactivando las cookies).<\/p>\t\t\t\t\t\t\t\t<\/div>\n\t\t\t\t<\/div>\n\t\t\t\t<div class=\"elementor-element elementor-element-6c36ffc elementor-widget elementor-widget-heading\" data-id=\"6c36ffc\" data-element_type=\"widget\" data-e-type=\"widget\" data-widget_type=\"heading.default\">\n\t\t\t\t<div class=\"elementor-widget-container\">\n\t\t\t\t\t<h2 class=\"elementor-heading-title elementor-size-default\">\u00bfQu\u00e9 tipos de Cookies y c\u00f3mo las utilizamos?<\/h2>\t\t\t\t<\/div>\n\t\t\t\t<\/div>\n\t\t\t\t<div class=\"elementor-element elementor-element-c31d354 elementor-widget elementor-widget-text-editor\" data-id=\"c31d354\" data-element_type=\"widget\" data-e-type=\"widget\" data-widget_type=\"text-editor.default\">\n\t\t\t\t<div class=\"elementor-widget-container\">\n\t\t\t\t\t\t\t\t\t<ul><li><strong>Cookies estrictamente necesarias:<\/strong>\u00a0Estas cookies son necesarias para que el sitio web funcione y no se pueden desactivar en nuestros sistemas. Por lo general, solo se configuran en respuesta a acciones que usted realiza y que equivalen a una solicitud de servicios, como establecer sus preferencias de privacidad, iniciar sesi\u00f3n o completar formularios. Puede configurar su navegador para bloquear o alertar sobre estas cookies, pero algunas partes del sitio web no funcionar\u00e1n. Estas cookies no almacenan ninguna informaci\u00f3n personal identificable.<\/li><li><strong>Cookies de funcionalidad:<\/strong>\u00a0Estas cookies permiten que el sitio web proporcione una funcionalidad y personalizaci\u00f3n mejoradas. Pueden ser establecidas por nosotros o por proveedores externos cuyos servicios hemos agregado a nuestras p\u00e1ginas. Si no permite estas cookies, es posible que algunos o todos estos servicios no funcionen correctamente.<\/li><li><strong>Cookies de rendimiento:<\/strong>\u00a0Estas cookies nos permiten contar las visitas y las fuentes de tr\u00e1fico para poder medir y mejorar el rendimiento de nuestro sitio. Nos ayudan a saber qu\u00e9 p\u00e1ginas son las m\u00e1s o menos populares y a ver cu\u00e1ntas personas visitan el sitio. Toda la informaci\u00f3n que recogen estas cookies es agregada y, por lo tanto, an\u00f3nima. Si no permite estas cookies, no sabremos cu\u00e1ndo ha visitado nuestro sitio y no podremos supervisar su rendimiento.<\/li><li><strong>Cookies de segmentaci\u00f3n:<\/strong>\u00a0Estas cookies recopilan informaci\u00f3n sobre sus h\u00e1bitos de navegaci\u00f3n para que la publicidad sea relevante para usted y sus intereses. Recuerdan los sitios web que ha visitado y esa informaci\u00f3n se comparte con otras partes, como proveedores de servicios de tecnolog\u00eda publicitaria y anunciantes. No almacenan informaci\u00f3n personal directamente, sino que se basan en la identificaci\u00f3n \u00fanica de su navegador y dispositivo de Internet. Si no permite estas cookies, recibir\u00e1 publicidad menos personalizada. Tenga en cuenta que estas nunca se utilizan en nuestros productos (lightspeedsystems.app), pero est\u00e1n disponibles en nuestro sitio web lightspeedsystems.com.<\/li><\/ul>\t\t\t\t\t\t\t\t<\/div>\n\t\t\t\t<\/div>\n\t\t\t\t<div class=\"elementor-element elementor-element-a6f37ec elementor-widget elementor-widget-heading\" data-id=\"a6f37ec\" data-element_type=\"widget\" data-e-type=\"widget\" data-widget_type=\"heading.default\">\n\t\t\t\t<div class=\"elementor-widget-container\">\n\t\t\t\t\t<h2 class=\"elementor-heading-title elementor-size-default\">\u00bfC\u00f3mo puedo controlar las cookies?<\/h2>\t\t\t\t<\/div>\n\t\t\t\t<\/div>\n\t\t\t\t<div class=\"elementor-element elementor-element-236e6a3 elementor-widget elementor-widget-text-editor\" data-id=\"236e6a3\" data-element_type=\"widget\" data-e-type=\"widget\" data-widget_type=\"text-editor.default\">\n\t\t\t\t<div class=\"elementor-widget-container\">\n\t\t\t\t\t\t\t\t\t<ul><li><p>Tiene derecho a decidir si acepta o rechaza las cookies. Puede ejercer sus derechos sobre las cookies configurando sus preferencias en el Administrador de consentimiento de cookies. El Administrador de consentimiento de cookies le permite seleccionar qu\u00e9 categor\u00edas de cookies acepta o rechaza.<\/p><p>Las cookies funcionales, de rendimiento y de segmentaci\u00f3n est\u00e1n configuradas como &quot;desactivadas&quot; de forma predeterminada y los usuarios deben aceptarlas. Las cookies estrictamente necesarias est\u00e1n activadas de forma predeterminada y los usuarios no podr\u00e1n rechazar ninguna cookie u otra tecnolog\u00eda que sea &quot;estrictamente necesaria&quot; para los Servicios.<\/p><p>El Administrador de consentimiento de cookies se puede encontrar en el banner de notificaci\u00f3n y en nuestro sitio web. Si elige rechazar las cookies, podr\u00e1 seguir utilizando nuestro sitio web, aunque su acceso a algunas funciones y \u00e1reas de nuestro sitio web puede estar restringido. Tambi\u00e9n puede configurar o modificar los controles de su navegador web para aceptar o rechazar las cookies.<\/p><\/li><\/ul>\t\t\t\t\t\t\t\t<\/div>\n\t\t\t\t<\/div>\n\t\t\t\t<div class=\"elementor-element elementor-element-0f1c3e7 elementor-widget elementor-widget-heading\" data-id=\"0f1c3e7\" data-element_type=\"widget\" data-e-type=\"widget\" data-widget_type=\"heading.default\">\n\t\t\t\t<div class=\"elementor-widget-container\">\n\t\t\t\t\t<h2 class=\"elementor-heading-title elementor-size-default\">Cont\u00e1ctenos<\/h2>\t\t\t\t<\/div>\n\t\t\t\t<\/div>\n\t\t\t\t<div class=\"elementor-element elementor-element-a3cc431 elementor-widget elementor-widget-text-editor\" data-id=\"a3cc431\" data-element_type=\"widget\" data-e-type=\"widget\" data-widget_type=\"text-editor.default\">\n\t\t\t\t<div class=\"elementor-widget-container\">\n\t\t\t\t\t\t\t\t\t<ul><li><p>Si tiene alguna pregunta sobre nuestro uso de cookies u otras tecnolog\u00edas, env\u00edenos un correo electr\u00f3nico a\u00a0<a href=\"mailto:privacy@lightspeedsystems.com\">privacy@lightspeedsystems.com<\/a><\/p><\/li><\/ul>\t\t\t\t\t\t\t\t<\/div>\n\t\t\t\t<\/div>\n\t\t\t\t<div class=\"elementor-element elementor-element-34d94ac elementor-widget elementor-widget-heading\" data-id=\"34d94ac\" data-element_type=\"widget\" data-e-type=\"widget\" data-widget_type=\"heading.default\">\n\t\t\t\t<div class=\"elementor-widget-container\">\n\t\t\t\t\t<h2 class=\"elementor-heading-title elementor-size-default\">Actualizaciones de este Aviso<\/h2>\t\t\t\t<\/div>\n\t\t\t\t<\/div>\n\t\t\t\t<div class=\"elementor-element elementor-element-2865960 elementor-widget elementor-widget-text-editor\" data-id=\"2865960\" data-element_type=\"widget\" data-e-type=\"widget\" data-widget_type=\"text-editor.default\">\n\t\t\t\t<div class=\"elementor-widget-container\">\n\t\t\t\t\t\t\t\t\t<ul><li>Este Aviso de Cookies se actualiz\u00f3 por \u00faltima vez el 4 de agosto de 2025.<\/li><\/ul>\t\t\t\t\t\t\t\t<\/div>\n\t\t\t\t<\/div>\n\t\t\t\t\t<\/div>\n\t\t\t\t<\/div>\n\t\t\t\t<\/div>","protected":false},"excerpt":{"rendered":"<p>What are cookies? Cookies are small pieces of data, stored in text files, that are stored on your computer or other device when websites are loaded in a browser. They [&hellip;]<\/p>\n","protected":false},"author":14,"featured_media":0,"parent":0,"menu_order":0,"comment_status":"closed","ping_status":"closed","template":"","meta":{"_acf_changed":false,"_yoast_wpseo_focuskw":"","_yoast_wpseo_title":"","_yoast_wpseo_metadesc":"","footnotes":""},"class_list":["post-22106","page","type-page","status-publish","hentry"],"acf":[],"yoast_head":"<!-- This site is optimized with the Yoast SEO Premium plugin v27.5 (Yoast SEO v27.5) - https:\/\/yoast.com\/product\/yoast-seo-premium-wordpress\/ -->\n<title>Cookie Notice - Lightspeed Systems<\/title>\n<meta name=\"robots\" content=\"index, follow, max-snippet:-1, max-image-preview:large, max-video-preview:-1\" \/>\n<link rel=\"canonical\" href=\"https:\/\/www.lightspeedsystems.com\/es\/cookie-notice\/\" \/>\n<meta property=\"og:locale\" content=\"es_ES\" \/>\n<meta property=\"og:type\" content=\"article\" \/>\n<meta property=\"og:title\" content=\"Cookie Notice\" \/>\n<meta property=\"og:description\" content=\"What are cookies? Cookies are small pieces of data, stored in text files, that are stored on your computer or other device when websites are loaded in a browser. They [&hellip;]\" \/>\n<meta property=\"og:url\" content=\"https:\/\/www.lightspeedsystems.com\/es\/cookie-notice\/\" \/>\n<meta property=\"og:site_name\" content=\"Lightspeed Systems\" \/>\n<meta property=\"article:publisher\" content=\"https:\/\/www.facebook.com\/lightspeedsystems\/\" \/>\n<meta property=\"article:modified_time\" content=\"2025-08-04T17:20:25+00:00\" \/>\n<meta name=\"twitter:card\" content=\"summary_large_image\" \/>\n<meta name=\"twitter:site\" content=\"@lightspeedsys\" \/>\n<meta name=\"twitter:label1\" content=\"Est. reading time\" \/>\n\t<meta name=\"twitter:data1\" content=\"4 minutos\" \/>\n<script type=\"application\/ld+json\" class=\"yoast-schema-graph\">{\"@context\":\"https:\\\/\\\/schema.org\",\"@graph\":[{\"@type\":\"WebPage\",\"@id\":\"https:\\\/\\\/www.lightspeedsystems.com\\\/cookie-notice\\\/\",\"url\":\"https:\\\/\\\/www.lightspeedsystems.com\\\/cookie-notice\\\/\",\"name\":\"Cookie Notice - Lightspeed Systems\",\"isPartOf\":{\"@id\":\"https:\\\/\\\/www.lightspeedsystems.com\\\/zh\\\/#website\"},\"datePublished\":\"2024-12-11T12:09:47+00:00\",\"dateModified\":\"2025-08-04T17:20:25+00:00\",\"breadcrumb\":{\"@id\":\"https:\\\/\\\/www.lightspeedsystems.com\\\/cookie-notice\\\/#breadcrumb\"},\"inLanguage\":\"es\",\"potentialAction\":[{\"@type\":\"ReadAction\",\"target\":[\"https:\\\/\\\/www.lightspeedsystems.com\\\/cookie-notice\\\/\"]}]},{\"@type\":\"BreadcrumbList\",\"@id\":\"https:\\\/\\\/www.lightspeedsystems.com\\\/cookie-notice\\\/#breadcrumb\",\"itemListElement\":[{\"@type\":\"ListItem\",\"position\":1,\"name\":\"Home\",\"item\":\"https:\\\/\\\/www.lightspeedsystems.com\\\/\"},{\"@type\":\"ListItem\",\"position\":2,\"name\":\"Cookie Notice\"}]},{\"@type\":\"WebSite\",\"@id\":\"https:\\\/\\\/www.lightspeedsystems.com\\\/zh\\\/#website\",\"url\":\"https:\\\/\\\/www.lightspeedsystems.com\\\/zh\\\/\",\"name\":\"Lightspeed Systems\",\"description\":\"Helping K-12 communities provide safe, secure, and equitable education\u2014effortlessly.\",\"publisher\":{\"@id\":\"https:\\\/\\\/www.lightspeedsystems.com\\\/zh\\\/#organization\"},\"potentialAction\":[{\"@type\":\"SearchAction\",\"target\":{\"@type\":\"EntryPoint\",\"urlTemplate\":\"https:\\\/\\\/www.lightspeedsystems.com\\\/zh\\\/?s={search_term_string}\"},\"query-input\":{\"@type\":\"PropertyValueSpecification\",\"valueRequired\":true,\"valueName\":\"search_term_string\"}}],\"inLanguage\":\"es\"},{\"@type\":\"Organization\",\"@id\":\"https:\\\/\\\/www.lightspeedsystems.com\\\/zh\\\/#organization\",\"name\":\"Lightspeed Systems\",\"url\":\"https:\\\/\\\/www.lightspeedsystems.com\\\/zh\\\/\",\"logo\":{\"@type\":\"ImageObject\",\"inLanguage\":\"es\",\"@id\":\"https:\\\/\\\/www.lightspeedsystems.com\\\/zh\\\/#\\\/schema\\\/logo\\\/image\\\/\",\"url\":\"https:\\\/\\\/www.lightspeedsystems.com\\\/wp-content\\\/uploads\\\/2024\\\/12\\\/lightspeed_systems_logo.svg\",\"contentUrl\":\"https:\\\/\\\/www.lightspeedsystems.com\\\/wp-content\\\/uploads\\\/2024\\\/12\\\/lightspeed_systems_logo.svg\",\"caption\":\"Lightspeed Systems\"},\"image\":{\"@id\":\"https:\\\/\\\/www.lightspeedsystems.com\\\/zh\\\/#\\\/schema\\\/logo\\\/image\\\/\"},\"sameAs\":[\"https:\\\/\\\/www.facebook.com\\\/lightspeedsystems\\\/\",\"https:\\\/\\\/x.com\\\/lightspeedsys\",\"https:\\\/\\\/www.linkedin.com\\\/company\\\/lightspeed-systems\\\/\"]}]}<\/script>\n<!-- \/ Yoast SEO Premium plugin. -->","yoast_head_json":{"title":"Aviso de cookies - Lightspeed Systems","robots":{"index":"index","follow":"follow","max-snippet":"max-snippet:-1","max-image-preview":"max-image-preview:large","max-video-preview":"max-video-preview:-1"},"canonical":"https:\/\/www.lightspeedsystems.com\/es\/cookie-notice\/","og_locale":"es_ES","og_type":"article","og_title":"Cookie Notice","og_description":"What are cookies? Cookies are small pieces of data, stored in text files, that are stored on your computer or other device when websites are loaded in a browser. They [&hellip;]","og_url":"https:\/\/www.lightspeedsystems.com\/es\/cookie-notice\/","og_site_name":"Lightspeed Systems","article_publisher":"https:\/\/www.facebook.com\/lightspeedsystems\/","article_modified_time":"2025-08-04T17:20:25+00:00","twitter_card":"summary_large_image","twitter_site":"@lightspeedsys","twitter_misc":{"Est. reading time":"4 minutos"},"schema":{"@context":"https:\/\/schema.org","@graph":[{"@type":"WebPage","@id":"https:\/\/www.lightspeedsystems.com\/cookie-notice\/","url":"https:\/\/www.lightspeedsystems.com\/cookie-notice\/","name":"Aviso de cookies - Lightspeed Systems","isPartOf":{"@id":"https:\/\/www.lightspeedsystems.com\/zh\/#website"},"datePublished":"2024-12-11T12:09:47+00:00","dateModified":"2025-08-04T17:20:25+00:00","breadcrumb":{"@id":"https:\/\/www.lightspeedsystems.com\/cookie-notice\/#breadcrumb"},"inLanguage":"es","potentialAction":[{"@type":"ReadAction","target":["https:\/\/www.lightspeedsystems.com\/cookie-notice\/"]}]},{"@type":"BreadcrumbList","@id":"https:\/\/www.lightspeedsystems.com\/cookie-notice\/#breadcrumb","itemListElement":[{"@type":"ListItem","position":1,"name":"Home","item":"https:\/\/www.lightspeedsystems.com\/"},{"@type":"ListItem","position":2,"name":"Cookie Notice"}]},{"@type":"WebSite","@id":"https:\/\/www.lightspeedsystems.com\/zh\/#website","url":"https:\/\/www.lightspeedsystems.com\/zh\/","name":"Sistemas de velocidad de la luz","description":"Ayudamos a las comunidades K-12 a brindar una educaci\u00f3n segura, protegida y equitativa, sin esfuerzo.","publisher":{"@id":"https:\/\/www.lightspeedsystems.com\/zh\/#organization"},"potentialAction":[{"@type":"SearchAction","target":{"@type":"EntryPoint","urlTemplate":"https:\/\/www.lightspeedsystems.com\/zh\/?s={search_term_string}"},"query-input":{"@type":"PropertyValueSpecification","valueRequired":true,"valueName":"search_term_string"}}],"inLanguage":"es"},{"@type":"Organization","@id":"https:\/\/www.lightspeedsystems.com\/zh\/#organization","name":"Sistemas de velocidad de la luz","url":"https:\/\/www.lightspeedsystems.com\/zh\/","logo":{"@type":"ImageObject","inLanguage":"es","@id":"https:\/\/www.lightspeedsystems.com\/zh\/#\/schema\/logo\/image\/","url":"https:\/\/www.lightspeedsystems.com\/wp-content\/uploads\/2024\/12\/lightspeed_systems_logo.svg","contentUrl":"https:\/\/www.lightspeedsystems.com\/wp-content\/uploads\/2024\/12\/lightspeed_systems_logo.svg","caption":"Lightspeed Systems"},"image":{"@id":"https:\/\/www.lightspeedsystems.com\/zh\/#\/schema\/logo\/image\/"},"sameAs":["https:\/\/www.facebook.com\/lightspeedsystems\/","https:\/\/x.com\/lightspeedsys","https:\/\/www.linkedin.com\/company\/lightspeed-systems\/"]}]}},"_links":{"self":[{"href":"https:\/\/www.lightspeedsystems.com\/es\/wp-json\/wp\/v2\/pages\/22106","targetHints":{"allow":["GET"]}}],"collection":[{"href":"https:\/\/www.lightspeedsystems.com\/es\/wp-json\/wp\/v2\/pages"}],"about":[{"href":"https:\/\/www.lightspeedsystems.com\/es\/wp-json\/wp\/v2\/types\/page"}],"author":[{"embeddable":true,"href":"https:\/\/www.lightspeedsystems.com\/es\/wp-json\/wp\/v2\/users\/14"}],"replies":[{"embeddable":true,"href":"https:\/\/www.lightspeedsystems.com\/es\/wp-json\/wp\/v2\/comments?post=22106"}],"version-history":[{"count":0,"href":"https:\/\/www.lightspeedsystems.com\/es\/wp-json\/wp\/v2\/pages\/22106\/revisions"}],"wp:attachment":[{"href":"https:\/\/www.lightspeedsystems.com\/es\/wp-json\/wp\/v2\/media?parent=22106"}],"curies":[{"name":"gracias","href":"https:\/\/api.w.org\/{rel}","templated":true}]}}