{"id":22136,"date":"2024-12-11T13:04:42","date_gmt":"2024-12-11T13:04:42","guid":{"rendered":"https:\/\/www.lightspeedsystems.com\/?page_id=22136"},"modified":"2024-12-11T14:45:11","modified_gmt":"2024-12-11T14:45:11","slug":"responsible-use-of-ai","status":"publish","type":"page","link":"https:\/\/www.lightspeedsystems.com\/es\/responsible-use-of-ai\/","title":{"rendered":"Pr\u00e1ctica responsable de IA"},"content":{"rendered":"<div data-elementor-type=\"wp-page\" data-elementor-id=\"22136\" class=\"elementor elementor-22136\" data-elementor-post-type=\"page\">\n\t\t\t\t<div class=\"elementor-element elementor-element-5a68041 e-flex e-con-boxed e-con e-parent\" data-id=\"5a68041\" data-element_type=\"container\" data-e-type=\"container\">\n\t\t\t\t\t<div class=\"e-con-inner\">\n\t\t\t\t<div class=\"elementor-element elementor-element-b6a1d72 elementor-widget elementor-widget-text-editor\" data-id=\"b6a1d72\" data-element_type=\"widget\" data-e-type=\"widget\" data-widget_type=\"text-editor.default\">\n\t\t\t\t<div class=\"elementor-widget-container\">\n\t\t\t\t\t\t\t\t\t<p><a href=\"https:\/\/pwp.lightspeedsystems.com\/lightspeed-systems-responsible-ai-practice-external-policy?_gl=1*3u4zov*_gcl_au*MjAzOTE0MjQ2My4xNzMyMDk2NTcw*_ga*MzQ5OTY0OTQuMTczMjA5NjU3MA..*_ga_NKKH7JKEXB*MTczMzkxODYzNS45LjEuMTczMzkyMjg2Ny41NS4wLjA.\">Descargue la versi\u00f3n PDF de nuestra Pol\u00edtica externa de pr\u00e1cticas responsables de IA<\/a><\/p>\t\t\t\t\t\t\t\t<\/div>\n\t\t\t\t<\/div>\n\t\t\t\t<div class=\"elementor-element elementor-element-447a688 elementor-widget elementor-widget-heading\" data-id=\"447a688\" data-element_type=\"widget\" data-e-type=\"widget\" data-widget_type=\"heading.default\">\n\t\t\t\t<div class=\"elementor-widget-container\">\n\t\t\t\t\t<h2 class=\"elementor-heading-title elementor-size-default\">Pr\u00e1ctica responsable de IA de Lightspeed Systems<\/h2>\t\t\t\t<\/div>\n\t\t\t\t<\/div>\n\t\t\t\t<div class=\"elementor-element elementor-element-b5099df elementor-widget elementor-widget-text-editor\" data-id=\"b5099df\" data-element_type=\"widget\" data-e-type=\"widget\" data-widget_type=\"text-editor.default\">\n\t\t\t\t<div class=\"elementor-widget-container\">\n\t\t\t\t\t\t\t\t\t<p>Lightspeed Systems es un proveedor l\u00edder de soluciones en la nube para la educaci\u00f3n primaria y secundaria, con la misi\u00f3n de empoderar a las escuelas para que utilicen la tecnolog\u00eda de forma segura y eficaz para el aprendizaje. Lightspeed Systems ofrece una gama de productos y servicios, como filtrado web, gesti\u00f3n de aulas, gesti\u00f3n de dispositivos, an\u00e1lisis y seguridad estudiantil. Utilizamos inteligencia artificial (IA) para optimizar nuestras soluciones y ofrecer mejores resultados a escuelas, docentes y estudiantes.<\/p><p>En Lightspeed Systems, nos comprometemos a mantener est\u00e1ndares \u00e9ticos en el desarrollo y uso de Inteligencia Artificial (IA). Creemos que la IA tiene el potencial de revolucionar diversas industrias, pero este gran poder conlleva una gran responsabilidad. Las pr\u00e1cticas de IA de nuestra empresa se basan en una IA responsable y en la integraci\u00f3n de principios clave como la confianza, la equidad, la transparencia, la rendici\u00f3n de cuentas, la integridad de los datos, la fiabilidad, la seguridad, la reducci\u00f3n de sesgos, la privacidad y el cumplimiento de las...\u00a0<a href=\"https:\/\/oecd.ai\/en\/ai-principles\" target=\"_blank\" rel=\"noopener\">Principios de IA de la Organizaci\u00f3n para la Cooperaci\u00f3n y el Desarrollo Econ\u00f3micos (OCDE)<\/a>.<\/p><p><strong>Privacidad<\/strong>\u00a0Est\u00e1 integrado en la cultura de nuestra empresa. Nos adherimos a los principios de privacidad desde el dise\u00f1o, garantizando que la privacidad est\u00e9 integrada en el desarrollo y la implementaci\u00f3n de tecnolog\u00edas de IA. Solo recopilamos y procesamos los datos necesarios, y lo hacemos con el consentimiento de nuestros usuarios. La Escuela confirma que ha obtenido el consentimiento parental correspondiente, seg\u00fan sea necesario, antes de que el estudiante pueda acceder a los Servicios, como se detalla en nuestra\u00a0<a href=\"https:\/\/www.lightspeedsystems.com\/es\/privacy-policy\/\">pol\u00edtica de privacidad<\/a>.<\/p><p><strong>Confianza<\/strong>\u00a0Es fundamental para nuestras operaciones. Entendemos la importancia de generar confianza en el uso de la IA. Para lograrlo, nos aseguramos de que nuestras soluciones basadas en IA est\u00e9n dise\u00f1adas para ser transparentes en su proceso de toma de decisiones, permitiendo a los usuarios comprender por qu\u00e9 se realizan resultados o recomendaciones espec\u00edficos.<\/p><p><strong>Explicabilidad:<\/strong>\u00a0Nos comprometemos a proporcionar a nuestros clientes tecnolog\u00eda de IA capaz de explicar y justificar sus acciones.<\/p><p><strong>Transparencia y rendici\u00f3n de cuentas<\/strong>\u00a0Se integran en cada aspecto de nuestro proceso de desarrollo de IA. Mantenemos una cultura de comunicaci\u00f3n abierta, garantizando que todas las partes interesadas conozcan las capacidades y limitaciones de la IA. Nuestros equipos son responsables de supervisar y mejorar continuamente el desempe\u00f1o \u00e9tico de nuestra tecnolog\u00eda de IA, ya que creemos que la evaluaci\u00f3n y la mejora continuas son esenciales para mantener la confianza.<\/p><p><strong>Integridad de los datos<\/strong>\u00a0Es esencial para el rendimiento eficaz de los modelos de IA. Nos comprometemos a recopilar, almacenar y utilizar los datos respetando la privacidad, cumpliendo con las leyes y normativas aplicables y protegiendo los derechos de las personas. Seguimos pr\u00e1cticas rigurosas de gesti\u00f3n de datos, garantizando su precisi\u00f3n, integridad y relevancia.<\/p><p><strong>Confiabilidad y seguridad<\/strong>\u00a0Son pilares fundamentales de nuestro enfoque responsable de IA. Nos esforzamos por desarrollar sistemas de IA robustos, resilientes y seguros, garantizando la protecci\u00f3n de datos confidenciales y evitando el acceso no autorizado. Trabajamos diligentemente para minimizar el riesgo de da\u00f1os e implementamos medidas de seguridad para proteger a los usuarios y las partes interesadas.<\/p><p><strong>Intervenci\u00f3n humana, equidad, reducci\u00f3n de sesgos, promoci\u00f3n de la diversidad y la inclusi\u00f3n<\/strong>\u00a0Es una parte integral de nuestras pr\u00e1cticas de IA. Reconocemos que la IA puede perpetuar inadvertidamente los sesgos y las desigualdades presentes en los datos con los que se entrena. En Lightspeed Systems, tomamos medidas proactivas para mitigar los sesgos y garantizar que nuestros algoritmos de IA traten a todas las personas de forma justa y equitativa. Monitoreamos activamente nuestros sistemas de IA para detectar posibles sesgos y tomamos medidas correctivas para abordar cualquier disparidad identificada. Tambi\u00e9n fomentamos equipos diversos e inclusivos dentro de nuestra organizaci\u00f3n, reconociendo que una fuerza laboral diversa es esencial para<br \/>Desarrollar soluciones de IA imparciales y socialmente responsables.<\/p><p><strong>Principios de IA de la OCDE:<\/strong>\u00a0En consonancia con los Principios de IA de la OCDE, nos comprometemos a utilizar las tecnolog\u00edas de IA con fines socialmente beneficiosos, respetando el Estado de derecho y los derechos humanos. Nuestras soluciones basadas en IA est\u00e1n dise\u00f1adas para empoderar a personas y organizaciones, respetando al mismo tiempo los est\u00e1ndares \u00e9ticos.<\/p><p>El\u00a0<a href=\"https:\/\/oecd.ai\/en\/ai-principles\" target=\"_blank\" rel=\"noopener\">Organizaci\u00f3n para la Cooperaci\u00f3n y el Desarrollo Econ\u00f3micos (OCDE)<\/a>\u00a0Ha desarrollado un conjunto de principios sobre inteligencia artificial (IA), que proporcionan un marco para guiar el dise\u00f1o, desarrollo, implementaci\u00f3n y gobernanza de la IA. Los Principios de IA de la OCDE se basan en cinco principios complementarios basados en valores para la gesti\u00f3n responsable de una IA fiable, como se indica a continuaci\u00f3n:<\/p><ul><li><h4>Principio 1: La IA debe beneficiar a las personas y al planeta impulsando el crecimiento inclusivo, el desarrollo sostenible y el bienestar.<\/h4><ul><li>Lightspeed Systems busca beneficiar a las personas y al planeta mediante el uso de IA para mejorar los resultados educativos. Lightspeed Systems utiliza IA para ayudar a las escuelas a optimizar sus inversiones en tecnolog\u00eda, mejorar sus entornos de aprendizaje digital y proteger a sus estudiantes de los riesgos en l\u00ednea. Lightspeed Systems tambi\u00e9n utiliza IA para reducir nuestro impacto ambiental, aprovechando la computaci\u00f3n en la nube y minimizando nuestro consumo energ\u00e9tico y nuestra huella de carbono.<\/li><\/ul><\/li><li><h4>Principio 2: Los sistemas de IA deben dise\u00f1arse de manera que respeten el estado de derecho, los derechos humanos, los valores democr\u00e1ticos y la diversidad, y deben incluir garant\u00edas apropiadas (por ejemplo, permitiendo la intervenci\u00f3n humana cuando sea necesario) para garantizar una sociedad justa y equitativa.<\/h4><ul><li>Lightspeed Systems respeta el estado de derecho, los derechos humanos, los valores democr\u00e1ticos y la diversidad en nuestros sistemas de IA, e incluye las salvaguardias adecuadas para garantizar una sociedad justa y equitativa. Lightspeed Systems trabaja continuamente para cumplir con todas las leyes y regulaciones aplicables en las jurisdicciones donde operamos y respeta la privacidad y los derechos de protecci\u00f3n de datos de nuestros clientes y usuarios. Lightspeed Systems tambi\u00e9n se compromete a mejorar sus pr\u00e1cticas para cumplir con los principios de transparencia, rendici\u00f3n de cuentas y explicabilidad en nuestras soluciones basadas en IA, y a proporcionar mecanismos de intervenci\u00f3n humana, supervisi\u00f3n y retroalimentaci\u00f3n cuando sea necesario. Lightspeed Systems tambi\u00e9n promueve la diversidad y la inclusi\u00f3n en su plantilla y garantiza que sus sistemas de IA est\u00e9n dise\u00f1ados y probados para evitar sesgos y discriminaci\u00f3n.<\/li><\/ul><\/li><li><h4>Principio 3: Debe haber transparencia y divulgaci\u00f3n responsable en torno a los sistemas de IA para garantizar que las personas comprendan los resultados basados en IA y puedan cuestionarlos.<\/h4><ul><li>Lightspeed Systems se compromete con la transparencia y la divulgaci\u00f3n responsable de nuestros sistemas de IA para garantizar que las personas comprendan los resultados basados en IA y puedan cuestionarlos. Lightspeed Systems proporciona informaci\u00f3n clara y accesible sobre nuestras soluciones de IA, como su funcionamiento, los datos que utilizan y los resultados que generan. Lightspeed Systems tambi\u00e9n ofrece canales de comunicaci\u00f3n y retroalimentaci\u00f3n, como atenci\u00f3n al cliente, seminarios web y redes sociales, donde las personas pueden hacer preguntas, plantear inquietudes y ofrecer sugerencias sobre nuestras soluciones basadas en IA. Asimismo, supervisamos y evaluamos nuestras soluciones de IA y comunicamos cualquier error, fallo o impacto adverso que pueda ocurrir.<\/li><\/ul><\/li><li><h4>Principio 4: Los actores de la IA deben garantizar que los sistemas de IA sean robustos, seguros y protegidos durante todo su ciclo de vida y que puedan reproducirse de forma fiable.<\/h4><ul><li>Lightspeed Systems garantiza la robustez, seguridad y protecci\u00f3n de nuestros sistemas de IA durante todo su ciclo de vida. Lightspeed Systems sigue las mejores pr\u00e1cticas y est\u00e1ndares para el desarrollo, las pruebas, la implementaci\u00f3n y el mantenimiento de la IA, y utiliza herramientas y m\u00e9todos de vanguardia para garantizar la calidad, la fiabilidad y la seguridad de nuestras soluciones de IA. Tambi\u00e9n protegemos nuestras soluciones contra accesos no autorizados, usos indebidos o ataques maliciosos, e implementamos las medidas adecuadas para prevenir, detectar y responder ante cualquier incidente o vulneraci\u00f3n.<\/li><\/ul><\/li><li><h4>Principio 5: Los actores de IA deben garantizar que los sistemas de IA est\u00e9n alineados con los valores humanos y garantizar el control y la supervisi\u00f3n humana sobre ellos.<\/h4><ul><li>Lightspeed Systems garantiza que nuestros sistemas de IA se ajusten a los valores humanos y garanticen el control y la supervisi\u00f3n humanos. Dise\u00f1amos nuestras soluciones basadas en IA pensando en las personas y considerando las necesidades, preferencias y expectativas de nuestros clientes y usuarios. Lightspeed Systems tambi\u00e9n garantiza que nuestros sistemas de IA respeten la dignidad y la autonom\u00eda humanas, y no socaven las capacidades humanas ni la toma de decisiones. Proporcionamos control y supervisi\u00f3n humanos sobre nuestros sistemas de IA y permitimos la intervenci\u00f3n, correcci\u00f3n y anulaci\u00f3n humanas cuando sea necesario.<\/li><\/ul><\/li><\/ul><p>\u00a0<\/p><p>En conclusi\u00f3n, Lightspeed Systems se propone desarrollar y utilizar sistemas de IA que impacten positivamente a la sociedad, protegiendo al mismo tiempo los derechos y el bienestar de las personas. Nos comprometemos con la mejora y el aprendizaje continuos, y agradecemos los comentarios y la colaboraci\u00f3n de las comunidades a las que servimos.<\/p>\t\t\t\t\t\t\t\t<\/div>\n\t\t\t\t<\/div>\n\t\t\t\t\t<\/div>\n\t\t\t\t<\/div>\n\t\t\t\t<\/div>","protected":false},"excerpt":{"rendered":"<p>Download the PDF version of our Responsible AI Practice External Policy Lightspeed Systems Responsible AI Practice Lightspeed Systems is a leading provider of cloud-based solutions for K-12 education, with a [&hellip;]<\/p>\n","protected":false},"author":14,"featured_media":0,"parent":0,"menu_order":0,"comment_status":"closed","ping_status":"closed","template":"","meta":{"_acf_changed":false,"_yoast_wpseo_focuskw":"","_yoast_wpseo_title":"","_yoast_wpseo_metadesc":"","footnotes":""},"class_list":["post-22136","page","type-page","status-publish","hentry"],"acf":[],"yoast_head":"<!-- This site is optimized with the Yoast SEO Premium plugin v27.5 (Yoast SEO v27.5) - https:\/\/yoast.com\/product\/yoast-seo-premium-wordpress\/ -->\n<title>Responsible AI Practice - Lightspeed Systems<\/title>\n<meta name=\"robots\" content=\"index, follow, max-snippet:-1, max-image-preview:large, max-video-preview:-1\" \/>\n<link rel=\"canonical\" href=\"https:\/\/www.lightspeedsystems.com\/es\/responsible-use-of-ai\/\" \/>\n<meta property=\"og:locale\" content=\"es_ES\" \/>\n<meta property=\"og:type\" content=\"article\" \/>\n<meta property=\"og:title\" content=\"Responsible AI Practice\" \/>\n<meta property=\"og:description\" content=\"Download the PDF version of our Responsible AI Practice External Policy Lightspeed Systems Responsible AI Practice Lightspeed Systems is a leading provider of cloud-based solutions for K-12 education, with a [&hellip;]\" \/>\n<meta property=\"og:url\" content=\"https:\/\/www.lightspeedsystems.com\/es\/responsible-use-of-ai\/\" \/>\n<meta property=\"og:site_name\" content=\"Lightspeed Systems\" \/>\n<meta property=\"article:publisher\" content=\"https:\/\/www.facebook.com\/lightspeedsystems\/\" \/>\n<meta property=\"article:modified_time\" content=\"2024-12-11T14:45:11+00:00\" \/>\n<meta name=\"twitter:card\" content=\"summary_large_image\" \/>\n<meta name=\"twitter:site\" content=\"@lightspeedsys\" \/>\n<meta name=\"twitter:label1\" content=\"Est. reading time\" \/>\n\t<meta name=\"twitter:data1\" content=\"6 minutos\" \/>\n<script type=\"application\/ld+json\" class=\"yoast-schema-graph\">{\"@context\":\"https:\\\/\\\/schema.org\",\"@graph\":[{\"@type\":\"WebPage\",\"@id\":\"https:\\\/\\\/www.lightspeedsystems.com\\\/de\\\/responsible-use-of-ai\\\/\",\"url\":\"https:\\\/\\\/www.lightspeedsystems.com\\\/de\\\/responsible-use-of-ai\\\/\",\"name\":\"Responsible AI Practice - Lightspeed Systems\",\"isPartOf\":{\"@id\":\"https:\\\/\\\/www.lightspeedsystems.com\\\/zh\\\/#website\"},\"datePublished\":\"2024-12-11T13:04:42+00:00\",\"dateModified\":\"2024-12-11T14:45:11+00:00\",\"breadcrumb\":{\"@id\":\"https:\\\/\\\/www.lightspeedsystems.com\\\/de\\\/responsible-use-of-ai\\\/#breadcrumb\"},\"inLanguage\":\"es\",\"potentialAction\":[{\"@type\":\"ReadAction\",\"target\":[\"https:\\\/\\\/www.lightspeedsystems.com\\\/de\\\/responsible-use-of-ai\\\/\"]}]},{\"@type\":\"BreadcrumbList\",\"@id\":\"https:\\\/\\\/www.lightspeedsystems.com\\\/de\\\/responsible-use-of-ai\\\/#breadcrumb\",\"itemListElement\":[{\"@type\":\"ListItem\",\"position\":1,\"name\":\"Home\",\"item\":\"https:\\\/\\\/www.lightspeedsystems.com\\\/\"},{\"@type\":\"ListItem\",\"position\":2,\"name\":\"Responsible AI Practice\"}]},{\"@type\":\"WebSite\",\"@id\":\"https:\\\/\\\/www.lightspeedsystems.com\\\/zh\\\/#website\",\"url\":\"https:\\\/\\\/www.lightspeedsystems.com\\\/zh\\\/\",\"name\":\"Lightspeed Systems\",\"description\":\"Helping K-12 communities provide safe, secure, and equitable education\u2014effortlessly.\",\"publisher\":{\"@id\":\"https:\\\/\\\/www.lightspeedsystems.com\\\/zh\\\/#organization\"},\"potentialAction\":[{\"@type\":\"SearchAction\",\"target\":{\"@type\":\"EntryPoint\",\"urlTemplate\":\"https:\\\/\\\/www.lightspeedsystems.com\\\/zh\\\/?s={search_term_string}\"},\"query-input\":{\"@type\":\"PropertyValueSpecification\",\"valueRequired\":true,\"valueName\":\"search_term_string\"}}],\"inLanguage\":\"es\"},{\"@type\":\"Organization\",\"@id\":\"https:\\\/\\\/www.lightspeedsystems.com\\\/zh\\\/#organization\",\"name\":\"Lightspeed Systems\",\"url\":\"https:\\\/\\\/www.lightspeedsystems.com\\\/zh\\\/\",\"logo\":{\"@type\":\"ImageObject\",\"inLanguage\":\"es\",\"@id\":\"https:\\\/\\\/www.lightspeedsystems.com\\\/zh\\\/#\\\/schema\\\/logo\\\/image\\\/\",\"url\":\"https:\\\/\\\/www.lightspeedsystems.com\\\/wp-content\\\/uploads\\\/2024\\\/12\\\/lightspeed_systems_logo.svg\",\"contentUrl\":\"https:\\\/\\\/www.lightspeedsystems.com\\\/wp-content\\\/uploads\\\/2024\\\/12\\\/lightspeed_systems_logo.svg\",\"caption\":\"Lightspeed Systems\"},\"image\":{\"@id\":\"https:\\\/\\\/www.lightspeedsystems.com\\\/zh\\\/#\\\/schema\\\/logo\\\/image\\\/\"},\"sameAs\":[\"https:\\\/\\\/www.facebook.com\\\/lightspeedsystems\\\/\",\"https:\\\/\\\/x.com\\\/lightspeedsys\",\"https:\\\/\\\/www.linkedin.com\\\/company\\\/lightspeed-systems\\\/\"]}]}<\/script>\n<!-- \/ Yoast SEO Premium plugin. -->","yoast_head_json":{"title":"Pr\u00e1ctica responsable de IA - Lightspeed Systems","robots":{"index":"index","follow":"follow","max-snippet":"max-snippet:-1","max-image-preview":"max-image-preview:large","max-video-preview":"max-video-preview:-1"},"canonical":"https:\/\/www.lightspeedsystems.com\/es\/responsible-use-of-ai\/","og_locale":"es_ES","og_type":"article","og_title":"Responsible AI Practice","og_description":"Download the PDF version of our Responsible AI Practice External Policy Lightspeed Systems Responsible AI Practice Lightspeed Systems is a leading provider of cloud-based solutions for K-12 education, with a [&hellip;]","og_url":"https:\/\/www.lightspeedsystems.com\/es\/responsible-use-of-ai\/","og_site_name":"Lightspeed Systems","article_publisher":"https:\/\/www.facebook.com\/lightspeedsystems\/","article_modified_time":"2024-12-11T14:45:11+00:00","twitter_card":"summary_large_image","twitter_site":"@lightspeedsys","twitter_misc":{"Est. reading time":"6 minutos"},"schema":{"@context":"https:\/\/schema.org","@graph":[{"@type":"WebPage","@id":"https:\/\/www.lightspeedsystems.com\/de\/responsible-use-of-ai\/","url":"https:\/\/www.lightspeedsystems.com\/de\/responsible-use-of-ai\/","name":"Pr\u00e1ctica responsable de IA - Lightspeed Systems","isPartOf":{"@id":"https:\/\/www.lightspeedsystems.com\/zh\/#website"},"datePublished":"2024-12-11T13:04:42+00:00","dateModified":"2024-12-11T14:45:11+00:00","breadcrumb":{"@id":"https:\/\/www.lightspeedsystems.com\/de\/responsible-use-of-ai\/#breadcrumb"},"inLanguage":"es","potentialAction":[{"@type":"ReadAction","target":["https:\/\/www.lightspeedsystems.com\/de\/responsible-use-of-ai\/"]}]},{"@type":"BreadcrumbList","@id":"https:\/\/www.lightspeedsystems.com\/de\/responsible-use-of-ai\/#breadcrumb","itemListElement":[{"@type":"ListItem","position":1,"name":"Home","item":"https:\/\/www.lightspeedsystems.com\/"},{"@type":"ListItem","position":2,"name":"Responsible AI Practice"}]},{"@type":"WebSite","@id":"https:\/\/www.lightspeedsystems.com\/zh\/#website","url":"https:\/\/www.lightspeedsystems.com\/zh\/","name":"Sistemas de velocidad de la luz","description":"Ayudamos a las comunidades K-12 a brindar una educaci\u00f3n segura, protegida y equitativa, sin esfuerzo.","publisher":{"@id":"https:\/\/www.lightspeedsystems.com\/zh\/#organization"},"potentialAction":[{"@type":"SearchAction","target":{"@type":"EntryPoint","urlTemplate":"https:\/\/www.lightspeedsystems.com\/zh\/?s={search_term_string}"},"query-input":{"@type":"PropertyValueSpecification","valueRequired":true,"valueName":"search_term_string"}}],"inLanguage":"es"},{"@type":"Organization","@id":"https:\/\/www.lightspeedsystems.com\/zh\/#organization","name":"Sistemas de velocidad de la luz","url":"https:\/\/www.lightspeedsystems.com\/zh\/","logo":{"@type":"ImageObject","inLanguage":"es","@id":"https:\/\/www.lightspeedsystems.com\/zh\/#\/schema\/logo\/image\/","url":"https:\/\/www.lightspeedsystems.com\/wp-content\/uploads\/2024\/12\/lightspeed_systems_logo.svg","contentUrl":"https:\/\/www.lightspeedsystems.com\/wp-content\/uploads\/2024\/12\/lightspeed_systems_logo.svg","caption":"Lightspeed Systems"},"image":{"@id":"https:\/\/www.lightspeedsystems.com\/zh\/#\/schema\/logo\/image\/"},"sameAs":["https:\/\/www.facebook.com\/lightspeedsystems\/","https:\/\/x.com\/lightspeedsys","https:\/\/www.linkedin.com\/company\/lightspeed-systems\/"]}]}},"_links":{"self":[{"href":"https:\/\/www.lightspeedsystems.com\/es\/wp-json\/wp\/v2\/pages\/22136","targetHints":{"allow":["GET"]}}],"collection":[{"href":"https:\/\/www.lightspeedsystems.com\/es\/wp-json\/wp\/v2\/pages"}],"about":[{"href":"https:\/\/www.lightspeedsystems.com\/es\/wp-json\/wp\/v2\/types\/page"}],"author":[{"embeddable":true,"href":"https:\/\/www.lightspeedsystems.com\/es\/wp-json\/wp\/v2\/users\/14"}],"replies":[{"embeddable":true,"href":"https:\/\/www.lightspeedsystems.com\/es\/wp-json\/wp\/v2\/comments?post=22136"}],"version-history":[{"count":0,"href":"https:\/\/www.lightspeedsystems.com\/es\/wp-json\/wp\/v2\/pages\/22136\/revisions"}],"wp:attachment":[{"href":"https:\/\/www.lightspeedsystems.com\/es\/wp-json\/wp\/v2\/media?parent=22136"}],"curies":[{"name":"gracias","href":"https:\/\/api.w.org\/{rel}","templated":true}]}}