{"id":34606,"date":"2025-05-27T09:19:49","date_gmt":"2025-05-27T13:19:49","guid":{"rendered":"https:\/\/www.lightspeedsystems.com\/?page_id=34606"},"modified":"2025-08-06T14:37:44","modified_gmt":"2025-08-06T18:37:44","slug":"saif","status":"publish","type":"page","link":"https:\/\/www.lightspeedsystems.com\/es\/resources\/saif\/","title":{"rendered":"SAIF"},"content":{"rendered":"<div data-elementor-type=\"wp-page\" data-elementor-id=\"34606\" class=\"elementor elementor-34606\" data-elementor-post-type=\"page\">\n\t\t\t\t<div class=\"elementor-element elementor-element-085b06f e-flex e-con-boxed e-con e-parent\" data-id=\"085b06f\" data-element_type=\"container\" data-e-type=\"container\" data-settings=\"{&quot;background_background&quot;:&quot;classic&quot;}\">\n\t\t\t\t\t<div class=\"e-con-inner\">\n\t\t<div class=\"elementor-element elementor-element-1e4a08d e-con-full e-flex e-con e-child\" data-id=\"1e4a08d\" data-element_type=\"container\" data-e-type=\"container\">\n\t\t\t\t<div class=\"elementor-element elementor-element-fdfb962 elementor-widget elementor-widget-text-editor\" data-id=\"fdfb962\" data-element_type=\"widget\" data-e-type=\"widget\" data-widget_type=\"text-editor.default\">\n\t\t\t\t<div class=\"elementor-widget-container\">\n\t\t\t\t\t\t\t\t\t<h2>El Fondo de Seguros de la Alianza Escolar se ha asociado con STOPit Solutions para proteger sus escuelas<\/h2><p class=\"subtext\">El Fondo de Seguros de la Alianza Escolar se ha asociado con StopIt para ofrecer a nuestros distritos miembros una soluci\u00f3n de eficacia comprobada que disuade el comportamiento inapropiado en las escuelas. Nuestra colaboraci\u00f3n permite a sus escuelas implementar la aplicaci\u00f3n m\u00f3vil y la web de StopIt, as\u00ed como StopIt Admin, sin costo alguno.<\/p>\t\t\t\t\t\t\t\t<\/div>\n\t\t\t\t<\/div>\n\t\t\t\t<div class=\"elementor-element elementor-element-01d25a7 elementor-widget__width-initial elementor-widget elementor-widget-button\" data-id=\"01d25a7\" data-element_type=\"widget\" data-e-type=\"widget\" data-widget_type=\"button.default\">\n\t\t\t\t<div class=\"elementor-widget-container\">\n\t\t\t\t\t\t\t\t\t<div class=\"elementor-button-wrapper\">\n\t\t\t\t\t<a class=\"elementor-button elementor-button-link elementor-size-sm\" href=\"https:\/\/www.lightspeedsystems.com\/es\/request-a-demo\/?SHESC\">\n\t\t\t\t\t\t<span class=\"elementor-button-content-wrapper\">\n\t\t\t\t\t\t\t\t\t<span class=\"elementor-button-text\">Programar una demostraci\u00f3n<\/span>\n\t\t\t\t\t<\/span>\n\t\t\t\t\t<\/a>\n\t\t\t\t<\/div>\n\t\t\t\t\t\t\t\t<\/div>\n\t\t\t\t<\/div>\n\t\t\t\t<\/div>\n\t\t<div class=\"elementor-element elementor-element-3708f24 e-con-full e-flex e-con e-child\" data-id=\"3708f24\" data-element_type=\"container\" data-e-type=\"container\">\n\t\t\t\t<div class=\"elementor-element elementor-element-03b7ae3 elementor-widget elementor-widget-image\" data-id=\"03b7ae3\" data-element_type=\"widget\" data-e-type=\"widget\" data-widget_type=\"image.default\">\n\t\t\t\t<div class=\"elementor-widget-container\">\n\t\t\t\t\t\t\t\t\t\t\t\t\t\t\t<img decoding=\"async\" width=\"240\" height=\"95\" src=\"https:\/\/www.lightspeedsystems.com\/wp-content\/uploads\/2025\/05\/saif_logo.gif\" class=\"attachment-large size-large wp-image-34608\" alt=\"\" \/>\t\t\t\t\t\t\t\t\t\t\t\t\t\t\t<\/div>\n\t\t\t\t<\/div>\n\t\t\t\t<\/div>\n\t\t\t\t\t<\/div>\n\t\t\t\t<\/div>\n\t\t<div class=\"elementor-element elementor-element-01a5f1e e-flex e-con-boxed e-con e-parent\" data-id=\"01a5f1e\" data-element_type=\"container\" data-e-type=\"container\">\n\t\t\t\t\t<div class=\"e-con-inner\">\n\t\t\t\t<div class=\"elementor-element elementor-element-c511bd2 elementor-widget elementor-widget-heading\" data-id=\"c511bd2\" data-element_type=\"widget\" data-e-type=\"widget\" data-widget_type=\"heading.default\">\n\t\t\t\t<div class=\"elementor-widget-container\">\n\t\t\t\t\t<h2 class=\"elementor-heading-title elementor-size-default\">Sistema de denuncia an\u00f3nima (ARS)<\/h2>\t\t\t\t<\/div>\n\t\t\t\t<\/div>\n\t\t\t\t\t<\/div>\n\t\t\t\t<\/div>\n\t\t<div class=\"elementor-element elementor-element-e3b3885 e-flex e-con-boxed e-con e-parent\" data-id=\"e3b3885\" data-element_type=\"container\" data-e-type=\"container\">\n\t\t\t\t\t<div class=\"e-con-inner\">\n\t\t<div class=\"elementor-element elementor-element-4efbfad e-con-full e-flex e-con e-child\" data-id=\"4efbfad\" data-element_type=\"container\" data-e-type=\"container\">\n\t\t\t\t<div class=\"elementor-element elementor-element-63dce3b elementor-widget elementor-widget-text-editor\" data-id=\"63dce3b\" data-element_type=\"widget\" data-e-type=\"widget\" data-widget_type=\"text-editor.default\">\n\t\t\t\t<div class=\"elementor-widget-container\">\n\t\t\t\t\t\t\t\t\t<p>El StopIt de la velocidad de la luz\u00a0<strong>Aplicaci\u00f3n m\u00f3vil, aplicaci\u00f3n web<\/strong>, y denuncias an\u00f3nimas <strong>L\u00ednea directa<\/strong>\u00a0Brindamos una forma segura y c\u00f3moda de compartir informaci\u00f3n con usted para que pueda ayudar a los estudiantes y anticiparse a una situaci\u00f3n que pueda salirse de control. Agentes Certificados\u00a0<strong>monitor<\/strong>\u00a0Informes 24\/7\/365 para identificar situaciones de emergencia y escalar el informe a contactos predefinidos en su distrito.<\/p><p><strong>Administrador de StopIt<\/strong>\u00a0Proporciona a los administradores potentes herramientas de investigaci\u00f3n a trav\u00e9s de StopIt Messenger: comunicaci\u00f3n bidireccional con periodistas, alertas en tiempo real, informes de incidentes integrados y contenido de salud mental desarrollado profesionalmente.<\/p><p>La configuraci\u00f3n de StopIt toma menos de 15 minutos. El kit de lanzamiento incluye todo el material necesario para presentar la plataforma a estudiantes, personal y administraci\u00f3n, incluyendo: videos, plantillas de correo electr\u00f3nico, preguntas frecuentes, agendas de asambleas y m\u00e1s.<\/p>\t\t\t\t\t\t\t\t<\/div>\n\t\t\t\t<\/div>\n\t\t\t\t<\/div>\n\t\t<div class=\"elementor-element elementor-element-c525d6f e-con-full e-flex e-con e-child\" data-id=\"c525d6f\" data-element_type=\"container\" data-e-type=\"container\" data-settings=\"{&quot;background_background&quot;:&quot;classic&quot;}\">\n\t\t\t\t<div class=\"elementor-element elementor-element-33f34c0 elementor-widget elementor-widget-text-editor\" data-id=\"33f34c0\" data-element_type=\"widget\" data-e-type=\"widget\" data-widget_type=\"text-editor.default\">\n\t\t\t\t<div class=\"elementor-widget-container\">\n\t\t\t\t\t\t\t\t\t<h6>Lo que informan los estudiantes:<\/h6><ul><li>Bullying \/ Ciberbullying<\/li><li>Mala conducta sexual<\/li><li>Violencia \/ Amenazas<\/li><li>Problemas de seguridad<\/li><li>Posesi\u00f3n de armas<\/li><li>Abuso de drogas y alcohol<\/li><li>Problemas de salud mental<\/li><li>Intolerancia\/Discriminaci\u00f3n<\/li><\/ul>\t\t\t\t\t\t\t\t<\/div>\n\t\t\t\t<\/div>\n\t\t\t\t<\/div>\n\t\t\t\t\t<\/div>\n\t\t\t\t<\/div>\n\t\t<div class=\"elementor-element elementor-element-acb8f7d e-flex e-con-boxed e-con e-parent\" data-id=\"acb8f7d\" data-element_type=\"container\" data-e-type=\"container\">\n\t\t\t\t\t<div class=\"e-con-inner\">\n\t\t\t\t<div class=\"elementor-element elementor-element-c860282 elementor-widget elementor-widget-image\" data-id=\"c860282\" data-element_type=\"widget\" data-e-type=\"widget\" data-widget_type=\"image.default\">\n\t\t\t\t<div class=\"elementor-widget-container\">\n\t\t\t\t\t\t\t\t\t\t\t\t\t\t\t<img fetchpriority=\"high\" decoding=\"async\" width=\"600\" height=\"380\" src=\"https:\/\/www.lightspeedsystems.com\/wp-content\/uploads\/2025\/05\/StopIt-LP-Image.png\" class=\"attachment-large size-large wp-image-34584\" alt=\"\" srcset=\"https:\/\/www.lightspeedsystems.com\/wp-content\/uploads\/2025\/05\/StopIt-LP-Image.png 600w, https:\/\/www.lightspeedsystems.com\/wp-content\/uploads\/2025\/05\/StopIt-LP-Image-300x190.png 300w, https:\/\/www.lightspeedsystems.com\/wp-content\/uploads\/2025\/05\/StopIt-LP-Image-18x12.png 18w\" sizes=\"(max-width: 600px) 100vw, 600px\" \/>\t\t\t\t\t\t\t\t\t\t\t\t\t\t\t<\/div>\n\t\t\t\t<\/div>\n\t\t\t\t\t<\/div>\n\t\t\t\t<\/div>\n\t\t<div class=\"elementor-element elementor-element-a563d4a e-flex e-con-boxed e-con e-parent\" data-id=\"a563d4a\" data-element_type=\"container\" data-e-type=\"container\" data-settings=\"{&quot;background_background&quot;:&quot;classic&quot;}\">\n\t\t\t\t\t<div class=\"e-con-inner\">\n\t\t\t\t<div class=\"elementor-element elementor-element-ea230b6 elementor-widget elementor-widget-heading\" data-id=\"ea230b6\" data-element_type=\"widget\" data-e-type=\"widget\" data-widget_type=\"heading.default\">\n\t\t\t\t<div class=\"elementor-widget-container\">\n\t\t\t\t\t<h2 class=\"elementor-heading-title elementor-size-default\">Qu\u00e9 est\u00e1 incluido<\/h2>\t\t\t\t<\/div>\n\t\t\t\t<\/div>\n\t\t\t\t\t<\/div>\n\t\t\t\t<\/div>\n\t\t<div class=\"elementor-element elementor-element-a0712ad e-flex e-con-boxed e-con e-parent\" data-id=\"a0712ad\" data-element_type=\"container\" data-e-type=\"container\" data-settings=\"{&quot;background_background&quot;:&quot;classic&quot;}\">\n\t\t\t\t\t<div class=\"e-con-inner\">\n\t\t<div class=\"elementor-element elementor-element-51bef45 e-con-full e-flex e-con e-child\" data-id=\"51bef45\" data-element_type=\"container\" data-e-type=\"container\">\n\t\t\t\t<div class=\"elementor-element elementor-element-7474031 elementor-widget elementor-widget-text-editor\" data-id=\"7474031\" data-element_type=\"widget\" data-e-type=\"widget\" data-widget_type=\"text-editor.default\">\n\t\t\t\t<div class=\"elementor-widget-container\">\n\t\t\t\t\t\t\t\t\t<h5 class=\"content\"><strong>Paso 1: Informes<\/strong><\/h5><ul><li>Aplicaci\u00f3n m\u00f3vil, aplicaci\u00f3n web y l\u00ednea directa<\/li><li>Comunicaci\u00f3n an\u00f3nima bidireccional<\/li><li>Obtener recursos de ayuda<\/li><li>Notificaciones de transmisi\u00f3n<\/li><li>Varios idiomas<\/li><\/ul>\t\t\t\t\t\t\t\t<\/div>\n\t\t\t\t<\/div>\n\t\t\t\t<\/div>\n\t\t<div class=\"elementor-element elementor-element-7bdb37f e-con-full e-flex e-con e-child\" data-id=\"7bdb37f\" data-element_type=\"container\" data-e-type=\"container\">\n\t\t\t\t<div class=\"elementor-element elementor-element-63a586b elementor-widget elementor-widget-text-editor\" data-id=\"63a586b\" data-element_type=\"widget\" data-e-type=\"widget\" data-widget_type=\"text-editor.default\">\n\t\t\t\t<div class=\"elementor-widget-container\">\n\t\t\t\t\t\t\t\t\t<h5 class=\"content\"><strong>Monitoreo de incidentes<\/strong><\/h5><ul><li>Monitoreo de incidentes 24\/7\/365<\/li><li>Escaladas de emergencia<\/li><li>Revisado en menos de 2 minutos<\/li><li>Contacto Personal predefinido<\/li><li>M\u00faltiples idiomas<\/li><\/ul>\t\t\t\t\t\t\t\t<\/div>\n\t\t\t\t<\/div>\n\t\t\t\t<\/div>\n\t\t<div class=\"elementor-element elementor-element-bdf10ad e-con-full e-flex e-con e-child\" data-id=\"bdf10ad\" data-element_type=\"container\" data-e-type=\"container\">\n\t\t\t\t<div class=\"elementor-element elementor-element-827be19 elementor-widget elementor-widget-text-editor\" data-id=\"827be19\" data-element_type=\"widget\" data-e-type=\"widget\" data-widget_type=\"text-editor.default\">\n\t\t\t\t<div class=\"elementor-widget-container\">\n\t\t\t\t\t\t\t\t\t<h5 class=\"content\"><strong>Gesti\u00f3n de incidentes<\/strong><\/h5><ul><li>Gesti\u00f3n de casos<\/li><li>Centro SEL<\/li><li>Tareas<\/li><li>Informes y an\u00e1lisis<\/li><li>Alertas<\/li><li>Flujo de trabajo automatizado<\/li><\/ul>\t\t\t\t\t\t\t\t<\/div>\n\t\t\t\t<\/div>\n\t\t\t\t<\/div>\n\t\t\t\t\t<\/div>\n\t\t\t\t<\/div>\n\t\t<div class=\"elementor-element elementor-element-3e85074 e-flex e-con-boxed e-con e-parent\" data-id=\"3e85074\" data-element_type=\"container\" data-e-type=\"container\">\n\t\t\t\t\t<div class=\"e-con-inner\">\n\t\t<div class=\"elementor-element elementor-element-3bb528f e-con-full e-flex e-con e-child\" data-id=\"3bb528f\" data-element_type=\"container\" data-e-type=\"container\">\n\t\t\t\t<div class=\"elementor-element elementor-element-294e9f1 elementor-widget elementor-widget-heading\" data-id=\"294e9f1\" data-element_type=\"widget\" data-e-type=\"widget\" data-widget_type=\"heading.default\">\n\t\t\t\t<div class=\"elementor-widget-container\">\n\t\t\t\t\t<h2 class=\"elementor-heading-title elementor-size-default\">M\u00e1s informaci\u00f3n<\/h2>\t\t\t\t<\/div>\n\t\t\t\t<\/div>\n\t\t\t\t<div class=\"elementor-element elementor-element-6103531 elementor-widget elementor-widget-text-editor\" data-id=\"6103531\" data-element_type=\"widget\" data-e-type=\"widget\" data-widget_type=\"text-editor.default\">\n\t\t\t\t<div class=\"elementor-widget-container\">\n\t\t\t\t\t\t\t\t\t<p>Estaremos encantados de programar una demostraci\u00f3n r\u00e1pida con usted para que pueda ver StopIt en acci\u00f3n y aprender m\u00e1s sobre su organizaci\u00f3n y c\u00f3mo podemos ayudarlo.<\/p><p>Cont\u00e1ctenos a continuaci\u00f3n para hablar con un representante o ver una demostraci\u00f3n en vivo.<\/p><p>Correo electr\u00f3nico: <a href=\"mailto:stopit@lightspeedsystems.com\">stopit@lightspeedsystems.com<\/a><\/p><p>Tel\u00e9fono: 908.748.4500<\/p>\t\t\t\t\t\t\t\t<\/div>\n\t\t\t\t<\/div>\n\t\t\t\t<div class=\"elementor-element elementor-element-e97d03a elementor-widget__width-initial elementor-widget elementor-widget-button\" data-id=\"e97d03a\" data-element_type=\"widget\" data-e-type=\"widget\" data-widget_type=\"button.default\">\n\t\t\t\t<div class=\"elementor-widget-container\">\n\t\t\t\t\t\t\t\t\t<div class=\"elementor-button-wrapper\">\n\t\t\t\t\t<a class=\"elementor-button elementor-button-link elementor-size-sm\" href=\"https:\/\/www.lightspeedsystems.com\/es\/request-a-demo\/?SHESC\" source=\"SHESC\">\n\t\t\t\t\t\t<span class=\"elementor-button-content-wrapper\">\n\t\t\t\t\t\t\t\t\t<span class=\"elementor-button-text\">Reg\u00edstrese para una demostraci\u00f3n de 20 minutos<\/span>\n\t\t\t\t\t<\/span>\n\t\t\t\t\t<\/a>\n\t\t\t\t<\/div>\n\t\t\t\t\t\t\t\t<\/div>\n\t\t\t\t<\/div>\n\t\t\t\t<\/div>\n\t\t\t\t\t<\/div>\n\t\t\t\t<\/div>\n\t\t\t\t<\/div>","protected":false},"excerpt":{"rendered":"<p>Las soluciones Lightspeed garantizan el cumplimiento normativo y la seguridad en todos los distritos escolares de Nueva York. Descubra por qu\u00e9.<\/p>","protected":false},"author":2,"featured_media":0,"parent":22498,"menu_order":0,"comment_status":"closed","ping_status":"closed","template":"","meta":{"_acf_changed":false,"_yoast_wpseo_focuskw":"","_yoast_wpseo_title":"SAIF ARS","_yoast_wpseo_metadesc":"School Alliance Insurance Fund and STOPit provide the Anonymous Reporting System to deter inappropriate behavior in schools.","footnotes":""},"class_list":["post-34606","page","type-page","status-publish","hentry"],"acf":[],"yoast_head":"<!-- This site is optimized with the Yoast SEO Premium plugin v27.1 (Yoast SEO v27.1.1) - https:\/\/yoast.com\/product\/yoast-seo-premium-wordpress\/ -->\n<title>SAIF ARS<\/title>\n<meta name=\"description\" content=\"School Alliance Insurance Fund and STOPit provide the Anonymous Reporting System to deter inappropriate behavior in schools.\" \/>\n<meta name=\"robots\" content=\"index, follow, max-snippet:-1, max-image-preview:large, max-video-preview:-1\" \/>\n<link rel=\"canonical\" href=\"https:\/\/www.lightspeedsystems.com\/es\/resources\/saif\/\" \/>\n<meta property=\"og:locale\" content=\"es_ES\" \/>\n<meta property=\"og:type\" content=\"article\" \/>\n<meta property=\"og:title\" content=\"SAIF\" \/>\n<meta property=\"og:description\" content=\"School Alliance Insurance Fund and STOPit provide the Anonymous Reporting System to deter inappropriate behavior in schools.\" \/>\n<meta property=\"og:url\" content=\"https:\/\/www.lightspeedsystems.com\/es\/resources\/saif\/\" \/>\n<meta property=\"og:site_name\" content=\"Lightspeed Systems\" \/>\n<meta property=\"article:publisher\" content=\"https:\/\/www.facebook.com\/lightspeedsystems\/\" \/>\n<meta property=\"article:modified_time\" content=\"2025-08-06T18:37:44+00:00\" \/>\n<meta property=\"og:image\" content=\"https:\/\/www.lightspeedsystems.com\/wp-content\/uploads\/2025\/05\/saif_logo.gif\" \/>\n<meta name=\"twitter:card\" content=\"summary_large_image\" \/>\n<meta name=\"twitter:site\" content=\"@lightspeedsys\" \/>\n<meta name=\"twitter:label1\" content=\"Est. reading time\" \/>\n\t<meta name=\"twitter:data1\" content=\"2 minutos\" \/>\n<script type=\"application\/ld+json\" class=\"yoast-schema-graph\">{\"@context\":\"https:\/\/schema.org\",\"@graph\":[{\"@type\":\"WebPage\",\"@id\":\"https:\/\/www.lightspeedsystems.com\/en_uk\/resources\/saif\/\",\"url\":\"https:\/\/www.lightspeedsystems.com\/en_uk\/resources\/saif\/\",\"name\":\"SAIF ARS\",\"isPartOf\":{\"@id\":\"https:\/\/www.lightspeedsystems.com\/zh\/#website\"},\"primaryImageOfPage\":{\"@id\":\"https:\/\/www.lightspeedsystems.com\/en_uk\/resources\/saif\/#primaryimage\"},\"image\":{\"@id\":\"https:\/\/www.lightspeedsystems.com\/en_uk\/resources\/saif\/#primaryimage\"},\"thumbnailUrl\":\"https:\/\/www.lightspeedsystems.com\/wp-content\/uploads\/2025\/05\/saif_logo.gif\",\"datePublished\":\"2025-05-27T13:19:49+00:00\",\"dateModified\":\"2025-08-06T18:37:44+00:00\",\"description\":\"School Alliance Insurance Fund and STOPit provide the Anonymous Reporting System to deter inappropriate behavior in schools.\",\"breadcrumb\":{\"@id\":\"https:\/\/www.lightspeedsystems.com\/en_uk\/resources\/saif\/#breadcrumb\"},\"inLanguage\":\"es\",\"potentialAction\":[{\"@type\":\"ReadAction\",\"target\":[\"https:\/\/www.lightspeedsystems.com\/en_uk\/resources\/saif\/\"]}]},{\"@type\":\"ImageObject\",\"inLanguage\":\"es\",\"@id\":\"https:\/\/www.lightspeedsystems.com\/en_uk\/resources\/saif\/#primaryimage\",\"url\":\"https:\/\/www.lightspeedsystems.com\/wp-content\/uploads\/2025\/05\/saif_logo.gif\",\"contentUrl\":\"https:\/\/www.lightspeedsystems.com\/wp-content\/uploads\/2025\/05\/saif_logo.gif\"},{\"@type\":\"BreadcrumbList\",\"@id\":\"https:\/\/www.lightspeedsystems.com\/en_uk\/resources\/saif\/#breadcrumb\",\"itemListElement\":[{\"@type\":\"ListItem\",\"position\":1,\"name\":\"Home\",\"item\":\"https:\/\/www.lightspeedsystems.com\/\"},{\"@type\":\"ListItem\",\"position\":2,\"name\":\"Resources\",\"item\":\"https:\/\/www.lightspeedsystems.com\/resources\/\"},{\"@type\":\"ListItem\",\"position\":3,\"name\":\"App Audit\"}]},{\"@type\":\"WebSite\",\"@id\":\"https:\/\/www.lightspeedsystems.com\/zh\/#website\",\"url\":\"https:\/\/www.lightspeedsystems.com\/zh\/\",\"name\":\"Lightspeed Systems\",\"description\":\"Helping K-12 communities provide safe, secure, and equitable education\u2014effortlessly.\",\"publisher\":{\"@id\":\"https:\/\/www.lightspeedsystems.com\/zh\/#organization\"},\"potentialAction\":[{\"@type\":\"SearchAction\",\"target\":{\"@type\":\"EntryPoint\",\"urlTemplate\":\"https:\/\/www.lightspeedsystems.com\/zh\/?s={search_term_string}\"},\"query-input\":{\"@type\":\"PropertyValueSpecification\",\"valueRequired\":true,\"valueName\":\"search_term_string\"}}],\"inLanguage\":\"es\"},{\"@type\":\"Organization\",\"@id\":\"https:\/\/www.lightspeedsystems.com\/zh\/#organization\",\"name\":\"Lightspeed Systems\",\"url\":\"https:\/\/www.lightspeedsystems.com\/zh\/\",\"logo\":{\"@type\":\"ImageObject\",\"inLanguage\":\"es\",\"@id\":\"https:\/\/www.lightspeedsystems.com\/zh\/#\/schema\/logo\/image\/\",\"url\":\"https:\/\/www.lightspeedsystems.com\/wp-content\/uploads\/2024\/12\/lightspeed_systems_logo.svg\",\"contentUrl\":\"https:\/\/www.lightspeedsystems.com\/wp-content\/uploads\/2024\/12\/lightspeed_systems_logo.svg\",\"caption\":\"Lightspeed Systems\"},\"image\":{\"@id\":\"https:\/\/www.lightspeedsystems.com\/zh\/#\/schema\/logo\/image\/\"},\"sameAs\":[\"https:\/\/www.facebook.com\/lightspeedsystems\/\",\"https:\/\/x.com\/lightspeedsys\",\"https:\/\/www.linkedin.com\/company\/lightspeed-systems\/\"]}]}<\/script>\n<!-- \/ Yoast SEO Premium plugin. -->","yoast_head_json":{"title":"SAIF ARS","description":"El Fondo de Seguro de la Alianza Escolar y STOPit proporcionan el Sistema de Denuncias An\u00f3nimas para disuadir conductas inapropiadas en las escuelas.","robots":{"index":"index","follow":"follow","max-snippet":"max-snippet:-1","max-image-preview":"max-image-preview:large","max-video-preview":"max-video-preview:-1"},"canonical":"https:\/\/www.lightspeedsystems.com\/es\/resources\/saif\/","og_locale":"es_ES","og_type":"article","og_title":"SAIF","og_description":"School Alliance Insurance Fund and STOPit provide the Anonymous Reporting System to deter inappropriate behavior in schools.","og_url":"https:\/\/www.lightspeedsystems.com\/es\/resources\/saif\/","og_site_name":"Lightspeed Systems","article_publisher":"https:\/\/www.facebook.com\/lightspeedsystems\/","article_modified_time":"2025-08-06T18:37:44+00:00","og_image":[{"url":"https:\/\/www.lightspeedsystems.com\/wp-content\/uploads\/2025\/05\/saif_logo.gif","type":"","width":"","height":""}],"twitter_card":"summary_large_image","twitter_site":"@lightspeedsys","twitter_misc":{"Est. reading time":"2 minutos"},"schema":{"@context":"https:\/\/schema.org","@graph":[{"@type":"WebPage","@id":"https:\/\/www.lightspeedsystems.com\/en_uk\/resources\/saif\/","url":"https:\/\/www.lightspeedsystems.com\/en_uk\/resources\/saif\/","name":"SAIF ARS","isPartOf":{"@id":"https:\/\/www.lightspeedsystems.com\/zh\/#website"},"primaryImageOfPage":{"@id":"https:\/\/www.lightspeedsystems.com\/en_uk\/resources\/saif\/#primaryimage"},"image":{"@id":"https:\/\/www.lightspeedsystems.com\/en_uk\/resources\/saif\/#primaryimage"},"thumbnailUrl":"https:\/\/www.lightspeedsystems.com\/wp-content\/uploads\/2025\/05\/saif_logo.gif","datePublished":"2025-05-27T13:19:49+00:00","dateModified":"2025-08-06T18:37:44+00:00","description":"El Fondo de Seguro de la Alianza Escolar y STOPit proporcionan el Sistema de Denuncias An\u00f3nimas para disuadir conductas inapropiadas en las escuelas.","breadcrumb":{"@id":"https:\/\/www.lightspeedsystems.com\/en_uk\/resources\/saif\/#breadcrumb"},"inLanguage":"es","potentialAction":[{"@type":"ReadAction","target":["https:\/\/www.lightspeedsystems.com\/en_uk\/resources\/saif\/"]}]},{"@type":"ImageObject","inLanguage":"es","@id":"https:\/\/www.lightspeedsystems.com\/en_uk\/resources\/saif\/#primaryimage","url":"https:\/\/www.lightspeedsystems.com\/wp-content\/uploads\/2025\/05\/saif_logo.gif","contentUrl":"https:\/\/www.lightspeedsystems.com\/wp-content\/uploads\/2025\/05\/saif_logo.gif"},{"@type":"BreadcrumbList","@id":"https:\/\/www.lightspeedsystems.com\/en_uk\/resources\/saif\/#breadcrumb","itemListElement":[{"@type":"ListItem","position":1,"name":"Home","item":"https:\/\/www.lightspeedsystems.com\/"},{"@type":"ListItem","position":2,"name":"Resources","item":"https:\/\/www.lightspeedsystems.com\/resources\/"},{"@type":"ListItem","position":3,"name":"App Audit"}]},{"@type":"WebSite","@id":"https:\/\/www.lightspeedsystems.com\/zh\/#website","url":"https:\/\/www.lightspeedsystems.com\/zh\/","name":"Sistemas de velocidad de la luz","description":"Ayudamos a las comunidades K-12 a brindar una educaci\u00f3n segura, protegida y equitativa, sin esfuerzo.","publisher":{"@id":"https:\/\/www.lightspeedsystems.com\/zh\/#organization"},"potentialAction":[{"@type":"SearchAction","target":{"@type":"EntryPoint","urlTemplate":"https:\/\/www.lightspeedsystems.com\/zh\/?s={search_term_string}"},"query-input":{"@type":"PropertyValueSpecification","valueRequired":true,"valueName":"search_term_string"}}],"inLanguage":"es"},{"@type":"Organization","@id":"https:\/\/www.lightspeedsystems.com\/zh\/#organization","name":"Sistemas de velocidad de la luz","url":"https:\/\/www.lightspeedsystems.com\/zh\/","logo":{"@type":"ImageObject","inLanguage":"es","@id":"https:\/\/www.lightspeedsystems.com\/zh\/#\/schema\/logo\/image\/","url":"https:\/\/www.lightspeedsystems.com\/wp-content\/uploads\/2024\/12\/lightspeed_systems_logo.svg","contentUrl":"https:\/\/www.lightspeedsystems.com\/wp-content\/uploads\/2024\/12\/lightspeed_systems_logo.svg","caption":"Lightspeed Systems"},"image":{"@id":"https:\/\/www.lightspeedsystems.com\/zh\/#\/schema\/logo\/image\/"},"sameAs":["https:\/\/www.facebook.com\/lightspeedsystems\/","https:\/\/x.com\/lightspeedsys","https:\/\/www.linkedin.com\/company\/lightspeed-systems\/"]}]}},"_links":{"self":[{"href":"https:\/\/www.lightspeedsystems.com\/es\/wp-json\/wp\/v2\/pages\/34606","targetHints":{"allow":["GET"]}}],"collection":[{"href":"https:\/\/www.lightspeedsystems.com\/es\/wp-json\/wp\/v2\/pages"}],"about":[{"href":"https:\/\/www.lightspeedsystems.com\/es\/wp-json\/wp\/v2\/types\/page"}],"author":[{"embeddable":true,"href":"https:\/\/www.lightspeedsystems.com\/es\/wp-json\/wp\/v2\/users\/2"}],"replies":[{"embeddable":true,"href":"https:\/\/www.lightspeedsystems.com\/es\/wp-json\/wp\/v2\/comments?post=34606"}],"version-history":[{"count":0,"href":"https:\/\/www.lightspeedsystems.com\/es\/wp-json\/wp\/v2\/pages\/34606\/revisions"}],"up":[{"embeddable":true,"href":"https:\/\/www.lightspeedsystems.com\/es\/wp-json\/wp\/v2\/pages\/22498"}],"wp:attachment":[{"href":"https:\/\/www.lightspeedsystems.com\/es\/wp-json\/wp\/v2\/media?parent=34606"}],"curies":[{"name":"gracias","href":"https:\/\/api.w.org\/{rel}","templated":true}]}}