{"id":22548,"date":"2024-12-13T14:26:22","date_gmt":"2024-12-13T14:26:22","guid":{"rendered":"https:\/\/www.lightspeedsystems.com\/?page_id=22548"},"modified":"2025-08-06T14:30:30","modified_gmt":"2025-08-06T18:30:30","slug":"lightspeed-vs-alternatives","status":"publish","type":"page","link":"https:\/\/www.lightspeedsystems.com\/fi\/resources\/lightspeed-vs-alternatives\/","title":{"rendered":"Lightspeed vs. vaihtoehdot"},"content":{"rendered":"\t\t<div data-elementor-type=\"wp-page\" data-elementor-id=\"22548\" class=\"elementor elementor-22548\" data-elementor-post-type=\"page\">\n\t\t\t\t<div class=\"elementor-element elementor-element-535dd606 animated-fast e-flex e-con-boxed elementor-invisible e-con e-parent\" data-id=\"535dd606\" data-element_type=\"container\" data-e-type=\"container\" data-settings=\"{&quot;background_background&quot;:&quot;classic&quot;,&quot;animation&quot;:&quot;fadeIn&quot;,&quot;animation_delay&quot;:20}\">\n\t\t\t\t\t<div class=\"e-con-inner\">\n\t\t\t\t<div class=\"elementor-element elementor-element-56a412db elementor-widget elementor-widget-breadcrumbs\" data-id=\"56a412db\" data-element_type=\"widget\" data-e-type=\"widget\" data-widget_type=\"breadcrumbs.default\">\n\t\t\t\t<div class=\"elementor-widget-container\">\n\t\t\t\t\t<p id=\"breadcrumbs\"><span><span><a href=\"https:\/\/www.lightspeedsystems.com\/\">Home<\/a><\/span><\/span><\/p>\t\t\t\t<\/div>\n\t\t\t\t<\/div>\n\t\t<div class=\"elementor-element elementor-element-6935218c e-flex e-con-boxed e-con e-child\" data-id=\"6935218c\" data-element_type=\"container\" data-e-type=\"container\">\n\t\t\t\t\t<div class=\"e-con-inner\">\n\t\t\t\t<div class=\"elementor-element elementor-element-5c3fd010 elementor-widget elementor-widget-heading\" data-id=\"5c3fd010\" data-element_type=\"widget\" data-e-type=\"widget\" data-widget_type=\"heading.default\">\n\t\t\t\t<div class=\"elementor-widget-container\">\n\t\t\t\t\t<h1 class=\"elementor-heading-title elementor-size-default\">How does Lightspeed stack up against its competitors?<\/h1>\t\t\t\t<\/div>\n\t\t\t\t<\/div>\n\t\t\t\t<div class=\"elementor-element elementor-element-7754631e elementor-widget__width-initial elementor-widget elementor-widget-text-editor\" data-id=\"7754631e\" data-element_type=\"widget\" data-e-type=\"widget\" data-widget_type=\"text-editor.default\">\n\t\t\t\t<div class=\"elementor-widget-container\">\n\t\t\t\t\t\t\t\t\t<section class=\"section section__flexible\" data-section=\"How do we stack up against our competitors?\"><div class=\"container\"><div class=\"row row__md\"><div class=\"col__12 col__md col component component__col col__Flexible\"><div class=\"component component__text\"><p>With 25 years in the edtech industry, Lightspeed\u2019s unparalleled expertise in K-12 has helped us develop the most up-to-date enterprise-class software that is easy to implement and even easier to use. Everything your district needs to ensure the safest, most effective online learning experience possible is available in an integrated portfolio, with a single place to sync rosters\/users, one spot to manage multiple needs, and one point of contact to support you throughout your Lightspeed experience.<\/p><\/div><\/div><\/div><\/div><\/section>\t\t\t\t\t\t\t\t<\/div>\n\t\t\t\t<\/div>\n\t\t\t\t\t<\/div>\n\t\t\t\t<\/div>\n\t\t\t\t\t<\/div>\n\t\t\t\t<\/div>\n\t\t<div class=\"elementor-element elementor-element-77b8549 e-con-full e-flex e-con e-parent\" data-id=\"77b8549\" data-element_type=\"container\" data-e-type=\"container\">\n\t\t\t\t<div class=\"elementor-element elementor-element-3a89159 elementor-grid-4 elementor-grid-tablet-2 elementor-grid-mobile-1 elementor-widget elementor-widget-loop-grid\" data-id=\"3a89159\" data-element_type=\"widget\" data-e-type=\"widget\" data-settings=\"{&quot;template_id&quot;:&quot;24706&quot;,&quot;columns&quot;:4,&quot;_skin&quot;:&quot;post&quot;,&quot;columns_tablet&quot;:&quot;2&quot;,&quot;columns_mobile&quot;:&quot;1&quot;,&quot;edit_handle_selector&quot;:&quot;[data-elementor-type=\\&quot;loop-item\\&quot;]&quot;,&quot;row_gap&quot;:{&quot;unit&quot;:&quot;px&quot;,&quot;size&quot;:&quot;&quot;,&quot;sizes&quot;:[]},&quot;row_gap_tablet&quot;:{&quot;unit&quot;:&quot;px&quot;,&quot;size&quot;:&quot;&quot;,&quot;sizes&quot;:[]},&quot;row_gap_mobile&quot;:{&quot;unit&quot;:&quot;px&quot;,&quot;size&quot;:&quot;&quot;,&quot;sizes&quot;:[]}}\" data-widget_type=\"loop-grid.post\">\n\t\t\t\t<div class=\"elementor-widget-container\">\n\t\t\t\t\t\t\t<div class=\"elementor-loop-container elementor-grid\" role=\"list\">\n\t\t<style id=\"loop-24706\">.elementor-24706 .elementor-element.elementor-element-1cbd30b{--display:flex;--flex-direction:column;--container-widget-width:100%;--container-widget-height:initial;--container-widget-flex-grow:0;--container-widget-align-self:initial;--flex-wrap-mobile:wrap;--justify-content:flex-start;}.elementor-24706 .elementor-element.elementor-element-3252336 .elementor-cta__content{min-height:365px;text-align:start;background-color:var( --e-global-color-text );}.elementor-24706 .elementor-element.elementor-element-3252336 .elementor-cta__title{font-family:\"Lato\", Sans-serif;font-size:24px;font-weight:700;line-height:32px;color:#0E1D3D;}.elementor-24706 .elementor-element.elementor-element-3252336 .elementor-cta__description{font-family:\"Lato\", Sans-serif;font-size:15px;font-weight:400;line-height:20px;color:#7083A0;}.elementor-24706 .elementor-element.elementor-element-3252336 .elementor-cta__description:not(:last-child){margin-bottom:25px;}.elementor-24706 .elementor-element.elementor-element-3252336 .elementor-cta:hover .elementor-cta__content{background-color:#F7FBFB;}.elementor-24706 .elementor-element.elementor-element-3252336 .elementor-cta .elementor-cta__bg, .elementor-24706 .elementor-element.elementor-element-3252336 .elementor-cta .elementor-cta__bg-overlay{transition-duration:1500ms;}.elementor-24706 .elementor-element.elementor-element-3252336 > .elementor-widget-container{border-style:solid;border-width:1px 1px 1px 1px;border-color:#E2E2E2;border-radius:10px 10px 10px 10px;}@media(max-width:1210px){.elementor-24706 .elementor-element.elementor-element-1cbd30b{--justify-content:flex-start;}.elementor-24706 .elementor-element.elementor-element-3252336 .elementor-cta__content{min-height:300px;}}@media(max-width:767px){.elementor-24706 .elementor-element.elementor-element-1cbd30b{--justify-content:center;}}\/* Start custom CSS for call-to-action, class: .elementor-element-3252336 *\/.elementor-24706 .elementor-element.elementor-element-3252336 .elementor-cta__button {\n    display: flex;\n    align-items: center;\n    gap: 10px;\n    border: none;\n    background: transparent;\n}\n\n.elementor-24706 .elementor-element.elementor-element-3252336 .elementor-cta__button:hover {\n    color: #009DC0 !important;\n}\n\n\n.elementor-24706 .elementor-element.elementor-element-3252336 .elementor-cta__bg {\n    background-repeat: no-repeat;\n}\n\n.elementor-24706 .elementor-element.elementor-element-3252336 .elementor-cta__bg[aria-label=\"post-thumbnail-overlay\"] {\n    background-size: contain;\n}\n\n.elementor-24706 .elementor-element.elementor-element-3252336 .elementor-cta__bg[aria-label=post-thumbnail-overlay] ~ .elementor-cta__bg-overlay {\n    background: linear-gradient(to bottom, rgba(64, 34, 165, 1), rgba(15, 28, 64, 1));\n    z-index: 0;\n}\n\n.elementor-24706 .elementor-element.elementor-element-3252336 .elementor-cta {\n    height: 100%;\n}\n\n.elementor-24706 .elementor-element.elementor-element-3252336 .elementor-cta .elementor-cta__content {\n    flex-grow: 1;\n}\n@media (max-width: 1210px) {\n    .elementor-24706 .elementor-element.elementor-element-3252336 .elementor-cta__content {\n        padding: 25px;\n    }\n}\/* End custom CSS *\/<\/style>\t\t<div data-elementor-type=\"loop-item\" data-elementor-id=\"24706\" class=\"elementor elementor-24706 e-loop-item e-loop-item-22586 post-22586 page type-page status-publish hentry\" data-elementor-post-type=\"elementor_library\" data-custom-edit-handle=\"1\">\n\t\t\t<div class=\"elementor-element elementor-element-1cbd30b e-flex e-con-boxed e-con e-parent\" data-id=\"1cbd30b\" data-element_type=\"container\" data-e-type=\"container\">\n\t\t\t\t\t<div class=\"e-con-inner\">\n\t\t\t\t<div class=\"elementor-element elementor-element-3252336 elementor-cta--layout-image-above elementor-cta--valign-top elementor-cta--skin-classic elementor-animated-content elementor-widget elementor-widget-call-to-action\" data-id=\"3252336\" data-element_type=\"widget\" data-e-type=\"widget\" data-widget_type=\"call-to-action.default\">\n\t\t\t\t<div class=\"elementor-widget-container\">\n\t\t\t\t\t\t\t<a class=\"elementor-cta\" href=\"https:\/\/www.lightspeedsystems.com\/fi\/resources\/lightspeed-vs-alternatives\/lightspeed-vs-securly\/\">\n\t\t\t\t\t<div class=\"elementor-cta__bg-wrapper\">\n\t\t\t\t<div class=\"elementor-cta__bg elementor-bg\" style=\"background-image: url(https:\/\/www.lightspeedsystems.com\/wp-content\/uploads\/2025\/01\/post-thumbnail-overlay.svg);\" role=\"img\" aria-label=\"post-thumbnail-overlay\"><\/div>\n\t\t\t\t<div class=\"elementor-cta__bg-overlay\"><\/div>\n\t\t\t<\/div>\n\t\t\t\t\t\t\t<div class=\"elementor-cta__content\">\n\t\t\t\t\n\t\t\t\t\t\t\t\t\t<h2 class=\"elementor-cta__title elementor-cta__content-item elementor-content-item\">\n\t\t\t\t\t\tLightspeed Systems vs Securly Filter, Classroom, Reveal, and Auditor\t\t\t\t\t<\/h2>\n\t\t\t\t\n\t\t\t\t\t\t\t\t\t<div class=\"elementor-cta__description elementor-cta__content-item elementor-content-item\">\n\t\t\t\t\t\tLightspeed Systems offers superior web filtering, classroom management, student safety features, and analytics across all OS platforms, surpassing Securly's Chrome-focused solutions for a better\u2026\t\t\t\t\t<\/div>\n\t\t\t\t\n\t\t\t\t\t\t\t<\/div>\n\t\t\t\t\t\t<\/a>\n\t\t\t\t\t\t<\/div>\n\t\t\t\t<\/div>\n\t\t\t\t\t<\/div>\n\t\t\t\t<\/div>\n\t\t\t\t<\/div>\n\t\t\t\t<div data-elementor-type=\"loop-item\" data-elementor-id=\"24706\" class=\"elementor elementor-24706 e-loop-item e-loop-item-22575 post-22575 page type-page status-publish hentry\" data-elementor-post-type=\"elementor_library\" data-custom-edit-handle=\"1\">\n\t\t\t<div class=\"elementor-element elementor-element-1cbd30b e-flex e-con-boxed e-con e-parent\" data-id=\"1cbd30b\" data-element_type=\"container\" data-e-type=\"container\">\n\t\t\t\t\t<div class=\"e-con-inner\">\n\t\t\t\t<div class=\"elementor-element elementor-element-3252336 elementor-cta--layout-image-above elementor-cta--valign-top elementor-cta--skin-classic elementor-animated-content elementor-widget elementor-widget-call-to-action\" data-id=\"3252336\" data-element_type=\"widget\" data-e-type=\"widget\" data-widget_type=\"call-to-action.default\">\n\t\t\t\t<div class=\"elementor-widget-container\">\n\t\t\t\t\t\t\t<a class=\"elementor-cta\" href=\"https:\/\/www.lightspeedsystems.com\/fi\/resources\/lightspeed-vs-alternatives\/lightspeed-vs-linewize\/\">\n\t\t\t\t\t<div class=\"elementor-cta__bg-wrapper\">\n\t\t\t\t<div class=\"elementor-cta__bg elementor-bg\" style=\"background-image: url(https:\/\/www.lightspeedsystems.com\/wp-content\/uploads\/2025\/01\/post-thumbnail-overlay.svg);\" role=\"img\" aria-label=\"post-thumbnail-overlay\"><\/div>\n\t\t\t\t<div class=\"elementor-cta__bg-overlay\"><\/div>\n\t\t\t<\/div>\n\t\t\t\t\t\t\t<div class=\"elementor-cta__content\">\n\t\t\t\t\n\t\t\t\t\t\t\t\t\t<h2 class=\"elementor-cta__title elementor-cta__content-item elementor-content-item\">\n\t\t\t\t\t\tLightspeed Systems vs Linewize Web Filter, Classroom, and Monitor\t\t\t\t\t<\/h2>\n\t\t\t\t\n\t\t\t\t\t\t\t\t\t<div class=\"elementor-cta__description elementor-cta__content-item elementor-content-item\">\n\t\t\t\t\t\tLightspeed Systems\u2019 comprehensive, interoperable solutions offer superior scalability and performance against Linewize\u2019s product suite.\t\t\t\t\t<\/div>\n\t\t\t\t\n\t\t\t\t\t\t\t<\/div>\n\t\t\t\t\t\t<\/a>\n\t\t\t\t\t\t<\/div>\n\t\t\t\t<\/div>\n\t\t\t\t\t<\/div>\n\t\t\t\t<\/div>\n\t\t\t\t<\/div>\n\t\t\t\t<div data-elementor-type=\"loop-item\" data-elementor-id=\"24706\" class=\"elementor elementor-24706 e-loop-item e-loop-item-22568 post-22568 page type-page status-publish hentry\" data-elementor-post-type=\"elementor_library\" data-custom-edit-handle=\"1\">\n\t\t\t<div class=\"elementor-element elementor-element-1cbd30b e-flex e-con-boxed e-con e-parent\" data-id=\"1cbd30b\" data-element_type=\"container\" data-e-type=\"container\">\n\t\t\t\t\t<div class=\"e-con-inner\">\n\t\t\t\t<div class=\"elementor-element elementor-element-3252336 elementor-cta--layout-image-above elementor-cta--valign-top elementor-cta--skin-classic elementor-animated-content elementor-widget elementor-widget-call-to-action\" data-id=\"3252336\" data-element_type=\"widget\" data-e-type=\"widget\" data-widget_type=\"call-to-action.default\">\n\t\t\t\t<div class=\"elementor-widget-container\">\n\t\t\t\t\t\t\t<a class=\"elementor-cta\" href=\"https:\/\/www.lightspeedsystems.com\/fi\/resources\/lightspeed-vs-alternatives\/lightspeed-vs-goguardian\/\">\n\t\t\t\t\t<div class=\"elementor-cta__bg-wrapper\">\n\t\t\t\t<div class=\"elementor-cta__bg elementor-bg\" style=\"background-image: url(https:\/\/www.lightspeedsystems.com\/wp-content\/uploads\/2025\/01\/post-thumbnail-overlay.svg);\" role=\"img\" aria-label=\"post-thumbnail-overlay\"><\/div>\n\t\t\t\t<div class=\"elementor-cta__bg-overlay\"><\/div>\n\t\t\t<\/div>\n\t\t\t\t\t\t\t<div class=\"elementor-cta__content\">\n\t\t\t\t\n\t\t\t\t\t\t\t\t\t<h2 class=\"elementor-cta__title elementor-cta__content-item elementor-content-item\">\n\t\t\t\t\t\tLightspeed Systems vs GoGuardian Admin, Teacher, and Beacon\t\t\t\t\t<\/h2>\n\t\t\t\t\n\t\t\t\t\t\t\t\t\t<div class=\"elementor-cta__description elementor-cta__content-item elementor-content-item\">\n\t\t\t\t\t\tLightspeed Systems provides superior web filtering, classroom management, safety coverage, edtech analytics, and device-level support with a dedicated customer success team for smooth implementation\u2026\t\t\t\t\t<\/div>\n\t\t\t\t\n\t\t\t\t\t\t\t<\/div>\n\t\t\t\t\t\t<\/a>\n\t\t\t\t\t\t<\/div>\n\t\t\t\t<\/div>\n\t\t\t\t\t<\/div>\n\t\t\t\t<\/div>\n\t\t\t\t<\/div>\n\t\t\t\t<div data-elementor-type=\"loop-item\" data-elementor-id=\"24706\" class=\"elementor elementor-24706 e-loop-item e-loop-item-22555 post-22555 page type-page status-publish hentry\" data-elementor-post-type=\"elementor_library\" data-custom-edit-handle=\"1\">\n\t\t\t<div class=\"elementor-element elementor-element-1cbd30b e-flex e-con-boxed e-con e-parent\" data-id=\"1cbd30b\" data-element_type=\"container\" data-e-type=\"container\">\n\t\t\t\t\t<div class=\"e-con-inner\">\n\t\t\t\t<div class=\"elementor-element elementor-element-3252336 elementor-cta--layout-image-above elementor-cta--valign-top elementor-cta--skin-classic elementor-animated-content elementor-widget elementor-widget-call-to-action\" data-id=\"3252336\" data-element_type=\"widget\" data-e-type=\"widget\" data-widget_type=\"call-to-action.default\">\n\t\t\t\t<div class=\"elementor-widget-container\">\n\t\t\t\t\t\t\t<a class=\"elementor-cta\" href=\"https:\/\/www.lightspeedsystems.com\/fi\/resources\/lightspeed-vs-alternatives\/lightspeed-vs-gaggle\/\">\n\t\t\t\t\t<div class=\"elementor-cta__bg-wrapper\">\n\t\t\t\t<div class=\"elementor-cta__bg elementor-bg\" style=\"background-image: url(https:\/\/www.lightspeedsystems.com\/wp-content\/uploads\/2025\/01\/post-thumbnail-overlay.svg);\" role=\"img\" aria-label=\"post-thumbnail-overlay\"><\/div>\n\t\t\t\t<div class=\"elementor-cta__bg-overlay\"><\/div>\n\t\t\t<\/div>\n\t\t\t\t\t\t\t<div class=\"elementor-cta__content\">\n\t\t\t\t\n\t\t\t\t\t\t\t\t\t<h2 class=\"elementor-cta__title elementor-cta__content-item elementor-content-item\">\n\t\t\t\t\t\tLightspeed Systems vs Gaggle Safety Management, Therapy, and SpeakUp\t\t\t\t\t<\/h2>\n\t\t\t\t\n\t\t\t\t\t\t\t\t\t<div class=\"elementor-cta__description elementor-cta__content-item elementor-content-item\">\n\t\t\t\t\t\tSee how Lightspeed Alert\u2019s comprehensive approach to student safety stacks up against Gaggle with broader device-level monitoring capabilities at a lower cost, no hidden setup fees or add-ons.\t\t\t\t\t<\/div>\n\t\t\t\t\n\t\t\t\t\t\t\t<\/div>\n\t\t\t\t\t\t<\/a>\n\t\t\t\t\t\t<\/div>\n\t\t\t\t<\/div>\n\t\t\t\t\t<\/div>\n\t\t\t\t<\/div>\n\t\t\t\t<\/div>\n\t\t\t\t<\/div>\n\t\t\n\t\t\t\t\t\t<\/div>\n\t\t\t\t<\/div>\n\t\t\t\t<\/div>\n\t\t\t\t<\/div>\n\t\t","protected":false},"excerpt":{"rendered":"<p>How does Lightspeed stack up against its competitors? With 25 years in the edtech industry, Lightspeed\u2019s unparalleled expertise in K-12 has helped us develop the most up-to-date enterprise-class software that [&hellip;]<\/p>\n","protected":false},"author":14,"featured_media":0,"parent":22498,"menu_order":0,"comment_status":"closed","ping_status":"closed","template":"","meta":{"_acf_changed":false,"_yoast_wpseo_focuskw":"","_yoast_wpseo_title":"Lightspeed vs. Alternatives and Competitors","_yoast_wpseo_metadesc":"Compare Lightspeed to competitors of classroom management software, web filtering, device management, and more.","footnotes":""},"class_list":["post-22548","page","type-page","status-publish","hentry"],"acf":[],"yoast_head":"<!-- This site is optimized with the Yoast SEO Premium plugin v27.4 (Yoast SEO v27.4) - https:\/\/yoast.com\/product\/yoast-seo-premium-wordpress\/ -->\n<title>Lightspeed vs. Alternatives and Competitors<\/title>\n<meta name=\"description\" content=\"Compare Lightspeed to competitors of classroom management software, web filtering, device management, and more.\" \/>\n<meta name=\"robots\" content=\"index, follow, max-snippet:-1, max-image-preview:large, max-video-preview:-1\" \/>\n<link rel=\"canonical\" href=\"https:\/\/www.lightspeedsystems.com\/fi\/resources\/lightspeed-vs-alternatives\/\" \/>\n<meta property=\"og:locale\" content=\"fi_FI\" \/>\n<meta property=\"og:type\" content=\"article\" \/>\n<meta property=\"og:title\" content=\"Lightspeed vs. Alternatives\" \/>\n<meta property=\"og:description\" content=\"Compare Lightspeed to competitors of classroom management software, web filtering, device management, and more.\" \/>\n<meta property=\"og:url\" content=\"https:\/\/www.lightspeedsystems.com\/fi\/resources\/lightspeed-vs-alternatives\/\" \/>\n<meta property=\"og:site_name\" content=\"Lightspeed Systems\" \/>\n<meta property=\"article:publisher\" content=\"https:\/\/www.facebook.com\/lightspeedsystems\/\" \/>\n<meta property=\"article:modified_time\" content=\"2025-08-06T18:30:30+00:00\" \/>\n<meta name=\"twitter:card\" content=\"summary_large_image\" \/>\n<meta name=\"twitter:site\" content=\"@lightspeedsys\" \/>\n<meta name=\"twitter:label1\" content=\"Est. reading time\" \/>\n\t<meta name=\"twitter:data1\" content=\"1 minuutti\" \/>\n<script type=\"application\/ld+json\" class=\"yoast-schema-graph\">{\"@context\":\"https:\\\/\\\/schema.org\",\"@graph\":[{\"@type\":\"WebPage\",\"@id\":\"https:\\\/\\\/www.lightspeedsystems.com\\\/resources\\\/lightspeed-vs-alternatives\\\/\",\"url\":\"https:\\\/\\\/www.lightspeedsystems.com\\\/resources\\\/lightspeed-vs-alternatives\\\/\",\"name\":\"Lightspeed vs. Alternatives and Competitors\",\"isPartOf\":{\"@id\":\"https:\\\/\\\/www.lightspeedsystems.com\\\/zh\\\/#website\"},\"datePublished\":\"2024-12-13T14:26:22+00:00\",\"dateModified\":\"2025-08-06T18:30:30+00:00\",\"description\":\"Compare Lightspeed to competitors of classroom management software, web filtering, device management, and more.\",\"breadcrumb\":{\"@id\":\"https:\\\/\\\/www.lightspeedsystems.com\\\/resources\\\/lightspeed-vs-alternatives\\\/#breadcrumb\"},\"inLanguage\":\"fi\",\"potentialAction\":[{\"@type\":\"ReadAction\",\"target\":[\"https:\\\/\\\/www.lightspeedsystems.com\\\/resources\\\/lightspeed-vs-alternatives\\\/\"]}]},{\"@type\":\"BreadcrumbList\",\"@id\":\"https:\\\/\\\/www.lightspeedsystems.com\\\/resources\\\/lightspeed-vs-alternatives\\\/#breadcrumb\",\"itemListElement\":[{\"@type\":\"ListItem\",\"position\":1,\"name\":\"Home\",\"item\":\"https:\\\/\\\/www.lightspeedsystems.com\\\/\"},{\"@type\":\"ListItem\",\"position\":2,\"name\":\"Resources\",\"item\":\"https:\\\/\\\/www.lightspeedsystems.com\\\/resources\\\/\"},{\"@type\":\"ListItem\",\"position\":3,\"name\":\"Lightspeed vs. Alternatives\"}]},{\"@type\":\"WebSite\",\"@id\":\"https:\\\/\\\/www.lightspeedsystems.com\\\/zh\\\/#website\",\"url\":\"https:\\\/\\\/www.lightspeedsystems.com\\\/zh\\\/\",\"name\":\"Lightspeed Systems\",\"description\":\"Helping K-12 communities provide safe, secure, and equitable education\u2014effortlessly.\",\"publisher\":{\"@id\":\"https:\\\/\\\/www.lightspeedsystems.com\\\/zh\\\/#organization\"},\"potentialAction\":[{\"@type\":\"SearchAction\",\"target\":{\"@type\":\"EntryPoint\",\"urlTemplate\":\"https:\\\/\\\/www.lightspeedsystems.com\\\/zh\\\/?s={search_term_string}\"},\"query-input\":{\"@type\":\"PropertyValueSpecification\",\"valueRequired\":true,\"valueName\":\"search_term_string\"}}],\"inLanguage\":\"fi\"},{\"@type\":\"Organization\",\"@id\":\"https:\\\/\\\/www.lightspeedsystems.com\\\/zh\\\/#organization\",\"name\":\"Lightspeed Systems\",\"url\":\"https:\\\/\\\/www.lightspeedsystems.com\\\/zh\\\/\",\"logo\":{\"@type\":\"ImageObject\",\"inLanguage\":\"fi\",\"@id\":\"https:\\\/\\\/www.lightspeedsystems.com\\\/zh\\\/#\\\/schema\\\/logo\\\/image\\\/\",\"url\":\"https:\\\/\\\/www.lightspeedsystems.com\\\/wp-content\\\/uploads\\\/2024\\\/12\\\/lightspeed_systems_logo.svg\",\"contentUrl\":\"https:\\\/\\\/www.lightspeedsystems.com\\\/wp-content\\\/uploads\\\/2024\\\/12\\\/lightspeed_systems_logo.svg\",\"caption\":\"Lightspeed Systems\"},\"image\":{\"@id\":\"https:\\\/\\\/www.lightspeedsystems.com\\\/zh\\\/#\\\/schema\\\/logo\\\/image\\\/\"},\"sameAs\":[\"https:\\\/\\\/www.facebook.com\\\/lightspeedsystems\\\/\",\"https:\\\/\\\/x.com\\\/lightspeedsys\",\"https:\\\/\\\/www.linkedin.com\\\/company\\\/lightspeed-systems\\\/\"]}]}<\/script>\n<!-- \/ Yoast SEO Premium plugin. -->","yoast_head_json":{"title":"Lightspeed vs. vaihtoehdot ja kilpailijat","description":"Vertaa Lightspeedi\u00e4 kilpailijoihin luokkahuoneen hallintaohjelmistojen, verkkosuodatuksen, laitehallinnan ja muiden ohjelmien alalla.","robots":{"index":"index","follow":"follow","max-snippet":"max-snippet:-1","max-image-preview":"max-image-preview:large","max-video-preview":"max-video-preview:-1"},"canonical":"https:\/\/www.lightspeedsystems.com\/fi\/resources\/lightspeed-vs-alternatives\/","og_locale":"fi_FI","og_type":"article","og_title":"Lightspeed vs. Alternatives","og_description":"Compare Lightspeed to competitors of classroom management software, web filtering, device management, and more.","og_url":"https:\/\/www.lightspeedsystems.com\/fi\/resources\/lightspeed-vs-alternatives\/","og_site_name":"Lightspeed Systems","article_publisher":"https:\/\/www.facebook.com\/lightspeedsystems\/","article_modified_time":"2025-08-06T18:30:30+00:00","twitter_card":"summary_large_image","twitter_site":"@lightspeedsys","twitter_misc":{"Est. reading time":"1 minuutti"},"schema":{"@context":"https:\/\/schema.org","@graph":[{"@type":"WebPage","@id":"https:\/\/www.lightspeedsystems.com\/resources\/lightspeed-vs-alternatives\/","url":"https:\/\/www.lightspeedsystems.com\/resources\/lightspeed-vs-alternatives\/","name":"Lightspeed vs. vaihtoehdot ja kilpailijat","isPartOf":{"@id":"https:\/\/www.lightspeedsystems.com\/zh\/#website"},"datePublished":"2024-12-13T14:26:22+00:00","dateModified":"2025-08-06T18:30:30+00:00","description":"Vertaa Lightspeedi\u00e4 kilpailijoihin luokkahuoneen hallintaohjelmistojen, verkkosuodatuksen, laitehallinnan ja muiden ohjelmien alalla.","breadcrumb":{"@id":"https:\/\/www.lightspeedsystems.com\/resources\/lightspeed-vs-alternatives\/#breadcrumb"},"inLanguage":"fi","potentialAction":[{"@type":"ReadAction","target":["https:\/\/www.lightspeedsystems.com\/resources\/lightspeed-vs-alternatives\/"]}]},{"@type":"BreadcrumbList","@id":"https:\/\/www.lightspeedsystems.com\/resources\/lightspeed-vs-alternatives\/#breadcrumb","itemListElement":[{"@type":"ListItem","position":1,"name":"Home","item":"https:\/\/www.lightspeedsystems.com\/"},{"@type":"ListItem","position":2,"name":"Resources","item":"https:\/\/www.lightspeedsystems.com\/resources\/"},{"@type":"ListItem","position":3,"name":"Lightspeed vs. Alternatives"}]},{"@type":"WebSite","@id":"https:\/\/www.lightspeedsystems.com\/zh\/#website","url":"https:\/\/www.lightspeedsystems.com\/zh\/","name":"Lightspeed-j\u00e4rjestelm\u00e4t","description":"Autamme perus-oppilasyhteis\u00f6j\u00e4 tarjoamaan turvallisen, suojatun ja tasapuolisen koulutuksen vaivattomasti.","publisher":{"@id":"https:\/\/www.lightspeedsystems.com\/zh\/#organization"},"potentialAction":[{"@type":"SearchAction","target":{"@type":"EntryPoint","urlTemplate":"https:\/\/www.lightspeedsystems.com\/zh\/?s={search_term_string}"},"query-input":{"@type":"PropertyValueSpecification","valueRequired":true,"valueName":"search_term_string"}}],"inLanguage":"fi"},{"@type":"Organization","@id":"https:\/\/www.lightspeedsystems.com\/zh\/#organization","name":"Lightspeed-j\u00e4rjestelm\u00e4t","url":"https:\/\/www.lightspeedsystems.com\/zh\/","logo":{"@type":"ImageObject","inLanguage":"fi","@id":"https:\/\/www.lightspeedsystems.com\/zh\/#\/schema\/logo\/image\/","url":"https:\/\/www.lightspeedsystems.com\/wp-content\/uploads\/2024\/12\/lightspeed_systems_logo.svg","contentUrl":"https:\/\/www.lightspeedsystems.com\/wp-content\/uploads\/2024\/12\/lightspeed_systems_logo.svg","caption":"Lightspeed Systems"},"image":{"@id":"https:\/\/www.lightspeedsystems.com\/zh\/#\/schema\/logo\/image\/"},"sameAs":["https:\/\/www.facebook.com\/lightspeedsystems\/","https:\/\/x.com\/lightspeedsys","https:\/\/www.linkedin.com\/company\/lightspeed-systems\/"]}]}},"_links":{"self":[{"href":"https:\/\/www.lightspeedsystems.com\/fi\/wp-json\/wp\/v2\/pages\/22548","targetHints":{"allow":["GET"]}}],"collection":[{"href":"https:\/\/www.lightspeedsystems.com\/fi\/wp-json\/wp\/v2\/pages"}],"about":[{"href":"https:\/\/www.lightspeedsystems.com\/fi\/wp-json\/wp\/v2\/types\/page"}],"author":[{"embeddable":true,"href":"https:\/\/www.lightspeedsystems.com\/fi\/wp-json\/wp\/v2\/users\/14"}],"replies":[{"embeddable":true,"href":"https:\/\/www.lightspeedsystems.com\/fi\/wp-json\/wp\/v2\/comments?post=22548"}],"version-history":[{"count":0,"href":"https:\/\/www.lightspeedsystems.com\/fi\/wp-json\/wp\/v2\/pages\/22548\/revisions"}],"up":[{"embeddable":true,"href":"https:\/\/www.lightspeedsystems.com\/fi\/wp-json\/wp\/v2\/pages\/22498"}],"wp:attachment":[{"href":"https:\/\/www.lightspeedsystems.com\/fi\/wp-json\/wp\/v2\/media?parent=22548"}],"curies":[{"name":"wp","href":"https:\/\/api.w.org\/{rel}","templated":true}]}}