{"id":31539,"date":"2025-01-20T01:56:31","date_gmt":"2025-01-20T01:56:31","guid":{"rendered":"https:\/\/www.lightspeedsystems.com\/?page_id=31539"},"modified":"2025-01-20T02:00:04","modified_gmt":"2025-01-20T02:00:04","slug":"partner-deal-registration-shi","status":"publish","type":"page","link":"https:\/\/www.lightspeedsystems.com\/fi\/partners\/partner-deal-registration-shi\/","title":{"rendered":"Kumppanisopimuksen rekister\u00f6inti SHI"},"content":{"rendered":"<div data-elementor-type=\"wp-page\" data-elementor-id=\"31539\" class=\"elementor elementor-31539\" data-elementor-post-type=\"page\">\n\t\t\t\t<div class=\"elementor-element elementor-element-62007e4a animated-fast e-flex e-con-boxed elementor-invisible e-con e-parent\" data-id=\"62007e4a\" data-element_type=\"container\" data-e-type=\"container\" data-settings=\"{&quot;background_background&quot;:&quot;classic&quot;,&quot;animation&quot;:&quot;fadeIn&quot;,&quot;animation_delay&quot;:20}\">\n\t\t\t\t\t<div class=\"e-con-inner\">\n\t\t\t\t<div class=\"elementor-element elementor-element-73959adb elementor-widget elementor-widget-breadcrumbs\" data-id=\"73959adb\" data-element_type=\"widget\" data-e-type=\"widget\" data-widget_type=\"breadcrumbs.default\">\n\t\t\t\t<div class=\"elementor-widget-container\">\n\t\t\t\t\t<p id=\"breadcrumbs\"><span><span><a href=\"https:\/\/www.lightspeedsystems.com\/fi\/\">Kotiin<\/a><\/span><\/span><\/p>\t\t\t\t<\/div>\n\t\t\t\t<\/div>\n\t\t<div class=\"elementor-element elementor-element-aedc266 e-flex e-con-boxed e-con e-child\" data-id=\"aedc266\" data-element_type=\"container\" data-e-type=\"container\">\n\t\t\t\t\t<div class=\"e-con-inner\">\n\t\t\t\t<div class=\"elementor-element elementor-element-7bccee15 elementor-widget elementor-widget-heading\" data-id=\"7bccee15\" data-element_type=\"widget\" data-e-type=\"widget\" data-widget_type=\"heading.default\">\n\t\t\t\t<div class=\"elementor-widget-container\">\n\t\t\t\t\t<h1 class=\"elementor-heading-title elementor-size-default\">Kumppanisopimuksen rekister\u00f6inti SHI<\/h1>\t\t\t\t<\/div>\n\t\t\t\t<\/div>\n\t\t\t\t\t<\/div>\n\t\t\t\t<\/div>\n\t\t\t\t\t<\/div>\n\t\t\t\t<\/div>\n\t\t<div class=\"elementor-element elementor-element-47d8603 e-grid e-con-boxed e-con e-parent\" data-id=\"47d8603\" data-element_type=\"container\" data-e-type=\"container\">\n\t\t\t\t\t<div class=\"e-con-inner\">\n\t\t\t\t<div class=\"elementor-element elementor-element-0feefd2 elementor-widget elementor-widget-text-editor\" data-id=\"0feefd2\" data-element_type=\"widget\" data-e-type=\"widget\" data-widget_type=\"text-editor.default\">\n\t\t\t\t<div class=\"elementor-widget-container\">\n\t\t\t\t\t\t\t\t\t<h3>Sovelluksen tarkastuskampanja<\/h3><p>Sopimuksen rekister\u00f6inti on tarkoitettu kumppaneiden suojaamiseen. T\u00e4ll\u00e4 lomakkeella ilmoitamme meille osuudestasi tiliin.<\/p><p>T\u00e4yt\u00e4 t\u00e4m\u00e4 lomake rekister\u00f6id\u00e4ksesi kauppasi; sitten myyntitiimimme tarkistaa sopimuksen ja tilin. Otamme yhteytt\u00e4 keskustellaksemme t\u00e4st\u00e4 mahdollisuudesta ja vahvistaaksemme, onko kaupan rekister\u00f6inti hyv\u00e4ksytty.<\/p><p>Jos sopimus hyv\u00e4ksyt\u00e4\u00e4n, kaupan rekister\u00f6inti on voimassa enint\u00e4\u00e4n 60 p\u00e4iv\u00e4\u00e4. Tilivastaava voi tietyin edellytyksin my\u00f6nt\u00e4\u00e4 pidennyst\u00e4. Siksi jatkuva viestint\u00e4 t\u00e4n\u00e4 aikana on kriittist\u00e4.<\/p><p>Rekister\u00f6innit hyv\u00e4ksyt\u00e4\u00e4n, kun asiakas t\u00e4ytt\u00e4\u00e4 v\u00e4hint\u00e4\u00e4n yhden seuraavista ehdoista:<\/p><ul><li>A) Osallistui webinaariin<\/li><li>B) Osallistui Lunch &amp; Learn -tapahtumaan tai paikan p\u00e4\u00e4ll\u00e4 tapahtuvaan kokoukseen yhdess\u00e4 LS-edustajan kanssa<\/li><li>C) L\u00e4hetti sinulle s\u00e4hk\u00f6postin ja pyysi Lightspeed-tarjousta<\/li><\/ul><p>Kun olet rekister\u00f6inyt sopimuksen, myyntitiimimme j\u00e4sen ottaa sinuun yhteytt\u00e4 ja ilmoittaa, onko rekister\u00f6itymisesi aktiivinen vai onko toinen kumppani jo rekister\u00f6inyt saman sopimuksen.<\/p>\t\t\t\t\t\t\t\t<\/div>\n\t\t\t\t<\/div>\n\t\t<div class=\"elementor-element elementor-element-e6283bc e-con-full e-flex e-con e-child\" data-id=\"e6283bc\" data-element_type=\"container\" data-e-type=\"container\">\n\t\t\t\t<div class=\"elementor-element elementor-element-095bdd0 elementor-widget elementor-widget-html\" data-id=\"095bdd0\" data-element_type=\"widget\" data-e-type=\"widget\" data-widget_type=\"html.default\">\n\t\t\t\t<div class=\"elementor-widget-container\">\n\t\t\t\t\t<div class=\"pricing-form\">\n<script src=\"https:\/\/lightspeedsystems.tfaforms.net\/publish\/14\" data-qp-target-id=\"fa-form\" defer><\/script>\n<div id=\"fa-form\" class=\"formassembly-embed\"><\/div>\n<\/div>\t\t\t\t<\/div>\n\t\t\t\t<\/div>\n\t\t\t\t<\/div>\n\t\t\t\t\t<\/div>\n\t\t\t\t<\/div>\n\t\t\t\t<\/div>","protected":false},"excerpt":{"rendered":"<p>App Audit Campaign Deal registration is intended to protect partners. This form notifies us of your involvement with an account. Fill out this form to register your deal; then our [&hellip;]<\/p>\n","protected":false},"author":2,"featured_media":0,"parent":22896,"menu_order":0,"comment_status":"closed","ping_status":"closed","template":"","meta":{"_acf_changed":false,"_yoast_wpseo_focuskw":"","_yoast_wpseo_title":"","_yoast_wpseo_metadesc":"","footnotes":""},"class_list":["post-31539","page","type-page","status-publish","hentry"],"acf":[],"yoast_head":"<!-- This site is optimized with the Yoast SEO Premium plugin v27.4 (Yoast SEO v27.4) - https:\/\/yoast.com\/product\/yoast-seo-premium-wordpress\/ -->\n<title>Partner Deal Registration SHI - Lightspeed Systems<\/title>\n<meta name=\"robots\" content=\"index, follow, max-snippet:-1, max-image-preview:large, max-video-preview:-1\" \/>\n<link rel=\"canonical\" href=\"https:\/\/www.lightspeedsystems.com\/fi\/partners\/partner-deal-registration-shi\/\" \/>\n<meta property=\"og:locale\" content=\"fi_FI\" \/>\n<meta property=\"og:type\" content=\"article\" \/>\n<meta property=\"og:title\" content=\"Partner Deal Registration SHI\" \/>\n<meta property=\"og:description\" content=\"App Audit Campaign Deal registration is intended to protect partners. This form notifies us of your involvement with an account. Fill out this form to register your deal; then our [&hellip;]\" \/>\n<meta property=\"og:url\" content=\"https:\/\/www.lightspeedsystems.com\/fi\/partners\/partner-deal-registration-shi\/\" \/>\n<meta property=\"og:site_name\" content=\"Lightspeed Systems\" \/>\n<meta property=\"article:publisher\" content=\"https:\/\/www.facebook.com\/lightspeedsystems\/\" \/>\n<meta property=\"article:modified_time\" content=\"2025-01-20T02:00:04+00:00\" \/>\n<meta name=\"twitter:card\" content=\"summary_large_image\" \/>\n<meta name=\"twitter:site\" content=\"@lightspeedsys\" \/>\n<meta name=\"twitter:label1\" content=\"Est. reading time\" \/>\n\t<meta name=\"twitter:data1\" content=\"1 minuutti\" \/>\n<script type=\"application\/ld+json\" class=\"yoast-schema-graph\">{\"@context\":\"https:\\\/\\\/schema.org\",\"@graph\":[{\"@type\":\"WebPage\",\"@id\":\"https:\\\/\\\/www.lightspeedsystems.com\\\/partners\\\/partner-deal-registration-shi\\\/\",\"url\":\"https:\\\/\\\/www.lightspeedsystems.com\\\/partners\\\/partner-deal-registration-shi\\\/\",\"name\":\"Partner Deal Registration SHI - Lightspeed Systems\",\"isPartOf\":{\"@id\":\"https:\\\/\\\/www.lightspeedsystems.com\\\/zh\\\/#website\"},\"datePublished\":\"2025-01-20T01:56:31+00:00\",\"dateModified\":\"2025-01-20T02:00:04+00:00\",\"breadcrumb\":{\"@id\":\"https:\\\/\\\/www.lightspeedsystems.com\\\/partners\\\/partner-deal-registration-shi\\\/#breadcrumb\"},\"inLanguage\":\"fi\",\"potentialAction\":[{\"@type\":\"ReadAction\",\"target\":[\"https:\\\/\\\/www.lightspeedsystems.com\\\/partners\\\/partner-deal-registration-shi\\\/\"]}]},{\"@type\":\"BreadcrumbList\",\"@id\":\"https:\\\/\\\/www.lightspeedsystems.com\\\/partners\\\/partner-deal-registration-shi\\\/#breadcrumb\",\"itemListElement\":[{\"@type\":\"ListItem\",\"position\":1,\"name\":\"Home\",\"item\":\"https:\\\/\\\/www.lightspeedsystems.com\\\/\"},{\"@type\":\"ListItem\",\"position\":2,\"name\":\"Partners\",\"item\":\"https:\\\/\\\/www.lightspeedsystems.com\\\/partners\\\/\"},{\"@type\":\"ListItem\",\"position\":3,\"name\":\"Partner Deal Registration SHI\"}]},{\"@type\":\"WebSite\",\"@id\":\"https:\\\/\\\/www.lightspeedsystems.com\\\/zh\\\/#website\",\"url\":\"https:\\\/\\\/www.lightspeedsystems.com\\\/zh\\\/\",\"name\":\"Lightspeed Systems\",\"description\":\"Helping K-12 communities provide safe, secure, and equitable education\u2014effortlessly.\",\"publisher\":{\"@id\":\"https:\\\/\\\/www.lightspeedsystems.com\\\/zh\\\/#organization\"},\"potentialAction\":[{\"@type\":\"SearchAction\",\"target\":{\"@type\":\"EntryPoint\",\"urlTemplate\":\"https:\\\/\\\/www.lightspeedsystems.com\\\/zh\\\/?s={search_term_string}\"},\"query-input\":{\"@type\":\"PropertyValueSpecification\",\"valueRequired\":true,\"valueName\":\"search_term_string\"}}],\"inLanguage\":\"fi\"},{\"@type\":\"Organization\",\"@id\":\"https:\\\/\\\/www.lightspeedsystems.com\\\/zh\\\/#organization\",\"name\":\"Lightspeed Systems\",\"url\":\"https:\\\/\\\/www.lightspeedsystems.com\\\/zh\\\/\",\"logo\":{\"@type\":\"ImageObject\",\"inLanguage\":\"fi\",\"@id\":\"https:\\\/\\\/www.lightspeedsystems.com\\\/zh\\\/#\\\/schema\\\/logo\\\/image\\\/\",\"url\":\"https:\\\/\\\/www.lightspeedsystems.com\\\/wp-content\\\/uploads\\\/2024\\\/12\\\/lightspeed_systems_logo.svg\",\"contentUrl\":\"https:\\\/\\\/www.lightspeedsystems.com\\\/wp-content\\\/uploads\\\/2024\\\/12\\\/lightspeed_systems_logo.svg\",\"caption\":\"Lightspeed Systems\"},\"image\":{\"@id\":\"https:\\\/\\\/www.lightspeedsystems.com\\\/zh\\\/#\\\/schema\\\/logo\\\/image\\\/\"},\"sameAs\":[\"https:\\\/\\\/www.facebook.com\\\/lightspeedsystems\\\/\",\"https:\\\/\\\/x.com\\\/lightspeedsys\",\"https:\\\/\\\/www.linkedin.com\\\/company\\\/lightspeed-systems\\\/\"]}]}<\/script>\n<!-- \/ Yoast SEO Premium plugin. -->","yoast_head_json":{"title":"Kumppanisopimuksen rekister\u00f6inti SHI - Lightspeed Systems","robots":{"index":"index","follow":"follow","max-snippet":"max-snippet:-1","max-image-preview":"max-image-preview:large","max-video-preview":"max-video-preview:-1"},"canonical":"https:\/\/www.lightspeedsystems.com\/fi\/partners\/partner-deal-registration-shi\/","og_locale":"fi_FI","og_type":"article","og_title":"Partner Deal Registration SHI","og_description":"App Audit Campaign Deal registration is intended to protect partners. This form notifies us of your involvement with an account. Fill out this form to register your deal; then our [&hellip;]","og_url":"https:\/\/www.lightspeedsystems.com\/fi\/partners\/partner-deal-registration-shi\/","og_site_name":"Lightspeed Systems","article_publisher":"https:\/\/www.facebook.com\/lightspeedsystems\/","article_modified_time":"2025-01-20T02:00:04+00:00","twitter_card":"summary_large_image","twitter_site":"@lightspeedsys","twitter_misc":{"Est. reading time":"1 minuutti"},"schema":{"@context":"https:\/\/schema.org","@graph":[{"@type":"WebPage","@id":"https:\/\/www.lightspeedsystems.com\/partners\/partner-deal-registration-shi\/","url":"https:\/\/www.lightspeedsystems.com\/partners\/partner-deal-registration-shi\/","name":"Kumppanisopimuksen rekister\u00f6inti SHI - Lightspeed Systems","isPartOf":{"@id":"https:\/\/www.lightspeedsystems.com\/zh\/#website"},"datePublished":"2025-01-20T01:56:31+00:00","dateModified":"2025-01-20T02:00:04+00:00","breadcrumb":{"@id":"https:\/\/www.lightspeedsystems.com\/partners\/partner-deal-registration-shi\/#breadcrumb"},"inLanguage":"fi","potentialAction":[{"@type":"ReadAction","target":["https:\/\/www.lightspeedsystems.com\/partners\/partner-deal-registration-shi\/"]}]},{"@type":"BreadcrumbList","@id":"https:\/\/www.lightspeedsystems.com\/partners\/partner-deal-registration-shi\/#breadcrumb","itemListElement":[{"@type":"ListItem","position":1,"name":"Home","item":"https:\/\/www.lightspeedsystems.com\/"},{"@type":"ListItem","position":2,"name":"Partners","item":"https:\/\/www.lightspeedsystems.com\/partners\/"},{"@type":"ListItem","position":3,"name":"Partner Deal Registration SHI"}]},{"@type":"WebSite","@id":"https:\/\/www.lightspeedsystems.com\/zh\/#website","url":"https:\/\/www.lightspeedsystems.com\/zh\/","name":"Lightspeed-j\u00e4rjestelm\u00e4t","description":"Autamme perus-oppilasyhteis\u00f6j\u00e4 tarjoamaan turvallisen, suojatun ja tasapuolisen koulutuksen vaivattomasti.","publisher":{"@id":"https:\/\/www.lightspeedsystems.com\/zh\/#organization"},"potentialAction":[{"@type":"SearchAction","target":{"@type":"EntryPoint","urlTemplate":"https:\/\/www.lightspeedsystems.com\/zh\/?s={search_term_string}"},"query-input":{"@type":"PropertyValueSpecification","valueRequired":true,"valueName":"search_term_string"}}],"inLanguage":"fi"},{"@type":"Organization","@id":"https:\/\/www.lightspeedsystems.com\/zh\/#organization","name":"Lightspeed-j\u00e4rjestelm\u00e4t","url":"https:\/\/www.lightspeedsystems.com\/zh\/","logo":{"@type":"ImageObject","inLanguage":"fi","@id":"https:\/\/www.lightspeedsystems.com\/zh\/#\/schema\/logo\/image\/","url":"https:\/\/www.lightspeedsystems.com\/wp-content\/uploads\/2024\/12\/lightspeed_systems_logo.svg","contentUrl":"https:\/\/www.lightspeedsystems.com\/wp-content\/uploads\/2024\/12\/lightspeed_systems_logo.svg","caption":"Lightspeed Systems"},"image":{"@id":"https:\/\/www.lightspeedsystems.com\/zh\/#\/schema\/logo\/image\/"},"sameAs":["https:\/\/www.facebook.com\/lightspeedsystems\/","https:\/\/x.com\/lightspeedsys","https:\/\/www.linkedin.com\/company\/lightspeed-systems\/"]}]}},"_links":{"self":[{"href":"https:\/\/www.lightspeedsystems.com\/fi\/wp-json\/wp\/v2\/pages\/31539","targetHints":{"allow":["GET"]}}],"collection":[{"href":"https:\/\/www.lightspeedsystems.com\/fi\/wp-json\/wp\/v2\/pages"}],"about":[{"href":"https:\/\/www.lightspeedsystems.com\/fi\/wp-json\/wp\/v2\/types\/page"}],"author":[{"embeddable":true,"href":"https:\/\/www.lightspeedsystems.com\/fi\/wp-json\/wp\/v2\/users\/2"}],"replies":[{"embeddable":true,"href":"https:\/\/www.lightspeedsystems.com\/fi\/wp-json\/wp\/v2\/comments?post=31539"}],"version-history":[{"count":0,"href":"https:\/\/www.lightspeedsystems.com\/fi\/wp-json\/wp\/v2\/pages\/31539\/revisions"}],"up":[{"embeddable":true,"href":"https:\/\/www.lightspeedsystems.com\/fi\/wp-json\/wp\/v2\/pages\/22896"}],"wp:attachment":[{"href":"https:\/\/www.lightspeedsystems.com\/fi\/wp-json\/wp\/v2\/media?parent=31539"}],"curies":[{"name":"wp","href":"https:\/\/api.w.org\/{rel}","templated":true}]}}