{"id":34600,"date":"2025-05-27T09:17:26","date_gmt":"2025-05-27T13:17:26","guid":{"rendered":"https:\/\/www.lightspeedsystems.com\/?page_id=34600"},"modified":"2025-08-06T14:35:20","modified_gmt":"2025-08-06T18:35:20","slug":"osig","status":"publish","type":"page","link":"https:\/\/www.lightspeedsystems.com\/fi\/resources\/osig\/","title":{"rendered":"OSIG"},"content":{"rendered":"<div data-elementor-type=\"wp-page\" data-elementor-id=\"34600\" class=\"elementor elementor-34600\" data-elementor-post-type=\"page\">\n\t\t\t\t<div class=\"elementor-element elementor-element-085b06f e-flex e-con-boxed e-con e-parent\" data-id=\"085b06f\" data-element_type=\"container\" data-e-type=\"container\" data-settings=\"{&quot;background_background&quot;:&quot;classic&quot;}\">\n\t\t\t\t\t<div class=\"e-con-inner\">\n\t\t<div class=\"elementor-element elementor-element-1e4a08d e-con-full e-flex e-con e-child\" data-id=\"1e4a08d\" data-element_type=\"container\" data-e-type=\"container\">\n\t\t\t\t<div class=\"elementor-element elementor-element-fdfb962 elementor-widget elementor-widget-text-editor\" data-id=\"fdfb962\" data-element_type=\"widget\" data-e-type=\"widget\" data-widget_type=\"text-editor.default\">\n\t\t\t\t<div class=\"elementor-widget-container\">\n\t\t\t\t\t\t\t\t\t<h2>OSIG on tehnyt yhteisty\u00f6t\u00e4 StopIt Solutionsin kanssa koulusi suojaamiseksi<\/h2><p class=\"subtext\">Oklahoman kouluvakuutusryhm\u00e4 on tehnyt yhteisty\u00f6t\u00e4 STOPitin kanssa tarjotakseen j\u00e4senpiireillemme toimivaksi todistetun ratkaisun, joka ehk\u00e4isee sopimatonta k\u00e4ytt\u00e4ytymist\u00e4 kouluissa. Yhteisty\u00f6kumppanimme avulla koulunne voivat ottaa k\u00e4ytt\u00f6\u00f6n STOPit-mobiilisovelluksen ja -verkkosivuston sek\u00e4 STOPit-hallintapaneelin maksutta. Pyyd\u00e4 lis\u00e4tietoja.<\/p>\t\t\t\t\t\t\t\t<\/div>\n\t\t\t\t<\/div>\n\t\t\t\t<div class=\"elementor-element elementor-element-01d25a7 elementor-widget__width-initial elementor-widget elementor-widget-button\" data-id=\"01d25a7\" data-element_type=\"widget\" data-e-type=\"widget\" data-widget_type=\"button.default\">\n\t\t\t\t<div class=\"elementor-widget-container\">\n\t\t\t\t\t\t\t\t\t<div class=\"elementor-button-wrapper\">\n\t\t\t\t\t<a class=\"elementor-button elementor-button-link elementor-size-sm\" href=\"https:\/\/www.lightspeedsystems.com\/fi\/request-a-demo\/?SHESC\">\n\t\t\t\t\t\t<span class=\"elementor-button-content-wrapper\">\n\t\t\t\t\t\t\t\t\t<span class=\"elementor-button-text\">Varaa esittelyaika<\/span>\n\t\t\t\t\t<\/span>\n\t\t\t\t\t<\/a>\n\t\t\t\t<\/div>\n\t\t\t\t\t\t\t\t<\/div>\n\t\t\t\t<\/div>\n\t\t\t\t<\/div>\n\t\t<div class=\"elementor-element elementor-element-3708f24 e-con-full e-flex e-con e-child\" data-id=\"3708f24\" data-element_type=\"container\" data-e-type=\"container\">\n\t\t\t\t<div class=\"elementor-element elementor-element-03b7ae3 elementor-widget elementor-widget-image\" data-id=\"03b7ae3\" data-element_type=\"widget\" data-e-type=\"widget\" data-widget_type=\"image.default\">\n\t\t\t\t<div class=\"elementor-widget-container\">\n\t\t\t\t\t\t\t\t\t\t\t\t\t\t\t<img fetchpriority=\"high\" decoding=\"async\" width=\"800\" height=\"134\" src=\"https:\/\/www.lightspeedsystems.com\/wp-content\/uploads\/2025\/05\/OSIG-logo-transparent_1-1024x171.png\" class=\"attachment-large size-large wp-image-34602\" alt=\"\" srcset=\"https:\/\/www.lightspeedsystems.com\/wp-content\/uploads\/2025\/05\/OSIG-logo-transparent_1-1024x171.png 1024w, https:\/\/www.lightspeedsystems.com\/wp-content\/uploads\/2025\/05\/OSIG-logo-transparent_1-300x50.png 300w, https:\/\/www.lightspeedsystems.com\/wp-content\/uploads\/2025\/05\/OSIG-logo-transparent_1-768x128.png 768w, https:\/\/www.lightspeedsystems.com\/wp-content\/uploads\/2025\/05\/OSIG-logo-transparent_1-1536x257.png 1536w, https:\/\/www.lightspeedsystems.com\/wp-content\/uploads\/2025\/05\/OSIG-logo-transparent_1-2048x342.png 2048w, https:\/\/www.lightspeedsystems.com\/wp-content\/uploads\/2025\/05\/OSIG-logo-transparent_1-18x3.png 18w\" sizes=\"(max-width: 800px) 100vw, 800px\" \/>\t\t\t\t\t\t\t\t\t\t\t\t\t\t\t<\/div>\n\t\t\t\t<\/div>\n\t\t\t\t<\/div>\n\t\t\t\t\t<\/div>\n\t\t\t\t<\/div>\n\t\t<div class=\"elementor-element elementor-element-01a5f1e e-flex e-con-boxed e-con e-parent\" data-id=\"01a5f1e\" data-element_type=\"container\" data-e-type=\"container\">\n\t\t\t\t\t<div class=\"e-con-inner\">\n\t\t\t\t<div class=\"elementor-element elementor-element-c511bd2 elementor-widget elementor-widget-heading\" data-id=\"c511bd2\" data-element_type=\"widget\" data-e-type=\"widget\" data-widget_type=\"heading.default\">\n\t\t\t\t<div class=\"elementor-widget-container\">\n\t\t\t\t\t<h2 class=\"elementor-heading-title elementor-size-default\">Anonyymi ilmoitusj\u00e4rjestelm\u00e4 (ARS)<\/h2>\t\t\t\t<\/div>\n\t\t\t\t<\/div>\n\t\t\t\t\t<\/div>\n\t\t\t\t<\/div>\n\t\t<div class=\"elementor-element elementor-element-e3b3885 e-flex e-con-boxed e-con e-parent\" data-id=\"e3b3885\" data-element_type=\"container\" data-e-type=\"container\">\n\t\t\t\t\t<div class=\"e-con-inner\">\n\t\t<div class=\"elementor-element elementor-element-4efbfad e-con-full e-flex e-con e-child\" data-id=\"4efbfad\" data-element_type=\"container\" data-e-type=\"container\">\n\t\t\t\t<div class=\"elementor-element elementor-element-63dce3b elementor-widget elementor-widget-text-editor\" data-id=\"63dce3b\" data-element_type=\"widget\" data-e-type=\"widget\" data-widget_type=\"text-editor.default\">\n\t\t\t\t<div class=\"elementor-widget-container\">\n\t\t\t\t\t\t\t\t\t<p>Valonnopeus StopIt\u00a0<strong>Mobiilisovellus, verkkosovellus<\/strong>ja nimett\u00f6m\u00e4t ilmoitukset <strong>Puhelinnumero<\/strong>\u00a0tarjota turvallisen ja mukavan tavan jakaa tietoa kanssasi, jotta voit auttaa opiskelijoita ja ennakoida tilanteen ennen kuin se riist\u00e4ytyy k\u00e4sist\u00e4. Sertifioidut agentit\u00a0<strong>seurata<\/strong>\u00a0raportit 24\/7\/365 h\u00e4t\u00e4tilanteiden tunnistamiseksi ja raporttien siirt\u00e4miseksi ennalta m\u00e4\u00e4ritetyille yhteyshenkil\u00f6ille piirikunnassasi.<\/p><p><strong>StopIt-yll\u00e4pit\u00e4j\u00e4<\/strong>\u00a0tarjoaa yll\u00e4pit\u00e4jille tehokkaita tutkintaty\u00f6kaluja StopIt Messengerin kautta \u2013 kaksisuuntainen viestint\u00e4 toimittajien kanssa; reaaliaikaiset h\u00e4lytykset, sis\u00e4\u00e4nrakennetut tapahtumaraportit; ja ammattimaisesti kehitetty\u00e4 mielenterveyssis\u00e4lt\u00f6\u00e4.<\/p><p>Asennus kest\u00e4\u00e4 alle 15 minuuttia. Launch Kit sis\u00e4lt\u00e4\u00e4 kaikki tarvittavat materiaalit alustan esittelyyn opiskelijoille, henkil\u00f6kunnalle ja hallinnolle, mukaan lukien: videot, s\u00e4hk\u00f6postipohjat, usein kysytyt kysymykset, kokousten esityslistat ja paljon muuta.<\/p>\t\t\t\t\t\t\t\t<\/div>\n\t\t\t\t<\/div>\n\t\t\t\t<\/div>\n\t\t<div class=\"elementor-element elementor-element-c525d6f e-con-full e-flex e-con e-child\" data-id=\"c525d6f\" data-element_type=\"container\" data-e-type=\"container\" data-settings=\"{&quot;background_background&quot;:&quot;classic&quot;}\">\n\t\t\t\t<div class=\"elementor-element elementor-element-33f34c0 elementor-widget elementor-widget-text-editor\" data-id=\"33f34c0\" data-element_type=\"widget\" data-e-type=\"widget\" data-widget_type=\"text-editor.default\">\n\t\t\t\t<div class=\"elementor-widget-container\">\n\t\t\t\t\t\t\t\t\t<h6>Mit\u00e4 opiskelijat raportoivat:<\/h6><ul><li>Kiusaaminen \/ Kyberkiusaaminen<\/li><li>Seksuaalinen v\u00e4\u00e4rink\u00e4yt\u00f6s<\/li><li>V\u00e4kivalta \/ Uhkaukset<\/li><li>Turvallisuusongelmat<\/li><li>Aseiden hallussapito<\/li><li>Huumeiden ja alkoholin v\u00e4\u00e4rink\u00e4ytt\u00f6<\/li><li>Mielenterveysongelmat<\/li><li>Suvaitsemattomuus\/syrjint\u00e4<\/li><\/ul>\t\t\t\t\t\t\t\t<\/div>\n\t\t\t\t<\/div>\n\t\t\t\t<\/div>\n\t\t\t\t\t<\/div>\n\t\t\t\t<\/div>\n\t\t<div class=\"elementor-element elementor-element-acb8f7d e-flex e-con-boxed e-con e-parent\" data-id=\"acb8f7d\" data-element_type=\"container\" data-e-type=\"container\">\n\t\t\t\t\t<div class=\"e-con-inner\">\n\t\t\t\t<div class=\"elementor-element elementor-element-c860282 elementor-widget elementor-widget-image\" data-id=\"c860282\" data-element_type=\"widget\" data-e-type=\"widget\" data-widget_type=\"image.default\">\n\t\t\t\t<div class=\"elementor-widget-container\">\n\t\t\t\t\t\t\t\t\t\t\t\t\t\t\t<img decoding=\"async\" width=\"600\" height=\"380\" src=\"https:\/\/www.lightspeedsystems.com\/wp-content\/uploads\/2025\/05\/StopIt-LP-Image.png\" class=\"attachment-large size-large wp-image-34584\" alt=\"\" srcset=\"https:\/\/www.lightspeedsystems.com\/wp-content\/uploads\/2025\/05\/StopIt-LP-Image.png 600w, https:\/\/www.lightspeedsystems.com\/wp-content\/uploads\/2025\/05\/StopIt-LP-Image-300x190.png 300w, https:\/\/www.lightspeedsystems.com\/wp-content\/uploads\/2025\/05\/StopIt-LP-Image-18x12.png 18w\" sizes=\"(max-width: 600px) 100vw, 600px\" \/>\t\t\t\t\t\t\t\t\t\t\t\t\t\t\t<\/div>\n\t\t\t\t<\/div>\n\t\t\t\t\t<\/div>\n\t\t\t\t<\/div>\n\t\t<div class=\"elementor-element elementor-element-a563d4a e-flex e-con-boxed e-con e-parent\" data-id=\"a563d4a\" data-element_type=\"container\" data-e-type=\"container\" data-settings=\"{&quot;background_background&quot;:&quot;classic&quot;}\">\n\t\t\t\t\t<div class=\"e-con-inner\">\n\t\t\t\t<div class=\"elementor-element elementor-element-ea230b6 elementor-widget elementor-widget-heading\" data-id=\"ea230b6\" data-element_type=\"widget\" data-e-type=\"widget\" data-widget_type=\"heading.default\">\n\t\t\t\t<div class=\"elementor-widget-container\">\n\t\t\t\t\t<h2 class=\"elementor-heading-title elementor-size-default\">Sis\u00e4lt\u00f6<\/h2>\t\t\t\t<\/div>\n\t\t\t\t<\/div>\n\t\t\t\t\t<\/div>\n\t\t\t\t<\/div>\n\t\t<div class=\"elementor-element elementor-element-a0712ad e-flex e-con-boxed e-con e-parent\" data-id=\"a0712ad\" data-element_type=\"container\" data-e-type=\"container\" data-settings=\"{&quot;background_background&quot;:&quot;classic&quot;}\">\n\t\t\t\t\t<div class=\"e-con-inner\">\n\t\t<div class=\"elementor-element elementor-element-51bef45 e-con-full e-flex e-con e-child\" data-id=\"51bef45\" data-element_type=\"container\" data-e-type=\"container\">\n\t\t\t\t<div class=\"elementor-element elementor-element-7474031 elementor-widget elementor-widget-text-editor\" data-id=\"7474031\" data-element_type=\"widget\" data-e-type=\"widget\" data-widget_type=\"text-editor.default\">\n\t\t\t\t<div class=\"elementor-widget-container\">\n\t\t\t\t\t\t\t\t\t<h5 class=\"content\"><strong>Vaihe 1: Raportointi<\/strong><\/h5><ul><li>Mobiilisovellus ja verkkosovellus ja puhelinpalvelu<\/li><li>Kaksisuuntainen anonyymi viestint\u00e4<\/li><li>Hanki apua resursseista<\/li><li>L\u00e4hetysilmoitukset<\/li><li>Useita kieli\u00e4<\/li><\/ul>\t\t\t\t\t\t\t\t<\/div>\n\t\t\t\t<\/div>\n\t\t\t\t<\/div>\n\t\t<div class=\"elementor-element elementor-element-7bdb37f e-con-full e-flex e-con e-child\" data-id=\"7bdb37f\" data-element_type=\"container\" data-e-type=\"container\">\n\t\t\t\t<div class=\"elementor-element elementor-element-63a586b elementor-widget elementor-widget-text-editor\" data-id=\"63a586b\" data-element_type=\"widget\" data-e-type=\"widget\" data-widget_type=\"text-editor.default\">\n\t\t\t\t<div class=\"elementor-widget-container\">\n\t\t\t\t\t\t\t\t\t<h5 class=\"content\"><strong>Tapahtumien seuranta<\/strong><\/h5><ul><li>24\/7\/365 tapahtumien seuranta<\/li><li>H\u00e4t\u00e4tilanteiden eskalointi<\/li><li>Arvosteltu alle kahdessa minuutissa<\/li><li>Yhteystiedot Ennalta m\u00e4\u00e4ritelty henkil\u00f6st\u00f6<\/li><li>Useita kieli\u00e4<\/li><\/ul>\t\t\t\t\t\t\t\t<\/div>\n\t\t\t\t<\/div>\n\t\t\t\t<\/div>\n\t\t<div class=\"elementor-element elementor-element-bdf10ad e-con-full e-flex e-con e-child\" data-id=\"bdf10ad\" data-element_type=\"container\" data-e-type=\"container\">\n\t\t\t\t<div class=\"elementor-element elementor-element-827be19 elementor-widget elementor-widget-text-editor\" data-id=\"827be19\" data-element_type=\"widget\" data-e-type=\"widget\" data-widget_type=\"text-editor.default\">\n\t\t\t\t<div class=\"elementor-widget-container\">\n\t\t\t\t\t\t\t\t\t<h5 class=\"content\"><strong>Tapahtumanhallinta<\/strong><\/h5><ul><li>Tapaustenhallinta<\/li><li>SEL-keskus<\/li><li>Teht\u00e4v\u00e4t<\/li><li>Raportit ja analytiikka<\/li><li>H\u00e4lytykset<\/li><li>Automatisoitu ty\u00f6nkulku<\/li><\/ul>\t\t\t\t\t\t\t\t<\/div>\n\t\t\t\t<\/div>\n\t\t\t\t<\/div>\n\t\t\t\t\t<\/div>\n\t\t\t\t<\/div>\n\t\t<div class=\"elementor-element elementor-element-3e85074 e-flex e-con-boxed e-con e-parent\" data-id=\"3e85074\" data-element_type=\"container\" data-e-type=\"container\">\n\t\t\t\t\t<div class=\"e-con-inner\">\n\t\t<div class=\"elementor-element elementor-element-3bb528f e-con-full e-flex e-con e-child\" data-id=\"3bb528f\" data-element_type=\"container\" data-e-type=\"container\">\n\t\t\t\t<div class=\"elementor-element elementor-element-294e9f1 elementor-widget elementor-widget-heading\" data-id=\"294e9f1\" data-element_type=\"widget\" data-e-type=\"widget\" data-widget_type=\"heading.default\">\n\t\t\t\t<div class=\"elementor-widget-container\">\n\t\t\t\t\t<h2 class=\"elementor-heading-title elementor-size-default\">Lue lis\u00e4\u00e4<\/h2>\t\t\t\t<\/div>\n\t\t\t\t<\/div>\n\t\t\t\t<div class=\"elementor-element elementor-element-6103531 elementor-widget elementor-widget-text-editor\" data-id=\"6103531\" data-element_type=\"widget\" data-e-type=\"widget\" data-widget_type=\"text-editor.default\">\n\t\t\t\t<div class=\"elementor-widget-container\">\n\t\t\t\t\t\t\t\t\t<p>Varaamme mielell\u00e4mme lyhyen demon kanssasi, jotta voit n\u00e4hd\u00e4 StopItin toiminnassa ja oppia lis\u00e4\u00e4 organisaatiostasi ja siit\u00e4, miten voimme auttaa sinua.<\/p><p>Ota meihin yhteytt\u00e4 alla olevilla tavoilla keskustellaksesi edustajan kanssa tai n\u00e4hd\u00e4ksesi live-esittelyn.<\/p><p>S\u00e4hk\u00f6posti: <a href=\"mailto:stopit@lightspeedsystems.com\">stopit@lightspeedsystems.com<\/a><\/p><p>Puhelin: 908.748.4500<\/p>\t\t\t\t\t\t\t\t<\/div>\n\t\t\t\t<\/div>\n\t\t\t\t<div class=\"elementor-element elementor-element-e97d03a elementor-widget__width-initial elementor-widget elementor-widget-button\" data-id=\"e97d03a\" data-element_type=\"widget\" data-e-type=\"widget\" data-widget_type=\"button.default\">\n\t\t\t\t<div class=\"elementor-widget-container\">\n\t\t\t\t\t\t\t\t\t<div class=\"elementor-button-wrapper\">\n\t\t\t\t\t<a class=\"elementor-button elementor-button-link elementor-size-sm\" href=\"https:\/\/www.lightspeedsystems.com\/fi\/request-a-demo\/?SHESC\" source=\"SHESC\">\n\t\t\t\t\t\t<span class=\"elementor-button-content-wrapper\">\n\t\t\t\t\t\t\t\t\t<span class=\"elementor-button-text\">Ilmoittaudu 20 minuutin demoon<\/span>\n\t\t\t\t\t<\/span>\n\t\t\t\t\t<\/a>\n\t\t\t\t<\/div>\n\t\t\t\t\t\t\t\t<\/div>\n\t\t\t\t<\/div>\n\t\t\t\t<\/div>\n\t\t\t\t\t<\/div>\n\t\t\t\t<\/div>\n\t\t\t\t<\/div>","protected":false},"excerpt":{"rendered":"<p>Lightspeed-ratkaisut takaavat vaatimustenmukaisuuden ja turvallisuuden New Yorkin koulupiireiss\u00e4. Katso miksi.<\/p>","protected":false},"author":2,"featured_media":0,"parent":22498,"menu_order":0,"comment_status":"closed","ping_status":"closed","template":"","meta":{"_acf_changed":false,"_yoast_wpseo_focuskw":"","_yoast_wpseo_title":"OSIG ARS","_yoast_wpseo_metadesc":"STOPit and OSIG provide the Anonymous Reporting System to deter inappropriate behavior in schools.","footnotes":""},"class_list":["post-34600","page","type-page","status-publish","hentry"],"acf":[],"yoast_head":"<!-- This site is optimized with the Yoast SEO Premium plugin v27.1 (Yoast SEO v27.1.1) - https:\/\/yoast.com\/product\/yoast-seo-premium-wordpress\/ -->\n<title>OSIG ARS<\/title>\n<meta name=\"description\" content=\"STOPit and OSIG provide the Anonymous Reporting System to deter inappropriate behavior in schools.\" \/>\n<meta name=\"robots\" content=\"index, follow, max-snippet:-1, max-image-preview:large, max-video-preview:-1\" \/>\n<link rel=\"canonical\" href=\"https:\/\/www.lightspeedsystems.com\/fi\/resources\/osig\/\" \/>\n<meta property=\"og:locale\" content=\"fi_FI\" \/>\n<meta property=\"og:type\" content=\"article\" \/>\n<meta property=\"og:title\" content=\"OSIG\" \/>\n<meta property=\"og:description\" content=\"STOPit and OSIG provide the Anonymous Reporting System to deter inappropriate behavior in schools.\" \/>\n<meta property=\"og:url\" content=\"https:\/\/www.lightspeedsystems.com\/fi\/resources\/osig\/\" \/>\n<meta property=\"og:site_name\" content=\"Lightspeed Systems\" \/>\n<meta property=\"article:publisher\" content=\"https:\/\/www.facebook.com\/lightspeedsystems\/\" \/>\n<meta property=\"article:modified_time\" content=\"2025-08-06T18:35:20+00:00\" \/>\n<meta property=\"og:image\" content=\"https:\/\/www.lightspeedsystems.com\/wp-content\/uploads\/2025\/05\/OSIG-logo-transparent_1-1024x171.png\" \/>\n<meta name=\"twitter:card\" content=\"summary_large_image\" \/>\n<meta name=\"twitter:site\" content=\"@lightspeedsys\" \/>\n<meta name=\"twitter:label1\" content=\"Est. reading time\" \/>\n\t<meta name=\"twitter:data1\" content=\"2 minuuttia\" \/>\n<script type=\"application\/ld+json\" class=\"yoast-schema-graph\">{\"@context\":\"https:\/\/schema.org\",\"@graph\":[{\"@type\":\"WebPage\",\"@id\":\"https:\/\/www.lightspeedsystems.com\/resources\/osig\/\",\"url\":\"https:\/\/www.lightspeedsystems.com\/resources\/osig\/\",\"name\":\"OSIG ARS\",\"isPartOf\":{\"@id\":\"https:\/\/www.lightspeedsystems.com\/zh\/#website\"},\"primaryImageOfPage\":{\"@id\":\"https:\/\/www.lightspeedsystems.com\/resources\/osig\/#primaryimage\"},\"image\":{\"@id\":\"https:\/\/www.lightspeedsystems.com\/resources\/osig\/#primaryimage\"},\"thumbnailUrl\":\"https:\/\/www.lightspeedsystems.com\/wp-content\/uploads\/2025\/05\/OSIG-logo-transparent_1-1024x171.png\",\"datePublished\":\"2025-05-27T13:17:26+00:00\",\"dateModified\":\"2025-08-06T18:35:20+00:00\",\"description\":\"STOPit and OSIG provide the Anonymous Reporting System to deter inappropriate behavior in schools.\",\"breadcrumb\":{\"@id\":\"https:\/\/www.lightspeedsystems.com\/resources\/osig\/#breadcrumb\"},\"inLanguage\":\"fi\",\"potentialAction\":[{\"@type\":\"ReadAction\",\"target\":[\"https:\/\/www.lightspeedsystems.com\/resources\/osig\/\"]}]},{\"@type\":\"ImageObject\",\"inLanguage\":\"fi\",\"@id\":\"https:\/\/www.lightspeedsystems.com\/resources\/osig\/#primaryimage\",\"url\":\"https:\/\/www.lightspeedsystems.com\/wp-content\/uploads\/2025\/05\/OSIG-logo-transparent_1-1024x171.png\",\"contentUrl\":\"https:\/\/www.lightspeedsystems.com\/wp-content\/uploads\/2025\/05\/OSIG-logo-transparent_1-1024x171.png\"},{\"@type\":\"BreadcrumbList\",\"@id\":\"https:\/\/www.lightspeedsystems.com\/resources\/osig\/#breadcrumb\",\"itemListElement\":[{\"@type\":\"ListItem\",\"position\":1,\"name\":\"Home\",\"item\":\"https:\/\/www.lightspeedsystems.com\/\"},{\"@type\":\"ListItem\",\"position\":2,\"name\":\"Resources\",\"item\":\"https:\/\/www.lightspeedsystems.com\/resources\/\"},{\"@type\":\"ListItem\",\"position\":3,\"name\":\"App Audit\"}]},{\"@type\":\"WebSite\",\"@id\":\"https:\/\/www.lightspeedsystems.com\/zh\/#website\",\"url\":\"https:\/\/www.lightspeedsystems.com\/zh\/\",\"name\":\"Lightspeed Systems\",\"description\":\"Helping K-12 communities provide safe, secure, and equitable education\u2014effortlessly.\",\"publisher\":{\"@id\":\"https:\/\/www.lightspeedsystems.com\/zh\/#organization\"},\"potentialAction\":[{\"@type\":\"SearchAction\",\"target\":{\"@type\":\"EntryPoint\",\"urlTemplate\":\"https:\/\/www.lightspeedsystems.com\/zh\/?s={search_term_string}\"},\"query-input\":{\"@type\":\"PropertyValueSpecification\",\"valueRequired\":true,\"valueName\":\"search_term_string\"}}],\"inLanguage\":\"fi\"},{\"@type\":\"Organization\",\"@id\":\"https:\/\/www.lightspeedsystems.com\/zh\/#organization\",\"name\":\"Lightspeed Systems\",\"url\":\"https:\/\/www.lightspeedsystems.com\/zh\/\",\"logo\":{\"@type\":\"ImageObject\",\"inLanguage\":\"fi\",\"@id\":\"https:\/\/www.lightspeedsystems.com\/zh\/#\/schema\/logo\/image\/\",\"url\":\"https:\/\/www.lightspeedsystems.com\/wp-content\/uploads\/2024\/12\/lightspeed_systems_logo.svg\",\"contentUrl\":\"https:\/\/www.lightspeedsystems.com\/wp-content\/uploads\/2024\/12\/lightspeed_systems_logo.svg\",\"caption\":\"Lightspeed Systems\"},\"image\":{\"@id\":\"https:\/\/www.lightspeedsystems.com\/zh\/#\/schema\/logo\/image\/\"},\"sameAs\":[\"https:\/\/www.facebook.com\/lightspeedsystems\/\",\"https:\/\/x.com\/lightspeedsys\",\"https:\/\/www.linkedin.com\/company\/lightspeed-systems\/\"]}]}<\/script>\n<!-- \/ Yoast SEO Premium plugin. -->","yoast_head_json":{"title":"OSIG ARS","description":"STOPit ja OSIG tarjoavat anonyymin ilmoitusj\u00e4rjestelm\u00e4n sopimattoman k\u00e4ytt\u00e4ytymisen est\u00e4miseksi kouluissa.","robots":{"index":"index","follow":"follow","max-snippet":"max-snippet:-1","max-image-preview":"max-image-preview:large","max-video-preview":"max-video-preview:-1"},"canonical":"https:\/\/www.lightspeedsystems.com\/fi\/resources\/osig\/","og_locale":"fi_FI","og_type":"article","og_title":"OSIG","og_description":"STOPit and OSIG provide the Anonymous Reporting System to deter inappropriate behavior in schools.","og_url":"https:\/\/www.lightspeedsystems.com\/fi\/resources\/osig\/","og_site_name":"Lightspeed Systems","article_publisher":"https:\/\/www.facebook.com\/lightspeedsystems\/","article_modified_time":"2025-08-06T18:35:20+00:00","og_image":[{"url":"https:\/\/www.lightspeedsystems.com\/wp-content\/uploads\/2025\/05\/OSIG-logo-transparent_1-1024x171.png","type":"","width":"","height":""}],"twitter_card":"summary_large_image","twitter_site":"@lightspeedsys","twitter_misc":{"Est. reading time":"2 minuuttia"},"schema":{"@context":"https:\/\/schema.org","@graph":[{"@type":"WebPage","@id":"https:\/\/www.lightspeedsystems.com\/resources\/osig\/","url":"https:\/\/www.lightspeedsystems.com\/resources\/osig\/","name":"OSIG ARS","isPartOf":{"@id":"https:\/\/www.lightspeedsystems.com\/zh\/#website"},"primaryImageOfPage":{"@id":"https:\/\/www.lightspeedsystems.com\/resources\/osig\/#primaryimage"},"image":{"@id":"https:\/\/www.lightspeedsystems.com\/resources\/osig\/#primaryimage"},"thumbnailUrl":"https:\/\/www.lightspeedsystems.com\/wp-content\/uploads\/2025\/05\/OSIG-logo-transparent_1-1024x171.png","datePublished":"2025-05-27T13:17:26+00:00","dateModified":"2025-08-06T18:35:20+00:00","description":"STOPit ja OSIG tarjoavat anonyymin ilmoitusj\u00e4rjestelm\u00e4n sopimattoman k\u00e4ytt\u00e4ytymisen est\u00e4miseksi kouluissa.","breadcrumb":{"@id":"https:\/\/www.lightspeedsystems.com\/resources\/osig\/#breadcrumb"},"inLanguage":"fi","potentialAction":[{"@type":"ReadAction","target":["https:\/\/www.lightspeedsystems.com\/resources\/osig\/"]}]},{"@type":"ImageObject","inLanguage":"fi","@id":"https:\/\/www.lightspeedsystems.com\/resources\/osig\/#primaryimage","url":"https:\/\/www.lightspeedsystems.com\/wp-content\/uploads\/2025\/05\/OSIG-logo-transparent_1-1024x171.png","contentUrl":"https:\/\/www.lightspeedsystems.com\/wp-content\/uploads\/2025\/05\/OSIG-logo-transparent_1-1024x171.png"},{"@type":"BreadcrumbList","@id":"https:\/\/www.lightspeedsystems.com\/resources\/osig\/#breadcrumb","itemListElement":[{"@type":"ListItem","position":1,"name":"Home","item":"https:\/\/www.lightspeedsystems.com\/"},{"@type":"ListItem","position":2,"name":"Resources","item":"https:\/\/www.lightspeedsystems.com\/resources\/"},{"@type":"ListItem","position":3,"name":"App Audit"}]},{"@type":"WebSite","@id":"https:\/\/www.lightspeedsystems.com\/zh\/#website","url":"https:\/\/www.lightspeedsystems.com\/zh\/","name":"Lightspeed-j\u00e4rjestelm\u00e4t","description":"Autamme perus-oppilasyhteis\u00f6j\u00e4 tarjoamaan turvallisen, suojatun ja tasapuolisen koulutuksen vaivattomasti.","publisher":{"@id":"https:\/\/www.lightspeedsystems.com\/zh\/#organization"},"potentialAction":[{"@type":"SearchAction","target":{"@type":"EntryPoint","urlTemplate":"https:\/\/www.lightspeedsystems.com\/zh\/?s={search_term_string}"},"query-input":{"@type":"PropertyValueSpecification","valueRequired":true,"valueName":"search_term_string"}}],"inLanguage":"fi"},{"@type":"Organization","@id":"https:\/\/www.lightspeedsystems.com\/zh\/#organization","name":"Lightspeed-j\u00e4rjestelm\u00e4t","url":"https:\/\/www.lightspeedsystems.com\/zh\/","logo":{"@type":"ImageObject","inLanguage":"fi","@id":"https:\/\/www.lightspeedsystems.com\/zh\/#\/schema\/logo\/image\/","url":"https:\/\/www.lightspeedsystems.com\/wp-content\/uploads\/2024\/12\/lightspeed_systems_logo.svg","contentUrl":"https:\/\/www.lightspeedsystems.com\/wp-content\/uploads\/2024\/12\/lightspeed_systems_logo.svg","caption":"Lightspeed Systems"},"image":{"@id":"https:\/\/www.lightspeedsystems.com\/zh\/#\/schema\/logo\/image\/"},"sameAs":["https:\/\/www.facebook.com\/lightspeedsystems\/","https:\/\/x.com\/lightspeedsys","https:\/\/www.linkedin.com\/company\/lightspeed-systems\/"]}]}},"_links":{"self":[{"href":"https:\/\/www.lightspeedsystems.com\/fi\/wp-json\/wp\/v2\/pages\/34600","targetHints":{"allow":["GET"]}}],"collection":[{"href":"https:\/\/www.lightspeedsystems.com\/fi\/wp-json\/wp\/v2\/pages"}],"about":[{"href":"https:\/\/www.lightspeedsystems.com\/fi\/wp-json\/wp\/v2\/types\/page"}],"author":[{"embeddable":true,"href":"https:\/\/www.lightspeedsystems.com\/fi\/wp-json\/wp\/v2\/users\/2"}],"replies":[{"embeddable":true,"href":"https:\/\/www.lightspeedsystems.com\/fi\/wp-json\/wp\/v2\/comments?post=34600"}],"version-history":[{"count":0,"href":"https:\/\/www.lightspeedsystems.com\/fi\/wp-json\/wp\/v2\/pages\/34600\/revisions"}],"up":[{"embeddable":true,"href":"https:\/\/www.lightspeedsystems.com\/fi\/wp-json\/wp\/v2\/pages\/22498"}],"wp:attachment":[{"href":"https:\/\/www.lightspeedsystems.com\/fi\/wp-json\/wp\/v2\/media?parent=34600"}],"curies":[{"name":"wp","href":"https:\/\/api.w.org\/{rel}","templated":true}]}}