{"id":22914,"date":"2024-12-18T14:06:11","date_gmt":"2024-12-18T14:06:11","guid":{"rendered":"https:\/\/www.lightspeedsystems.com\/?page_id=22914"},"modified":"2025-01-16T16:02:14","modified_gmt":"2025-01-16T16:02:14","slug":"coconnect-partnership","status":"publish","type":"page","link":"https:\/\/www.lightspeedsystems.com\/fr\/partners\/coconnect-partnership\/","title":{"rendered":"Partenariat CoConnect"},"content":{"rendered":"<div data-elementor-type=\"wp-page\" data-elementor-id=\"22914\" class=\"elementor elementor-22914\" data-elementor-post-type=\"page\">\n\t\t\t\t<div class=\"elementor-element elementor-element-8e78605 animated-fast e-flex e-con-boxed elementor-invisible e-con e-parent\" data-id=\"8e78605\" data-element_type=\"container\" data-e-type=\"container\" data-settings=\"{&quot;background_background&quot;:&quot;classic&quot;,&quot;animation&quot;:&quot;fadeIn&quot;,&quot;animation_delay&quot;:20}\">\n\t\t\t\t\t<div class=\"e-con-inner\">\n\t\t\t\t<div class=\"elementor-element elementor-element-1c243685 elementor-widget elementor-widget-breadcrumbs\" data-id=\"1c243685\" data-element_type=\"widget\" data-e-type=\"widget\" data-widget_type=\"breadcrumbs.default\">\n\t\t\t\t<div class=\"elementor-widget-container\">\n\t\t\t\t\t<p id=\"breadcrumbs\"><span><span><a href=\"https:\/\/www.lightspeedsystems.com\/fr\/\">Maison<\/a><\/span><\/span><\/p>\t\t\t\t<\/div>\n\t\t\t\t<\/div>\n\t\t<div class=\"elementor-element elementor-element-1da19c3c e-flex e-con-boxed e-con e-child\" data-id=\"1da19c3c\" data-element_type=\"container\" data-e-type=\"container\">\n\t\t\t\t\t<div class=\"e-con-inner\">\n\t\t\t\t<div class=\"elementor-element elementor-element-2f63dc9e elementor-widget elementor-widget-heading\" data-id=\"2f63dc9e\" data-element_type=\"widget\" data-e-type=\"widget\" data-widget_type=\"heading.default\">\n\t\t\t\t<div class=\"elementor-widget-container\">\n\t\t\t\t\t<h1 class=\"elementor-heading-title elementor-size-default\">Partenariat CoConnect<\/h1>\t\t\t\t<\/div>\n\t\t\t\t<\/div>\n\t\t\t\t\t<\/div>\n\t\t\t\t<\/div>\n\t\t\t\t\t<\/div>\n\t\t\t\t<\/div>\n\t\t<div class=\"elementor-element elementor-element-8b4e925 e-flex e-con-boxed e-con e-parent\" data-id=\"8b4e925\" data-element_type=\"container\" data-e-type=\"container\">\n\t\t\t\t\t<div class=\"e-con-inner\">\n\t\t\t\t<div class=\"elementor-element elementor-element-87d8ad9 elementor-widget elementor-widget-text-editor\" data-id=\"87d8ad9\" data-element_type=\"widget\" data-e-type=\"widget\" data-widget_type=\"text-editor.default\">\n\t\t\t\t<div class=\"elementor-widget-container\">\n\t\t\t\t\t\t\t\t\t<p><b>Lightspeed Systems s&#039;associe \u00e0 CoConnect pour am\u00e9liorer la s\u00e9curit\u00e9 num\u00e9rique et la connectivit\u00e9 dans l&#039;\u00e9ducation<\/b>\u00a0<\/p><p>Nous sommes ravis d&#039;annoncer un nouveau partenariat passionnant entre Lightspeed Systems et CoConnect, con\u00e7u pour am\u00e9liorer consid\u00e9rablement la s\u00e9curit\u00e9 et la connectivit\u00e9 en ligne des \u00e9coles du Royaume-Uni. Cette collaboration associe les solutions de s\u00e9curit\u00e9 num\u00e9rique avanc\u00e9es de Lightspeed Systems \u00e0 la vaste expertise de CoConnect en mati\u00e8re de connectivit\u00e9, de s\u00e9curit\u00e9 et du secteur de l&#039;\u00e9ducation au Royaume-Uni, cr\u00e9ant ainsi une nouvelle offre puissante pour les \u00e9tablissements d&#039;enseignement.\u00a0<\/p><p aria-level=\"3\"><b>S\u00e9curit\u00e9 num\u00e9rique et connectivit\u00e9 compl\u00e8tes<\/b>\u00a0<\/p><p>CoConnect soutient plus de 450 \u00e9coles britanniques en leur proposant une large gamme de services essentiels. Il s&#039;agit notamment de syst\u00e8mes t\u00e9l\u00e9phoniques VoIP num\u00e9riques enti\u00e8rement g\u00e9r\u00e9s, d&#039;une protection antivirus et pare-feu, d&#039;une gestion \u00e0 distance du r\u00e9seau et des appareils, et d&#039;une sauvegarde Microsoft Office 365. Que les \u00e9coles aient besoin d&#039;une configuration haut d\u00e9bit simple, d&#039;un service enti\u00e8rement g\u00e9r\u00e9 ou d&#039;un r\u00e9seau cloud hautes performances, CoConnect propose des solutions qui r\u00e9pondent \u00e0 divers besoins, garantissant une infrastructure num\u00e9rique robuste et s\u00e9curis\u00e9e.\u00a0<\/p><p aria-level=\"3\"><b>Conformit\u00e9 aux normes du minist\u00e8re de l&#039;\u00c9ducation<\/b>\u00a0<\/p><p>Ce partenariat est particuli\u00e8rement opportun, car il s&#039;aligne sur les normes du minist\u00e8re de l&#039;\u00c9ducation (DfE) en mati\u00e8re de protection num\u00e9rique et de connectivit\u00e9. Les directives du DfE soulignent l&#039;importance de disposer d&#039;une connexion en fibre optique compl\u00e8te, comme des lignes lou\u00e9es d\u00e9di\u00e9es ou la fibre optique jusqu&#039;aux locaux (FTTP), pour fournir aux \u00e9coles la bande passante et la vitesse n\u00e9cessaires \u00e0 un enseignement et un apprentissage efficaces. Ces connexions sont essentielles pour r\u00e9pondre \u00e0 la demande croissante de ressources Internet dans le domaine de l&#039;\u00e9ducation.\u00a0<\/p><p>En plus d&#039;une connexion principale, le DfE recommande de disposer d&#039;une connexion de secours pour garantir un acc\u00e8s ininterrompu aux ressources en ligne. Les solutions de CoConnect sont con\u00e7ues pour r\u00e9pondre \u00e0 ces normes, offrant aux \u00e9coles des options de connectivit\u00e9 primaires et secondaires pour maintenir la continuit\u00e9 op\u00e9rationnelle et se pr\u00e9munir contre les interruptions inattendues.\u00a0<\/p><p aria-level=\"3\"><b>Am\u00e9liorer la s\u00e9curit\u00e9 en ligne avec les syst\u00e8mes Lightspeed<\/b>\u00a0<\/p><p>En compl\u00e9ment des solutions de connectivit\u00e9 de CoConnect, Lightspeed Systems propose une gamme de produits sp\u00e9cifiquement destin\u00e9s \u00e0 am\u00e9liorer la s\u00e9curit\u00e9 num\u00e9rique dans les \u00e9coles.\u00a0<a href=\"https:\/\/www.lightspeedsystems.com\/fr\/products\/lightspeed-filter\/\"><b>Filtre<\/b><\/a>\u00a0fournit un filtrage Web complet, qui aide \u00e0 prot\u00e9ger les \u00e9tudiants contre l&#039;acc\u00e8s \u00e0 des contenus inappropri\u00e9s ou nuisibles. Cet outil est essentiel pour maintenir un environnement en ligne s\u00fbr et se conformer aux exigences de protection du DfE.\u00a0<\/p><p><b>Vitesse de la lumi\u00e8re\u00a0<a href=\"\/fr\/products\/lightspeed-alert\/\">Alerte<\/a><\/b>\u00a0aide \u00e9galement les \u00e9coles en surveillant l&#039;activit\u00e9 en ligne et en d\u00e9tectant les risques potentiels ou les comportements pr\u00e9occupants. Cet outil avanc\u00e9 est con\u00e7u pour identifier les signes avant-coureurs de probl\u00e8mes tels que la cyberintimidation ou le contenu pr\u00e9judiciable, permettant aux \u00e9coles d&#039;intervenir rapidement et de garantir le bien-\u00eatre des \u00e9l\u00e8ves. Ces fonctionnalit\u00e9s s&#039;alignent \u00e9troitement sur les\u00a0<a href=\"\/fr\/solutions\/safety-wellness\/keeping-children-safe-in-education\/\">Assurer la s\u00e9curit\u00e9 des enfants dans l&#039;\u00e9ducation (KCSIE)<\/a>\u00a0des lignes directrices qui obligent les \u00e9coles \u00e0 prendre des mesures proactives pour prot\u00e9ger les \u00e9l\u00e8ves contre les menaces en ligne et assurer leur s\u00e9curit\u00e9.\u00a0<\/p><p aria-level=\"3\"><b>Rationalisation de la gestion informatique<\/b>\u00a0<\/p><p>L&#039;int\u00e9gration des outils de s\u00e9curit\u00e9 de Lightspeed Systems aux services de connectivit\u00e9 de CoConnect offrira aux \u00e9coles une solution compl\u00e8te qui simplifie la gestion informatique. Les \u00e9coles b\u00e9n\u00e9ficieront d&#039;une exp\u00e9rience transparente o\u00f9 la s\u00e9curit\u00e9 num\u00e9rique et la connectivit\u00e9 sont g\u00e9r\u00e9es sous un m\u00eame toit, ce qui leur permettra de se concentrer sur la prestation d&#039;une \u00e9ducation de qualit\u00e9 plut\u00f4t que de naviguer dans des complexit\u00e9s techniques.\u00a0<\/p><p aria-level=\"3\"><b>Avoir h\u00e2te de<\/b>\u00a0<\/p><p>Ce partenariat repr\u00e9sente une avanc\u00e9e significative pour fournir aux \u00e9coles les outils dont elles ont besoin pour cr\u00e9er un environnement d&#039;apprentissage s\u00e9curis\u00e9, connect\u00e9 et efficace. En combinant les solutions de s\u00e9curit\u00e9 avanc\u00e9es de Lightspeed Systems avec les services de connectivit\u00e9 et d&#039;assistance robustes de CoConnect, nous nous engageons \u00e0 aider les \u00e9coles \u00e0 respecter les normes DfE et les exigences du KCSIE tout en soutenant leurs missions \u00e9ducatives.\u00a0<\/p><blockquote><p>\u00ab Nous sommes tous ravis chez CoConnect de nous lancer dans notre partenariat avec Lightspeed ! Ensemble, nous dynamisons la protection et la connectivit\u00e9 des \u00e9coles \u00e0 travers le Royaume-Uni. En utilisant les solutions de protection de pointe de Lightspeed avec l&#039;expertise de CoConnect en mati\u00e8re de connectivit\u00e9 et de s\u00e9curit\u00e9, nous \u00e9tablissons une nouvelle norme en mati\u00e8re d&#039;apprentissage num\u00e9rique s\u00e9curis\u00e9, fluide et performant. En travaillant ensemble, les \u00e9coles auront d\u00e9sormais acc\u00e8s \u00e0 des environnements d&#039;apprentissage en ligne plus rapides, plus s\u00fbrs et plus fiables, les aidant \u00e0 respecter les normes du DfE tout en permettant aux \u00e9tudiants, aux enseignants et aux enseignants de s&#039;\u00e9panouir \u00e0 l&#039;\u00e8re num\u00e9rique ! \u00bb \u00a0<\/p><p>\u2014 Shayne Grove, directeur des services \u00e9ducatifs chez CoConnect<\/p><p>\u00ab Chez Lightspeed Systems, nous sommes ravis de nous associer \u00e0 CoConnect. Cette collaboration est essentielle pour fournir aux \u00e9coles et aux \u00e9tablissements scolaires d&#039;excellentes solutions de filtrage et de surveillance, ainsi qu&#039;un support complet en mati\u00e8re de connectivit\u00e9 et de s\u00e9curit\u00e9. En combinant nos atouts avec l&#039;expertise de CoConnect en mati\u00e8re de FAI, nous souhaitons offrir une valeur exceptionnelle et une exp\u00e9rience transparente et s\u00e9curis\u00e9e aux \u00e9coles et aux \u00e9tablissements scolaires. \u00bb\u00a0<\/p><p>\u2014 Chris Spink, Responsable de compte chez Lightspeed Systems\u00a0<\/p><\/blockquote><p>Pour plus d\u2019informations sur les avantages que ce partenariat peut apporter \u00e0 votre \u00e9tablissement, veuillez consulter nos sites Web ou contacter directement nos \u00e9quipes. Nous sommes impatients d\u2019aider votre \u00e9tablissement \u00e0 cr\u00e9er un environnement num\u00e9rique plus s\u00fbr et plus connect\u00e9.\u00a0<\/p><p><a href=\"https:\/\/coconnect.co.uk\/\" target=\"_blank\" rel=\"noopener\">https:\/\/coconnect.co.uk\/<\/a>\u00a0\u00a0<\/p>\t\t\t\t\t\t\t\t<\/div>\n\t\t\t\t<\/div>\n\t\t\t\t\t<\/div>\n\t\t\t\t<\/div>\n\t\t\t\t<\/div>","protected":false},"excerpt":{"rendered":"<p>Lightspeed Systems Partners with CoConnect to Elevate Digital Safety and Connectivity in Education\u00a0 We are delighted to announce an exciting new partnership between Lightspeed Systems and CoConnect, designed to significantly [&hellip;]<\/p>\n","protected":false},"author":14,"featured_media":0,"parent":22896,"menu_order":0,"comment_status":"closed","ping_status":"closed","template":"","meta":{"_acf_changed":false,"_yoast_wpseo_focuskw":"","_yoast_wpseo_title":"","_yoast_wpseo_metadesc":"","footnotes":""},"class_list":["post-22914","page","type-page","status-publish","hentry"],"acf":[],"yoast_head":"<!-- This site is optimized with the Yoast SEO Premium plugin v27.1 (Yoast SEO v27.1.1) - https:\/\/yoast.com\/product\/yoast-seo-premium-wordpress\/ -->\n<title>CoConnect Partnership - Lightspeed Systems<\/title>\n<meta name=\"robots\" content=\"index, follow, max-snippet:-1, max-image-preview:large, max-video-preview:-1\" \/>\n<link rel=\"canonical\" href=\"https:\/\/www.lightspeedsystems.com\/fr\/partners\/coconnect-partnership\/\" \/>\n<meta property=\"og:locale\" content=\"fr_FR\" \/>\n<meta property=\"og:type\" content=\"article\" \/>\n<meta property=\"og:title\" content=\"CoConnect Partnership\" \/>\n<meta property=\"og:description\" content=\"Lightspeed Systems Partners with CoConnect to Elevate Digital Safety and Connectivity in Education\u00a0 We are delighted to announce an exciting new partnership between Lightspeed Systems and CoConnect, designed to significantly [&hellip;]\" \/>\n<meta property=\"og:url\" content=\"https:\/\/www.lightspeedsystems.com\/fr\/partners\/coconnect-partnership\/\" \/>\n<meta property=\"og:site_name\" content=\"Lightspeed Systems\" \/>\n<meta property=\"article:publisher\" content=\"https:\/\/www.facebook.com\/lightspeedsystems\/\" \/>\n<meta property=\"article:modified_time\" content=\"2025-01-16T16:02:14+00:00\" \/>\n<meta name=\"twitter:card\" content=\"summary_large_image\" \/>\n<meta name=\"twitter:site\" content=\"@lightspeedsys\" \/>\n<meta name=\"twitter:label1\" content=\"Est. reading time\" \/>\n\t<meta name=\"twitter:data1\" content=\"3 minutes\" \/>\n<script type=\"application\/ld+json\" class=\"yoast-schema-graph\">{\"@context\":\"https:\/\/schema.org\",\"@graph\":[{\"@type\":\"WebPage\",\"@id\":\"https:\/\/www.lightspeedsystems.com\/partners\/coconnect-partnership\/\",\"url\":\"https:\/\/www.lightspeedsystems.com\/partners\/coconnect-partnership\/\",\"name\":\"CoConnect Partnership - Lightspeed Systems\",\"isPartOf\":{\"@id\":\"https:\/\/www.lightspeedsystems.com\/zh\/#website\"},\"datePublished\":\"2024-12-18T14:06:11+00:00\",\"dateModified\":\"2025-01-16T16:02:14+00:00\",\"breadcrumb\":{\"@id\":\"https:\/\/www.lightspeedsystems.com\/partners\/coconnect-partnership\/#breadcrumb\"},\"inLanguage\":\"fr-FR\",\"potentialAction\":[{\"@type\":\"ReadAction\",\"target\":[\"https:\/\/www.lightspeedsystems.com\/partners\/coconnect-partnership\/\"]}]},{\"@type\":\"BreadcrumbList\",\"@id\":\"https:\/\/www.lightspeedsystems.com\/partners\/coconnect-partnership\/#breadcrumb\",\"itemListElement\":[{\"@type\":\"ListItem\",\"position\":1,\"name\":\"Home\",\"item\":\"https:\/\/www.lightspeedsystems.com\/\"},{\"@type\":\"ListItem\",\"position\":2,\"name\":\"Partners\",\"item\":\"https:\/\/www.lightspeedsystems.com\/partners\/\"},{\"@type\":\"ListItem\",\"position\":3,\"name\":\"CoConnect Partnership\"}]},{\"@type\":\"WebSite\",\"@id\":\"https:\/\/www.lightspeedsystems.com\/zh\/#website\",\"url\":\"https:\/\/www.lightspeedsystems.com\/zh\/\",\"name\":\"Lightspeed Systems\",\"description\":\"Helping K-12 communities provide safe, secure, and equitable education\u2014effortlessly.\",\"publisher\":{\"@id\":\"https:\/\/www.lightspeedsystems.com\/zh\/#organization\"},\"potentialAction\":[{\"@type\":\"SearchAction\",\"target\":{\"@type\":\"EntryPoint\",\"urlTemplate\":\"https:\/\/www.lightspeedsystems.com\/zh\/?s={search_term_string}\"},\"query-input\":{\"@type\":\"PropertyValueSpecification\",\"valueRequired\":true,\"valueName\":\"search_term_string\"}}],\"inLanguage\":\"fr-FR\"},{\"@type\":\"Organization\",\"@id\":\"https:\/\/www.lightspeedsystems.com\/zh\/#organization\",\"name\":\"Lightspeed Systems\",\"url\":\"https:\/\/www.lightspeedsystems.com\/zh\/\",\"logo\":{\"@type\":\"ImageObject\",\"inLanguage\":\"fr-FR\",\"@id\":\"https:\/\/www.lightspeedsystems.com\/zh\/#\/schema\/logo\/image\/\",\"url\":\"https:\/\/www.lightspeedsystems.com\/wp-content\/uploads\/2024\/12\/lightspeed_systems_logo.svg\",\"contentUrl\":\"https:\/\/www.lightspeedsystems.com\/wp-content\/uploads\/2024\/12\/lightspeed_systems_logo.svg\",\"caption\":\"Lightspeed Systems\"},\"image\":{\"@id\":\"https:\/\/www.lightspeedsystems.com\/zh\/#\/schema\/logo\/image\/\"},\"sameAs\":[\"https:\/\/www.facebook.com\/lightspeedsystems\/\",\"https:\/\/x.com\/lightspeedsys\",\"https:\/\/www.linkedin.com\/company\/lightspeed-systems\/\"]}]}<\/script>\n<!-- \/ Yoast SEO Premium plugin. -->","yoast_head_json":{"title":"Partenariat CoConnect - Syst\u00e8mes Lightspeed","robots":{"index":"index","follow":"follow","max-snippet":"max-snippet:-1","max-image-preview":"max-image-preview:large","max-video-preview":"max-video-preview:-1"},"canonical":"https:\/\/www.lightspeedsystems.com\/fr\/partners\/coconnect-partnership\/","og_locale":"fr_FR","og_type":"article","og_title":"CoConnect Partnership","og_description":"Lightspeed Systems Partners with CoConnect to Elevate Digital Safety and Connectivity in Education\u00a0 We are delighted to announce an exciting new partnership between Lightspeed Systems and CoConnect, designed to significantly [&hellip;]","og_url":"https:\/\/www.lightspeedsystems.com\/fr\/partners\/coconnect-partnership\/","og_site_name":"Lightspeed Systems","article_publisher":"https:\/\/www.facebook.com\/lightspeedsystems\/","article_modified_time":"2025-01-16T16:02:14+00:00","twitter_card":"summary_large_image","twitter_site":"@lightspeedsys","twitter_misc":{"Est. reading time":"3 minutes"},"schema":{"@context":"https:\/\/schema.org","@graph":[{"@type":"WebPage","@id":"https:\/\/www.lightspeedsystems.com\/partners\/coconnect-partnership\/","url":"https:\/\/www.lightspeedsystems.com\/partners\/coconnect-partnership\/","name":"Partenariat CoConnect - Syst\u00e8mes Lightspeed","isPartOf":{"@id":"https:\/\/www.lightspeedsystems.com\/zh\/#website"},"datePublished":"2024-12-18T14:06:11+00:00","dateModified":"2025-01-16T16:02:14+00:00","breadcrumb":{"@id":"https:\/\/www.lightspeedsystems.com\/partners\/coconnect-partnership\/#breadcrumb"},"inLanguage":"fr-FR","potentialAction":[{"@type":"ReadAction","target":["https:\/\/www.lightspeedsystems.com\/partners\/coconnect-partnership\/"]}]},{"@type":"BreadcrumbList","@id":"https:\/\/www.lightspeedsystems.com\/partners\/coconnect-partnership\/#breadcrumb","itemListElement":[{"@type":"ListItem","position":1,"name":"Home","item":"https:\/\/www.lightspeedsystems.com\/"},{"@type":"ListItem","position":2,"name":"Partners","item":"https:\/\/www.lightspeedsystems.com\/partners\/"},{"@type":"ListItem","position":3,"name":"CoConnect Partnership"}]},{"@type":"WebSite","@id":"https:\/\/www.lightspeedsystems.com\/zh\/#website","url":"https:\/\/www.lightspeedsystems.com\/zh\/","name":"Syst\u00e8mes Lightspeed","description":"Aider les communaut\u00e9s de la maternelle \u00e0 la terminale \u00e0 offrir une \u00e9ducation s\u00fbre, s\u00e9curis\u00e9e et \u00e9quitable, sans effort.","publisher":{"@id":"https:\/\/www.lightspeedsystems.com\/zh\/#organization"},"potentialAction":[{"@type":"SearchAction","target":{"@type":"EntryPoint","urlTemplate":"https:\/\/www.lightspeedsystems.com\/zh\/?s={search_term_string}"},"query-input":{"@type":"PropertyValueSpecification","valueRequired":true,"valueName":"search_term_string"}}],"inLanguage":"fr-FR"},{"@type":"Organization","@id":"https:\/\/www.lightspeedsystems.com\/zh\/#organization","name":"Syst\u00e8mes Lightspeed","url":"https:\/\/www.lightspeedsystems.com\/zh\/","logo":{"@type":"ImageObject","inLanguage":"fr-FR","@id":"https:\/\/www.lightspeedsystems.com\/zh\/#\/schema\/logo\/image\/","url":"https:\/\/www.lightspeedsystems.com\/wp-content\/uploads\/2024\/12\/lightspeed_systems_logo.svg","contentUrl":"https:\/\/www.lightspeedsystems.com\/wp-content\/uploads\/2024\/12\/lightspeed_systems_logo.svg","caption":"Lightspeed Systems"},"image":{"@id":"https:\/\/www.lightspeedsystems.com\/zh\/#\/schema\/logo\/image\/"},"sameAs":["https:\/\/www.facebook.com\/lightspeedsystems\/","https:\/\/x.com\/lightspeedsys","https:\/\/www.linkedin.com\/company\/lightspeed-systems\/"]}]}},"_links":{"self":[{"href":"https:\/\/www.lightspeedsystems.com\/fr\/wp-json\/wp\/v2\/pages\/22914","targetHints":{"allow":["GET"]}}],"collection":[{"href":"https:\/\/www.lightspeedsystems.com\/fr\/wp-json\/wp\/v2\/pages"}],"about":[{"href":"https:\/\/www.lightspeedsystems.com\/fr\/wp-json\/wp\/v2\/types\/page"}],"author":[{"embeddable":true,"href":"https:\/\/www.lightspeedsystems.com\/fr\/wp-json\/wp\/v2\/users\/14"}],"replies":[{"embeddable":true,"href":"https:\/\/www.lightspeedsystems.com\/fr\/wp-json\/wp\/v2\/comments?post=22914"}],"version-history":[{"count":0,"href":"https:\/\/www.lightspeedsystems.com\/fr\/wp-json\/wp\/v2\/pages\/22914\/revisions"}],"up":[{"embeddable":true,"href":"https:\/\/www.lightspeedsystems.com\/fr\/wp-json\/wp\/v2\/pages\/22896"}],"wp:attachment":[{"href":"https:\/\/www.lightspeedsystems.com\/fr\/wp-json\/wp\/v2\/media?parent=22914"}],"curies":[{"name":"wp","href":"https:\/\/api.w.org\/{rel}","templated":true}]}}