{"id":22920,"date":"2024-12-18T14:20:22","date_gmt":"2024-12-18T14:20:22","guid":{"rendered":"https:\/\/www.lightspeedsystems.com\/?page_id=22920"},"modified":"2025-05-22T11:30:22","modified_gmt":"2025-05-22T15:30:22","slug":"distribution-partner-sign-up","status":"publish","type":"page","link":"https:\/\/www.lightspeedsystems.com\/nb\/partners\/distribution-partner-sign-up\/","title":{"rendered":"Registrer deg distribusjonspartner"},"content":{"rendered":"<div data-elementor-type=\"wp-page\" data-elementor-id=\"22920\" class=\"elementor elementor-22920\" data-elementor-post-type=\"page\">\n\t\t\t\t<div class=\"elementor-element elementor-element-76cf90cd animated-fast e-flex e-con-boxed elementor-invisible e-con e-parent\" data-id=\"76cf90cd\" data-element_type=\"container\" data-e-type=\"container\" data-settings=\"{&quot;background_background&quot;:&quot;classic&quot;,&quot;animation&quot;:&quot;fadeIn&quot;,&quot;animation_delay&quot;:20}\">\n\t\t\t\t\t<div class=\"e-con-inner\">\n\t\t\t\t<div class=\"elementor-element elementor-element-28e64f3d elementor-widget elementor-widget-breadcrumbs\" data-id=\"28e64f3d\" data-element_type=\"widget\" data-e-type=\"widget\" data-widget_type=\"breadcrumbs.default\">\n\t\t\t\t<div class=\"elementor-widget-container\">\n\t\t\t\t\t<p id=\"breadcrumbs\"><span><span><a href=\"https:\/\/www.lightspeedsystems.com\/nb\/\">Hjem<\/a><\/span><\/span><\/p>\t\t\t\t<\/div>\n\t\t\t\t<\/div>\n\t\t<div class=\"elementor-element elementor-element-55b2098a e-flex e-con-boxed e-con e-child\" data-id=\"55b2098a\" data-element_type=\"container\" data-e-type=\"container\">\n\t\t\t\t\t<div class=\"e-con-inner\">\n\t\t\t\t<div class=\"elementor-element elementor-element-1924b240 elementor-widget elementor-widget-heading\" data-id=\"1924b240\" data-element_type=\"widget\" data-e-type=\"widget\" data-widget_type=\"heading.default\">\n\t\t\t\t<div class=\"elementor-widget-container\">\n\t\t\t\t\t<h1 class=\"elementor-heading-title elementor-size-default\">Registrer deg distribusjonspartner<\/h1>\t\t\t\t<\/div>\n\t\t\t\t<\/div>\n\t\t\t\t<div class=\"elementor-element elementor-element-504ea1a6 elementor-widget__width-initial elementor-widget elementor-widget-text-editor\" data-id=\"504ea1a6\" data-element_type=\"widget\" data-e-type=\"widget\" data-widget_type=\"text-editor.default\">\n\t\t\t\t<div class=\"elementor-widget-container\">\n\t\t\t\t\t\t\t\t\t<p>Bli en Lightspeed Systems Champion<\/p>\t\t\t\t\t\t\t\t<\/div>\n\t\t\t\t<\/div>\n\t\t\t\t\t<\/div>\n\t\t\t\t<\/div>\n\t\t\t\t\t<\/div>\n\t\t\t\t<\/div>\n\t\t<div class=\"elementor-element elementor-element-5c3d50e e-flex e-con-boxed e-con e-parent\" data-id=\"5c3d50e\" data-element_type=\"container\" data-e-type=\"container\">\n\t\t\t\t\t<div class=\"e-con-inner\">\n\t\t<div class=\"elementor-element elementor-element-7bb225d e-con-full e-flex e-con e-child\" data-id=\"7bb225d\" data-element_type=\"container\" data-e-type=\"container\">\n\t\t\t\t<div class=\"elementor-element elementor-element-11265ed elementor-widget elementor-widget-heading\" data-id=\"11265ed\" data-element_type=\"widget\" data-e-type=\"widget\" data-widget_type=\"heading.default\">\n\t\t\t\t<div class=\"elementor-widget-container\">\n\t\t\t\t\t<h2 class=\"elementor-heading-title elementor-size-default\">Registrering for forhandlerpartner<\/h2>\t\t\t\t<\/div>\n\t\t\t\t<\/div>\n\t\t\t\t<div class=\"elementor-element elementor-element-0e43663 elementor-widget elementor-widget-text-editor\" data-id=\"0e43663\" data-element_type=\"widget\" data-e-type=\"widget\" data-widget_type=\"text-editor.default\">\n\t\t\t\t<div class=\"elementor-widget-container\">\n\t\t\t\t\t\t\t\t\t<p>Bli med oss og bring trygghet og sikkerhet til hver elev ved \u00e5 videreselge v\u00e5re markedsledende l\u00f8sninger til skoler og distrikter over hele verden. Vennligst fyll ut f\u00f8lgende skjema for \u00e5 fullf\u00f8re det f\u00f8rste steget i \u00e5 bli en Lightspeed Systems-forhandler.<\/p>\t\t\t\t\t\t\t\t<\/div>\n\t\t\t\t<\/div>\n\t\t\t\t<\/div>\n\t\t\t\t\t<\/div>\n\t\t\t\t<\/div>\n\t\t<div class=\"elementor-element elementor-element-33a741f e-con-full e-flex e-con e-parent\" data-id=\"33a741f\" data-element_type=\"container\" data-e-type=\"container\" data-settings=\"{&quot;background_background&quot;:&quot;classic&quot;}\">\n\t\t\t\t<div class=\"elementor-element elementor-element-3a5bfcc elementor-widget elementor-widget-html\" data-id=\"3a5bfcc\" data-element_type=\"widget\" data-e-type=\"widget\" data-widget_type=\"html.default\">\n\t\t\t\t<div class=\"elementor-widget-container\">\n\t\t\t\t\t<div class=\"pricing-form\">\n<script src=\"https:\/\/lightspeedsystems.tfaforms.net\/publish\/10\" data-qp-target-id=\"fa-form\" defer><\/script>\n<div id=\"fa-form\" class=\"formassembly-embed\"><\/div>\n<\/div>\t\t\t\t<\/div>\n\t\t\t\t<\/div>\n\t\t\t\t<\/div>\n\t\t\t\t<\/div>","protected":false},"excerpt":{"rendered":"<p>Be a Lightspeed Systems Champion Reseller Partner Sign-up Join us in bringing safety and security to every student by reselling our market leading solutions to schools ad districts around the [&hellip;]<\/p>\n","protected":false},"author":14,"featured_media":0,"parent":22896,"menu_order":0,"comment_status":"closed","ping_status":"closed","template":"","meta":{"_acf_changed":false,"_yoast_wpseo_focuskw":"","_yoast_wpseo_title":"","_yoast_wpseo_metadesc":"","footnotes":""},"class_list":["post-22920","page","type-page","status-publish","hentry"],"acf":[],"yoast_head":"<!-- This site is optimized with the Yoast SEO Premium plugin v27.1 (Yoast SEO v27.1.1) - https:\/\/yoast.com\/product\/yoast-seo-premium-wordpress\/ -->\n<title>Distribution Partner Sign Up - Lightspeed Systems<\/title>\n<meta name=\"robots\" content=\"index, follow, max-snippet:-1, max-image-preview:large, max-video-preview:-1\" \/>\n<link rel=\"canonical\" href=\"https:\/\/www.lightspeedsystems.com\/nb\/partners\/distribution-partner-sign-up\/\" \/>\n<meta property=\"og:locale\" content=\"nb_NO\" \/>\n<meta property=\"og:type\" content=\"article\" \/>\n<meta property=\"og:title\" content=\"Distribution Partner Sign Up\" \/>\n<meta property=\"og:description\" content=\"Be a Lightspeed Systems Champion Reseller Partner Sign-up Join us in bringing safety and security to every student by reselling our market leading solutions to schools ad districts around the [&hellip;]\" \/>\n<meta property=\"og:url\" content=\"https:\/\/www.lightspeedsystems.com\/nb\/partners\/distribution-partner-sign-up\/\" \/>\n<meta property=\"og:site_name\" content=\"Lightspeed Systems\" \/>\n<meta property=\"article:publisher\" content=\"https:\/\/www.facebook.com\/lightspeedsystems\/\" \/>\n<meta property=\"article:modified_time\" content=\"2025-05-22T15:30:22+00:00\" \/>\n<meta name=\"twitter:card\" content=\"summary_large_image\" \/>\n<meta name=\"twitter:site\" content=\"@lightspeedsys\" \/>\n<meta name=\"twitter:label1\" content=\"Est. reading time\" \/>\n\t<meta name=\"twitter:data1\" content=\"1 minutt\" \/>\n<script type=\"application\/ld+json\" class=\"yoast-schema-graph\">{\"@context\":\"https:\/\/schema.org\",\"@graph\":[{\"@type\":\"WebPage\",\"@id\":\"https:\/\/www.lightspeedsystems.com\/partners\/distribution-partner-sign-up\/\",\"url\":\"https:\/\/www.lightspeedsystems.com\/partners\/distribution-partner-sign-up\/\",\"name\":\"Distribution Partner Sign Up - Lightspeed Systems\",\"isPartOf\":{\"@id\":\"https:\/\/www.lightspeedsystems.com\/zh\/#website\"},\"datePublished\":\"2024-12-18T14:20:22+00:00\",\"dateModified\":\"2025-05-22T15:30:22+00:00\",\"breadcrumb\":{\"@id\":\"https:\/\/www.lightspeedsystems.com\/partners\/distribution-partner-sign-up\/#breadcrumb\"},\"inLanguage\":\"nb-NO\",\"potentialAction\":[{\"@type\":\"ReadAction\",\"target\":[\"https:\/\/www.lightspeedsystems.com\/partners\/distribution-partner-sign-up\/\"]}]},{\"@type\":\"BreadcrumbList\",\"@id\":\"https:\/\/www.lightspeedsystems.com\/partners\/distribution-partner-sign-up\/#breadcrumb\",\"itemListElement\":[{\"@type\":\"ListItem\",\"position\":1,\"name\":\"Home\",\"item\":\"https:\/\/www.lightspeedsystems.com\/\"},{\"@type\":\"ListItem\",\"position\":2,\"name\":\"Partners\",\"item\":\"https:\/\/www.lightspeedsystems.com\/partners\/\"},{\"@type\":\"ListItem\",\"position\":3,\"name\":\"Distribution Partner Sign Up\"}]},{\"@type\":\"WebSite\",\"@id\":\"https:\/\/www.lightspeedsystems.com\/zh\/#website\",\"url\":\"https:\/\/www.lightspeedsystems.com\/zh\/\",\"name\":\"Lightspeed Systems\",\"description\":\"Helping K-12 communities provide safe, secure, and equitable education\u2014effortlessly.\",\"publisher\":{\"@id\":\"https:\/\/www.lightspeedsystems.com\/zh\/#organization\"},\"potentialAction\":[{\"@type\":\"SearchAction\",\"target\":{\"@type\":\"EntryPoint\",\"urlTemplate\":\"https:\/\/www.lightspeedsystems.com\/zh\/?s={search_term_string}\"},\"query-input\":{\"@type\":\"PropertyValueSpecification\",\"valueRequired\":true,\"valueName\":\"search_term_string\"}}],\"inLanguage\":\"nb-NO\"},{\"@type\":\"Organization\",\"@id\":\"https:\/\/www.lightspeedsystems.com\/zh\/#organization\",\"name\":\"Lightspeed Systems\",\"url\":\"https:\/\/www.lightspeedsystems.com\/zh\/\",\"logo\":{\"@type\":\"ImageObject\",\"inLanguage\":\"nb-NO\",\"@id\":\"https:\/\/www.lightspeedsystems.com\/zh\/#\/schema\/logo\/image\/\",\"url\":\"https:\/\/www.lightspeedsystems.com\/wp-content\/uploads\/2024\/12\/lightspeed_systems_logo.svg\",\"contentUrl\":\"https:\/\/www.lightspeedsystems.com\/wp-content\/uploads\/2024\/12\/lightspeed_systems_logo.svg\",\"caption\":\"Lightspeed Systems\"},\"image\":{\"@id\":\"https:\/\/www.lightspeedsystems.com\/zh\/#\/schema\/logo\/image\/\"},\"sameAs\":[\"https:\/\/www.facebook.com\/lightspeedsystems\/\",\"https:\/\/x.com\/lightspeedsys\",\"https:\/\/www.linkedin.com\/company\/lightspeed-systems\/\"]}]}<\/script>\n<!-- \/ Yoast SEO Premium plugin. -->","yoast_head_json":{"title":"Registrering av distribusjonspartner \u2013 Lightspeed Systems","robots":{"index":"index","follow":"follow","max-snippet":"max-snippet:-1","max-image-preview":"max-image-preview:large","max-video-preview":"max-video-preview:-1"},"canonical":"https:\/\/www.lightspeedsystems.com\/nb\/partners\/distribution-partner-sign-up\/","og_locale":"nb_NO","og_type":"article","og_title":"Distribution Partner Sign Up","og_description":"Be a Lightspeed Systems Champion Reseller Partner Sign-up Join us in bringing safety and security to every student by reselling our market leading solutions to schools ad districts around the [&hellip;]","og_url":"https:\/\/www.lightspeedsystems.com\/nb\/partners\/distribution-partner-sign-up\/","og_site_name":"Lightspeed Systems","article_publisher":"https:\/\/www.facebook.com\/lightspeedsystems\/","article_modified_time":"2025-05-22T15:30:22+00:00","twitter_card":"summary_large_image","twitter_site":"@lightspeedsys","twitter_misc":{"Est. reading time":"1 minutt"},"schema":{"@context":"https:\/\/schema.org","@graph":[{"@type":"WebPage","@id":"https:\/\/www.lightspeedsystems.com\/partners\/distribution-partner-sign-up\/","url":"https:\/\/www.lightspeedsystems.com\/partners\/distribution-partner-sign-up\/","name":"Registrering av distribusjonspartner \u2013 Lightspeed Systems","isPartOf":{"@id":"https:\/\/www.lightspeedsystems.com\/zh\/#website"},"datePublished":"2024-12-18T14:20:22+00:00","dateModified":"2025-05-22T15:30:22+00:00","breadcrumb":{"@id":"https:\/\/www.lightspeedsystems.com\/partners\/distribution-partner-sign-up\/#breadcrumb"},"inLanguage":"nb-NO","potentialAction":[{"@type":"ReadAction","target":["https:\/\/www.lightspeedsystems.com\/partners\/distribution-partner-sign-up\/"]}]},{"@type":"BreadcrumbList","@id":"https:\/\/www.lightspeedsystems.com\/partners\/distribution-partner-sign-up\/#breadcrumb","itemListElement":[{"@type":"ListItem","position":1,"name":"Home","item":"https:\/\/www.lightspeedsystems.com\/"},{"@type":"ListItem","position":2,"name":"Partners","item":"https:\/\/www.lightspeedsystems.com\/partners\/"},{"@type":"ListItem","position":3,"name":"Distribution Partner Sign Up"}]},{"@type":"WebSite","@id":"https:\/\/www.lightspeedsystems.com\/zh\/#website","url":"https:\/\/www.lightspeedsystems.com\/zh\/","name":"Lyshastighetssystemer","description":"Hjelper K-12-samfunn med trygg, sikker og rettferdig utdanning \u2013 uten problemer.","publisher":{"@id":"https:\/\/www.lightspeedsystems.com\/zh\/#organization"},"potentialAction":[{"@type":"SearchAction","target":{"@type":"EntryPoint","urlTemplate":"https:\/\/www.lightspeedsystems.com\/zh\/?s={search_term_string}"},"query-input":{"@type":"PropertyValueSpecification","valueRequired":true,"valueName":"search_term_string"}}],"inLanguage":"nb-NO"},{"@type":"Organization","@id":"https:\/\/www.lightspeedsystems.com\/zh\/#organization","name":"Lyshastighetssystemer","url":"https:\/\/www.lightspeedsystems.com\/zh\/","logo":{"@type":"ImageObject","inLanguage":"nb-NO","@id":"https:\/\/www.lightspeedsystems.com\/zh\/#\/schema\/logo\/image\/","url":"https:\/\/www.lightspeedsystems.com\/wp-content\/uploads\/2024\/12\/lightspeed_systems_logo.svg","contentUrl":"https:\/\/www.lightspeedsystems.com\/wp-content\/uploads\/2024\/12\/lightspeed_systems_logo.svg","caption":"Lightspeed Systems"},"image":{"@id":"https:\/\/www.lightspeedsystems.com\/zh\/#\/schema\/logo\/image\/"},"sameAs":["https:\/\/www.facebook.com\/lightspeedsystems\/","https:\/\/x.com\/lightspeedsys","https:\/\/www.linkedin.com\/company\/lightspeed-systems\/"]}]}},"_links":{"self":[{"href":"https:\/\/www.lightspeedsystems.com\/nb\/wp-json\/wp\/v2\/pages\/22920","targetHints":{"allow":["GET"]}}],"collection":[{"href":"https:\/\/www.lightspeedsystems.com\/nb\/wp-json\/wp\/v2\/pages"}],"about":[{"href":"https:\/\/www.lightspeedsystems.com\/nb\/wp-json\/wp\/v2\/types\/page"}],"author":[{"embeddable":true,"href":"https:\/\/www.lightspeedsystems.com\/nb\/wp-json\/wp\/v2\/users\/14"}],"replies":[{"embeddable":true,"href":"https:\/\/www.lightspeedsystems.com\/nb\/wp-json\/wp\/v2\/comments?post=22920"}],"version-history":[{"count":0,"href":"https:\/\/www.lightspeedsystems.com\/nb\/wp-json\/wp\/v2\/pages\/22920\/revisions"}],"up":[{"embeddable":true,"href":"https:\/\/www.lightspeedsystems.com\/nb\/wp-json\/wp\/v2\/pages\/22896"}],"wp:attachment":[{"href":"https:\/\/www.lightspeedsystems.com\/nb\/wp-json\/wp\/v2\/media?parent=22920"}],"curies":[{"name":"wp","href":"https:\/\/api.w.org\/{rel}","templated":true}]}}