{"id":22964,"date":"2024-12-23T01:40:33","date_gmt":"2024-12-23T01:40:33","guid":{"rendered":"https:\/\/www.lightspeedsystems.com\/?page_id=22964"},"modified":"2025-04-24T09:49:36","modified_gmt":"2025-04-24T13:49:36","slug":"brand-guidelines","status":"publish","type":"page","link":"https:\/\/www.lightspeedsystems.com\/nb\/brand-guidelines\/","title":{"rendered":"Retningslinjer for merkevare"},"content":{"rendered":"<div data-elementor-type=\"wp-page\" data-elementor-id=\"22964\" class=\"elementor elementor-22964\" data-elementor-post-type=\"page\">\n\t\t\t\t<div class=\"elementor-element elementor-element-6ce378f1 animated-fast e-flex e-con-boxed elementor-invisible e-con e-parent\" data-id=\"6ce378f1\" data-element_type=\"container\" data-e-type=\"container\" data-settings=\"{&quot;background_background&quot;:&quot;classic&quot;,&quot;animation&quot;:&quot;fadeIn&quot;,&quot;animation_delay&quot;:20}\">\n\t\t\t\t\t<div class=\"e-con-inner\">\n\t\t\t\t<div class=\"elementor-element elementor-element-33228f8c elementor-widget elementor-widget-breadcrumbs\" data-id=\"33228f8c\" data-element_type=\"widget\" data-e-type=\"widget\" data-widget_type=\"breadcrumbs.default\">\n\t\t\t\t<div class=\"elementor-widget-container\">\n\t\t\t\t\t<p id=\"breadcrumbs\"><span><span><a href=\"https:\/\/www.lightspeedsystems.com\/nb\/\">Hjem<\/a><\/span><\/span><\/p>\t\t\t\t<\/div>\n\t\t\t\t<\/div>\n\t\t<div class=\"elementor-element elementor-element-39a6b876 e-flex e-con-boxed e-con e-child\" data-id=\"39a6b876\" data-element_type=\"container\" data-e-type=\"container\">\n\t\t\t\t\t<div class=\"e-con-inner\">\n\t\t\t\t<div class=\"elementor-element elementor-element-e6f5d21 elementor-widget elementor-widget-heading\" data-id=\"e6f5d21\" data-element_type=\"widget\" data-e-type=\"widget\" data-widget_type=\"heading.default\">\n\t\t\t\t<div class=\"elementor-widget-container\">\n\t\t\t\t\t<h1 class=\"elementor-heading-title elementor-size-default\">Retningslinjer for merkevare<\/h1>\t\t\t\t<\/div>\n\t\t\t\t<\/div>\n\t\t\t\t\t<\/div>\n\t\t\t\t<\/div>\n\t\t\t\t\t<\/div>\n\t\t\t\t<\/div>\n\t\t<div class=\"elementor-element elementor-element-ae9a7c6 e-flex e-con-boxed e-con e-parent\" data-id=\"ae9a7c6\" data-element_type=\"container\" data-e-type=\"container\">\n\t\t\t\t\t<div class=\"e-con-inner\">\n\t\t<div class=\"elementor-element elementor-element-218bfcc e-con-full e-flex e-con e-child\" data-id=\"218bfcc\" data-element_type=\"container\" data-e-type=\"container\">\n\t\t\t\t<div class=\"elementor-element elementor-element-18249d2 elementor-widget elementor-widget-image\" data-id=\"18249d2\" data-element_type=\"widget\" data-e-type=\"widget\" data-widget_type=\"image.default\">\n\t\t\t\t<div class=\"elementor-widget-container\">\n\t\t\t\t\t\t\t\t\t\t\t\t\t\t\t\t<a href=\"https:\/\/pwp.lightspeedsystems.com\/brand-guide\">\n\t\t\t\t\t\t\t<img fetchpriority=\"high\" decoding=\"async\" width=\"1870\" height=\"1212\" src=\"https:\/\/www.lightspeedsystems.com\/wp-content\/uploads\/2025\/04\/BrandGuidelines.png\" class=\"attachment-full size-full wp-image-33074\" alt=\"\" srcset=\"https:\/\/www.lightspeedsystems.com\/wp-content\/uploads\/2025\/04\/BrandGuidelines.png 1870w, https:\/\/www.lightspeedsystems.com\/wp-content\/uploads\/2025\/04\/BrandGuidelines-300x194.png 300w, https:\/\/www.lightspeedsystems.com\/wp-content\/uploads\/2025\/04\/BrandGuidelines-1024x664.png 1024w, https:\/\/www.lightspeedsystems.com\/wp-content\/uploads\/2025\/04\/BrandGuidelines-768x498.png 768w, https:\/\/www.lightspeedsystems.com\/wp-content\/uploads\/2025\/04\/BrandGuidelines-1536x996.png 1536w, https:\/\/www.lightspeedsystems.com\/wp-content\/uploads\/2025\/04\/BrandGuidelines-18x12.png 18w\" sizes=\"(max-width: 1870px) 100vw, 1870px\" \/>\t\t\t\t\t\t\t\t<\/a>\n\t\t\t\t\t\t\t\t\t\t\t\t\t\t\t<\/div>\n\t\t\t\t<\/div>\n\t\t\t\t<\/div>\n\t\t<div class=\"elementor-element elementor-element-0002e06 e-con-full e-flex e-con e-child\" data-id=\"0002e06\" data-element_type=\"container\" data-e-type=\"container\">\n\t\t\t\t<div class=\"elementor-element elementor-element-04d5422 elementor-widget elementor-widget-heading\" data-id=\"04d5422\" data-element_type=\"widget\" data-e-type=\"widget\" data-widget_type=\"heading.default\">\n\t\t\t\t<div class=\"elementor-widget-container\">\n\t\t\t\t\t<h3 class=\"elementor-heading-title elementor-size-default\">Merkeveiledning<\/h3>\t\t\t\t<\/div>\n\t\t\t\t<\/div>\n\t\t\t\t<div class=\"elementor-element elementor-element-2b97ee5 elementor-widget elementor-widget-text-editor\" data-id=\"2b97ee5\" data-element_type=\"widget\" data-e-type=\"widget\" data-widget_type=\"text-editor.default\">\n\t\t\t\t<div class=\"elementor-widget-container\">\n\t\t\t\t\t\t\t\t\t<p>Den visuelle identiteten til Lightspeed Systems\u00ae utvikler seg etter hvert som vi fortsetter \u00e5 m\u00f8te de \u00f8kende behovene til v\u00e5re kunder. V\u00e5re oppdaterte logoer, fonter, ikoner og nomenklatur fungerer sammen for \u00e5 skape et kommunikasjonsrammeverk. Brukt forsiktig, vil disse elementene bidra til \u00e5 bedre posisjonere Lightspeed og v\u00e5r enkelt, omfattende plattform. Det er ekstremt viktig for oss \u00e5 bruke merkevaren v\u00e5r p\u00e5 riktig m\u00e5te, s\u00e5 vi ber om at v\u00e5re merkevareretningslinjer alltid henvises til og f\u00f8lges.<\/p>\t\t\t\t\t\t\t\t<\/div>\n\t\t\t\t<\/div>\n\t\t\t\t<div class=\"elementor-element elementor-element-4f7914c elementor-align-left elementor-widget elementor-widget-button\" data-id=\"4f7914c\" data-element_type=\"widget\" data-e-type=\"widget\" data-widget_type=\"button.default\">\n\t\t\t\t<div class=\"elementor-widget-container\">\n\t\t\t\t\t\t\t\t\t<div class=\"elementor-button-wrapper\">\n\t\t\t\t\t<a class=\"elementor-button elementor-button-link elementor-size-sm\" href=\"https:\/\/pwp.lightspeedsystems.com\/brand-guide\">\n\t\t\t\t\t\t<span class=\"elementor-button-content-wrapper\">\n\t\t\t\t\t\t\t\t\t<span class=\"elementor-button-text\">Last ned merkevareguide<\/span>\n\t\t\t\t\t<\/span>\n\t\t\t\t\t<\/a>\n\t\t\t\t<\/div>\n\t\t\t\t\t\t\t\t<\/div>\n\t\t\t\t<\/div>\n\t\t\t\t<\/div>\n\t\t\t\t\t<\/div>\n\t\t\t\t<\/div>\n\t\t<div class=\"elementor-element elementor-element-7277e99 e-flex e-con-boxed e-con e-parent\" data-id=\"7277e99\" data-element_type=\"container\" data-e-type=\"container\">\n\t\t\t\t\t<div class=\"e-con-inner\">\n\t\t<div class=\"elementor-element elementor-element-9eb176f e-con-full e-flex e-con e-child\" data-id=\"9eb176f\" data-element_type=\"container\" data-e-type=\"container\">\n\t\t\t\t<div class=\"elementor-element elementor-element-120d72f elementor-widget elementor-widget-heading\" data-id=\"120d72f\" data-element_type=\"widget\" data-e-type=\"widget\" data-widget_type=\"heading.default\">\n\t\t\t\t<div class=\"elementor-widget-container\">\n\t\t\t\t\t<h3 class=\"elementor-heading-title elementor-size-default\">Lightspeed-logoer<\/h3>\t\t\t\t<\/div>\n\t\t\t\t<\/div>\n\t\t\t\t<div class=\"elementor-element elementor-element-ae3ea44 elementor-widget elementor-widget-text-editor\" data-id=\"ae3ea44\" data-element_type=\"widget\" data-e-type=\"widget\" data-widget_type=\"text-editor.default\">\n\t\t\t\t<div class=\"elementor-widget-container\">\n\t\t\t\t\t\t\t\t\t<p>Logoene v\u00e5re er den mest identifiserbare delen av merkevaren v\u00e5r og b\u00f8r fungere som en konstant i all v\u00e5r visuelle kommunikasjon.<\/p><p>Lightspeed Systems-logoen og -merket er representative for veikrysset mellom utdanning og teknologi. V\u00e5r bedriftslogo er tilgjengelig i to formater \u2013 prim\u00e6r og horisontal \u2013 og i bl\u00e5tt, svart og hvitt\/omvendt, for \u00e5 passe best til deres aktivaapplikasjon.<\/p>\t\t\t\t\t\t\t\t<\/div>\n\t\t\t\t<\/div>\n\t\t\t\t<div class=\"elementor-element elementor-element-c551acf elementor-align-left elementor-widget elementor-widget-button\" data-id=\"c551acf\" data-element_type=\"widget\" data-e-type=\"widget\" data-widget_type=\"button.default\">\n\t\t\t\t<div class=\"elementor-widget-container\">\n\t\t\t\t\t\t\t\t\t<div class=\"elementor-button-wrapper\">\n\t\t\t\t\t<a class=\"elementor-button elementor-button-link elementor-size-sm\" href=\"https:\/\/pwp.lightspeedsystems.com\/l\/534112\/2025-04-23\/7wksqb\/534112\/1745450585uZNhYMeE\/LightspeedLogos_min.zip\">\n\t\t\t\t\t\t<span class=\"elementor-button-content-wrapper\">\n\t\t\t\t\t\t\t\t\t<span class=\"elementor-button-text\">Last ned v\u00e5re logoer<\/span>\n\t\t\t\t\t<\/span>\n\t\t\t\t\t<\/a>\n\t\t\t\t<\/div>\n\t\t\t\t\t\t\t\t<\/div>\n\t\t\t\t<\/div>\n\t\t\t\t<\/div>\n\t\t<div class=\"elementor-element elementor-element-163f6a5 e-con-full e-flex e-con e-child\" data-id=\"163f6a5\" data-element_type=\"container\" data-e-type=\"container\">\n\t\t\t\t<div class=\"elementor-element elementor-element-05d1482 elementor-widget elementor-widget-image\" data-id=\"05d1482\" data-element_type=\"widget\" data-e-type=\"widget\" data-widget_type=\"image.default\">\n\t\t\t\t<div class=\"elementor-widget-container\">\n\t\t\t\t\t\t\t\t\t\t\t\t\t\t\t<img decoding=\"async\" width=\"1280\" height=\"424\" src=\"https:\/\/www.lightspeedsystems.com\/wp-content\/uploads\/2025\/04\/large-Logo-Free-Space-Web.png\" class=\"attachment-full size-full wp-image-33095\" alt=\"\" srcset=\"https:\/\/www.lightspeedsystems.com\/wp-content\/uploads\/2025\/04\/large-Logo-Free-Space-Web.png 1280w, https:\/\/www.lightspeedsystems.com\/wp-content\/uploads\/2025\/04\/large-Logo-Free-Space-Web-300x99.png 300w, https:\/\/www.lightspeedsystems.com\/wp-content\/uploads\/2025\/04\/large-Logo-Free-Space-Web-1024x339.png 1024w, https:\/\/www.lightspeedsystems.com\/wp-content\/uploads\/2025\/04\/large-Logo-Free-Space-Web-768x254.png 768w, https:\/\/www.lightspeedsystems.com\/wp-content\/uploads\/2025\/04\/large-Logo-Free-Space-Web-18x6.png 18w\" sizes=\"(max-width: 1280px) 100vw, 1280px\" \/>\t\t\t\t\t\t\t\t\t\t\t\t\t\t\t<\/div>\n\t\t\t\t<\/div>\n\t\t\t\t<\/div>\n\t\t\t\t\t<\/div>\n\t\t\t\t<\/div>\n\t\t<div class=\"elementor-element elementor-element-50281ae e-flex e-con-boxed e-con e-parent\" data-id=\"50281ae\" data-element_type=\"container\" data-e-type=\"container\">\n\t\t\t\t\t<div class=\"e-con-inner\">\n\t\t\t\t<div class=\"elementor-element elementor-element-804c186 elementor-widget elementor-widget-image\" data-id=\"804c186\" data-element_type=\"widget\" data-e-type=\"widget\" data-widget_type=\"image.default\">\n\t\t\t\t<div class=\"elementor-widget-container\">\n\t\t\t\t\t\t\t\t\t\t\t\t\t\t\t<img decoding=\"async\" width=\"768\" height=\"471\" src=\"https:\/\/www.lightspeedsystems.com\/wp-content\/uploads\/2025\/04\/Lightspeed-Colors-768x471.png\" class=\"attachment-medium_large size-medium_large wp-image-33079\" alt=\"\" srcset=\"https:\/\/www.lightspeedsystems.com\/wp-content\/uploads\/2025\/04\/Lightspeed-Colors-768x471.png 768w, https:\/\/www.lightspeedsystems.com\/wp-content\/uploads\/2025\/04\/Lightspeed-Colors-300x184.png 300w, https:\/\/www.lightspeedsystems.com\/wp-content\/uploads\/2025\/04\/Lightspeed-Colors-1024x628.png 1024w, https:\/\/www.lightspeedsystems.com\/wp-content\/uploads\/2025\/04\/Lightspeed-Colors-1536x942.png 1536w, https:\/\/www.lightspeedsystems.com\/wp-content\/uploads\/2025\/04\/Lightspeed-Colors-18x12.png 18w, https:\/\/www.lightspeedsystems.com\/wp-content\/uploads\/2025\/04\/Lightspeed-Colors.png 1858w\" sizes=\"(max-width: 768px) 100vw, 768px\" \/>\t\t\t\t\t\t\t\t\t\t\t\t\t\t\t<\/div>\n\t\t\t\t<\/div>\n\t\t\t\t\t<\/div>\n\t\t\t\t<\/div>\n\t\t\t\t<\/div>","protected":false},"excerpt":{"rendered":"<p>Brand Guide The visual identity of Lightspeed Systems\u00ae is evolving as we continue to meet the growing needs of our customers. Our refreshed logos, fonts, icons, and nomenclature work together [&hellip;]<\/p>\n","protected":false},"author":14,"featured_media":0,"parent":0,"menu_order":0,"comment_status":"closed","ping_status":"closed","template":"","meta":{"_acf_changed":false,"_yoast_wpseo_focuskw":"","_yoast_wpseo_title":"","_yoast_wpseo_metadesc":"","footnotes":""},"class_list":["post-22964","page","type-page","status-publish","hentry"],"acf":[],"yoast_head":"<!-- This site is optimized with the Yoast SEO Premium plugin v27.5 (Yoast SEO v27.5) - https:\/\/yoast.com\/product\/yoast-seo-premium-wordpress\/ -->\n<title>Brand Guidelines - Lightspeed Systems<\/title>\n<meta name=\"robots\" content=\"index, follow, max-snippet:-1, max-image-preview:large, max-video-preview:-1\" \/>\n<link rel=\"canonical\" href=\"https:\/\/www.lightspeedsystems.com\/nb\/brand-guidelines\/\" \/>\n<meta property=\"og:locale\" content=\"nb_NO\" \/>\n<meta property=\"og:type\" content=\"article\" \/>\n<meta property=\"og:title\" content=\"Brand Guidelines\" \/>\n<meta property=\"og:description\" content=\"Brand Guide The visual identity of Lightspeed Systems\u00ae is evolving as we continue to meet the growing needs of our customers. Our refreshed logos, fonts, icons, and nomenclature work together [&hellip;]\" \/>\n<meta property=\"og:url\" content=\"https:\/\/www.lightspeedsystems.com\/nb\/brand-guidelines\/\" \/>\n<meta property=\"og:site_name\" content=\"Lightspeed Systems\" \/>\n<meta property=\"article:publisher\" content=\"https:\/\/www.facebook.com\/lightspeedsystems\/\" \/>\n<meta property=\"article:modified_time\" content=\"2025-04-24T13:49:36+00:00\" \/>\n<meta property=\"og:image\" content=\"https:\/\/www.lightspeedsystems.com\/wp-content\/uploads\/2025\/04\/BrandGuidelines.png\" \/>\n<meta name=\"twitter:card\" content=\"summary_large_image\" \/>\n<meta name=\"twitter:site\" content=\"@lightspeedsys\" \/>\n<meta name=\"twitter:label1\" content=\"Est. reading time\" \/>\n\t<meta name=\"twitter:data1\" content=\"2 minutter\" \/>\n<script type=\"application\/ld+json\" class=\"yoast-schema-graph\">{\"@context\":\"https:\\\/\\\/schema.org\",\"@graph\":[{\"@type\":\"WebPage\",\"@id\":\"https:\\\/\\\/www.lightspeedsystems.com\\\/nb\\\/brand-guidelines\\\/\",\"url\":\"https:\\\/\\\/www.lightspeedsystems.com\\\/nb\\\/brand-guidelines\\\/\",\"name\":\"Brand Guidelines - Lightspeed Systems\",\"isPartOf\":{\"@id\":\"https:\\\/\\\/www.lightspeedsystems.com\\\/zh\\\/#website\"},\"primaryImageOfPage\":{\"@id\":\"https:\\\/\\\/www.lightspeedsystems.com\\\/nb\\\/brand-guidelines\\\/#primaryimage\"},\"image\":{\"@id\":\"https:\\\/\\\/www.lightspeedsystems.com\\\/nb\\\/brand-guidelines\\\/#primaryimage\"},\"thumbnailUrl\":\"https:\\\/\\\/www.lightspeedsystems.com\\\/wp-content\\\/uploads\\\/2025\\\/04\\\/BrandGuidelines.png\",\"datePublished\":\"2024-12-23T01:40:33+00:00\",\"dateModified\":\"2025-04-24T13:49:36+00:00\",\"breadcrumb\":{\"@id\":\"https:\\\/\\\/www.lightspeedsystems.com\\\/nb\\\/brand-guidelines\\\/#breadcrumb\"},\"inLanguage\":\"nb-NO\",\"potentialAction\":[{\"@type\":\"ReadAction\",\"target\":[\"https:\\\/\\\/www.lightspeedsystems.com\\\/nb\\\/brand-guidelines\\\/\"]}]},{\"@type\":\"ImageObject\",\"inLanguage\":\"nb-NO\",\"@id\":\"https:\\\/\\\/www.lightspeedsystems.com\\\/nb\\\/brand-guidelines\\\/#primaryimage\",\"url\":\"https:\\\/\\\/www.lightspeedsystems.com\\\/wp-content\\\/uploads\\\/2025\\\/04\\\/BrandGuidelines.png\",\"contentUrl\":\"https:\\\/\\\/www.lightspeedsystems.com\\\/wp-content\\\/uploads\\\/2025\\\/04\\\/BrandGuidelines.png\"},{\"@type\":\"BreadcrumbList\",\"@id\":\"https:\\\/\\\/www.lightspeedsystems.com\\\/nb\\\/brand-guidelines\\\/#breadcrumb\",\"itemListElement\":[{\"@type\":\"ListItem\",\"position\":1,\"name\":\"Home\",\"item\":\"https:\\\/\\\/www.lightspeedsystems.com\\\/\"},{\"@type\":\"ListItem\",\"position\":2,\"name\":\"Brand Guidelines\"}]},{\"@type\":\"WebSite\",\"@id\":\"https:\\\/\\\/www.lightspeedsystems.com\\\/zh\\\/#website\",\"url\":\"https:\\\/\\\/www.lightspeedsystems.com\\\/zh\\\/\",\"name\":\"Lightspeed Systems\",\"description\":\"Helping K-12 communities provide safe, secure, and equitable education\u2014effortlessly.\",\"publisher\":{\"@id\":\"https:\\\/\\\/www.lightspeedsystems.com\\\/zh\\\/#organization\"},\"potentialAction\":[{\"@type\":\"SearchAction\",\"target\":{\"@type\":\"EntryPoint\",\"urlTemplate\":\"https:\\\/\\\/www.lightspeedsystems.com\\\/zh\\\/?s={search_term_string}\"},\"query-input\":{\"@type\":\"PropertyValueSpecification\",\"valueRequired\":true,\"valueName\":\"search_term_string\"}}],\"inLanguage\":\"nb-NO\"},{\"@type\":\"Organization\",\"@id\":\"https:\\\/\\\/www.lightspeedsystems.com\\\/zh\\\/#organization\",\"name\":\"Lightspeed Systems\",\"url\":\"https:\\\/\\\/www.lightspeedsystems.com\\\/zh\\\/\",\"logo\":{\"@type\":\"ImageObject\",\"inLanguage\":\"nb-NO\",\"@id\":\"https:\\\/\\\/www.lightspeedsystems.com\\\/zh\\\/#\\\/schema\\\/logo\\\/image\\\/\",\"url\":\"https:\\\/\\\/www.lightspeedsystems.com\\\/wp-content\\\/uploads\\\/2024\\\/12\\\/lightspeed_systems_logo.svg\",\"contentUrl\":\"https:\\\/\\\/www.lightspeedsystems.com\\\/wp-content\\\/uploads\\\/2024\\\/12\\\/lightspeed_systems_logo.svg\",\"caption\":\"Lightspeed Systems\"},\"image\":{\"@id\":\"https:\\\/\\\/www.lightspeedsystems.com\\\/zh\\\/#\\\/schema\\\/logo\\\/image\\\/\"},\"sameAs\":[\"https:\\\/\\\/www.facebook.com\\\/lightspeedsystems\\\/\",\"https:\\\/\\\/x.com\\\/lightspeedsys\",\"https:\\\/\\\/www.linkedin.com\\\/company\\\/lightspeed-systems\\\/\"]}]}<\/script>\n<!-- \/ Yoast SEO Premium plugin. -->","yoast_head_json":{"title":"Merkevareretningslinjer - Lightspeed Systems","robots":{"index":"index","follow":"follow","max-snippet":"max-snippet:-1","max-image-preview":"max-image-preview:large","max-video-preview":"max-video-preview:-1"},"canonical":"https:\/\/www.lightspeedsystems.com\/nb\/brand-guidelines\/","og_locale":"nb_NO","og_type":"article","og_title":"Brand Guidelines","og_description":"Brand Guide The visual identity of Lightspeed Systems\u00ae is evolving as we continue to meet the growing needs of our customers. Our refreshed logos, fonts, icons, and nomenclature work together [&hellip;]","og_url":"https:\/\/www.lightspeedsystems.com\/nb\/brand-guidelines\/","og_site_name":"Lightspeed Systems","article_publisher":"https:\/\/www.facebook.com\/lightspeedsystems\/","article_modified_time":"2025-04-24T13:49:36+00:00","og_image":[{"url":"https:\/\/www.lightspeedsystems.com\/wp-content\/uploads\/2025\/04\/BrandGuidelines.png","type":"","width":"","height":""}],"twitter_card":"summary_large_image","twitter_site":"@lightspeedsys","twitter_misc":{"Est. reading time":"2 minutter"},"schema":{"@context":"https:\/\/schema.org","@graph":[{"@type":"WebPage","@id":"https:\/\/www.lightspeedsystems.com\/nb\/brand-guidelines\/","url":"https:\/\/www.lightspeedsystems.com\/nb\/brand-guidelines\/","name":"Merkevareretningslinjer - Lightspeed Systems","isPartOf":{"@id":"https:\/\/www.lightspeedsystems.com\/zh\/#website"},"primaryImageOfPage":{"@id":"https:\/\/www.lightspeedsystems.com\/nb\/brand-guidelines\/#primaryimage"},"image":{"@id":"https:\/\/www.lightspeedsystems.com\/nb\/brand-guidelines\/#primaryimage"},"thumbnailUrl":"https:\/\/www.lightspeedsystems.com\/wp-content\/uploads\/2025\/04\/BrandGuidelines.png","datePublished":"2024-12-23T01:40:33+00:00","dateModified":"2025-04-24T13:49:36+00:00","breadcrumb":{"@id":"https:\/\/www.lightspeedsystems.com\/nb\/brand-guidelines\/#breadcrumb"},"inLanguage":"nb-NO","potentialAction":[{"@type":"ReadAction","target":["https:\/\/www.lightspeedsystems.com\/nb\/brand-guidelines\/"]}]},{"@type":"ImageObject","inLanguage":"nb-NO","@id":"https:\/\/www.lightspeedsystems.com\/nb\/brand-guidelines\/#primaryimage","url":"https:\/\/www.lightspeedsystems.com\/wp-content\/uploads\/2025\/04\/BrandGuidelines.png","contentUrl":"https:\/\/www.lightspeedsystems.com\/wp-content\/uploads\/2025\/04\/BrandGuidelines.png"},{"@type":"BreadcrumbList","@id":"https:\/\/www.lightspeedsystems.com\/nb\/brand-guidelines\/#breadcrumb","itemListElement":[{"@type":"ListItem","position":1,"name":"Home","item":"https:\/\/www.lightspeedsystems.com\/"},{"@type":"ListItem","position":2,"name":"Brand Guidelines"}]},{"@type":"WebSite","@id":"https:\/\/www.lightspeedsystems.com\/zh\/#website","url":"https:\/\/www.lightspeedsystems.com\/zh\/","name":"Lyshastighetssystemer","description":"Hjelper K-12-samfunn med trygg, sikker og rettferdig utdanning \u2013 uten problemer.","publisher":{"@id":"https:\/\/www.lightspeedsystems.com\/zh\/#organization"},"potentialAction":[{"@type":"SearchAction","target":{"@type":"EntryPoint","urlTemplate":"https:\/\/www.lightspeedsystems.com\/zh\/?s={search_term_string}"},"query-input":{"@type":"PropertyValueSpecification","valueRequired":true,"valueName":"search_term_string"}}],"inLanguage":"nb-NO"},{"@type":"Organization","@id":"https:\/\/www.lightspeedsystems.com\/zh\/#organization","name":"Lyshastighetssystemer","url":"https:\/\/www.lightspeedsystems.com\/zh\/","logo":{"@type":"ImageObject","inLanguage":"nb-NO","@id":"https:\/\/www.lightspeedsystems.com\/zh\/#\/schema\/logo\/image\/","url":"https:\/\/www.lightspeedsystems.com\/wp-content\/uploads\/2024\/12\/lightspeed_systems_logo.svg","contentUrl":"https:\/\/www.lightspeedsystems.com\/wp-content\/uploads\/2024\/12\/lightspeed_systems_logo.svg","caption":"Lightspeed Systems"},"image":{"@id":"https:\/\/www.lightspeedsystems.com\/zh\/#\/schema\/logo\/image\/"},"sameAs":["https:\/\/www.facebook.com\/lightspeedsystems\/","https:\/\/x.com\/lightspeedsys","https:\/\/www.linkedin.com\/company\/lightspeed-systems\/"]}]}},"_links":{"self":[{"href":"https:\/\/www.lightspeedsystems.com\/nb\/wp-json\/wp\/v2\/pages\/22964","targetHints":{"allow":["GET"]}}],"collection":[{"href":"https:\/\/www.lightspeedsystems.com\/nb\/wp-json\/wp\/v2\/pages"}],"about":[{"href":"https:\/\/www.lightspeedsystems.com\/nb\/wp-json\/wp\/v2\/types\/page"}],"author":[{"embeddable":true,"href":"https:\/\/www.lightspeedsystems.com\/nb\/wp-json\/wp\/v2\/users\/14"}],"replies":[{"embeddable":true,"href":"https:\/\/www.lightspeedsystems.com\/nb\/wp-json\/wp\/v2\/comments?post=22964"}],"version-history":[{"count":0,"href":"https:\/\/www.lightspeedsystems.com\/nb\/wp-json\/wp\/v2\/pages\/22964\/revisions"}],"wp:attachment":[{"href":"https:\/\/www.lightspeedsystems.com\/nb\/wp-json\/wp\/v2\/media?parent=22964"}],"curies":[{"name":"wp","href":"https:\/\/api.w.org\/{rel}","templated":true}]}}