{"id":34600,"date":"2025-05-27T09:17:26","date_gmt":"2025-05-27T13:17:26","guid":{"rendered":"https:\/\/www.lightspeedsystems.com\/?page_id=34600"},"modified":"2025-08-06T14:35:20","modified_gmt":"2025-08-06T18:35:20","slug":"osig","status":"publish","type":"page","link":"https:\/\/www.lightspeedsystems.com\/nb\/resources\/osig\/","title":{"rendered":"OSIG"},"content":{"rendered":"<div data-elementor-type=\"wp-page\" data-elementor-id=\"34600\" class=\"elementor elementor-34600\" data-elementor-post-type=\"page\">\n\t\t\t\t<div class=\"elementor-element elementor-element-085b06f e-flex e-con-boxed e-con e-parent\" data-id=\"085b06f\" data-element_type=\"container\" data-e-type=\"container\" data-settings=\"{&quot;background_background&quot;:&quot;classic&quot;}\">\n\t\t\t\t\t<div class=\"e-con-inner\">\n\t\t<div class=\"elementor-element elementor-element-1e4a08d e-con-full e-flex e-con e-child\" data-id=\"1e4a08d\" data-element_type=\"container\" data-e-type=\"container\">\n\t\t\t\t<div class=\"elementor-element elementor-element-fdfb962 elementor-widget elementor-widget-text-editor\" data-id=\"fdfb962\" data-element_type=\"widget\" data-e-type=\"widget\" data-widget_type=\"text-editor.default\">\n\t\t\t\t<div class=\"elementor-widget-container\">\n\t\t\t\t\t\t\t\t\t<h2>OSIG har inng\u00e5tt et samarbeid med StopIt Solutions for \u00e5 beskytte skolen din<\/h2><p class=\"subtext\">Oklahoma Schools Insurance Group har inng\u00e5tt et samarbeid med STOPit for \u00e5 gi v\u00e5re medlemsdistrikter en velpr\u00f8vd l\u00f8sning som avskrekker upassende oppf\u00f8rsel i skolene. Partnerskapet v\u00e5rt lar skolene dine implementere STOPit mobilapp og nett, samt STOPit-administrasjon uten kostnad. Be om informasjon<\/p>\t\t\t\t\t\t\t\t<\/div>\n\t\t\t\t<\/div>\n\t\t\t\t<div class=\"elementor-element elementor-element-01d25a7 elementor-widget__width-initial elementor-widget elementor-widget-button\" data-id=\"01d25a7\" data-element_type=\"widget\" data-e-type=\"widget\" data-widget_type=\"button.default\">\n\t\t\t\t<div class=\"elementor-widget-container\">\n\t\t\t\t\t\t\t\t\t<div class=\"elementor-button-wrapper\">\n\t\t\t\t\t<a class=\"elementor-button elementor-button-link elementor-size-sm\" href=\"https:\/\/www.lightspeedsystems.com\/nb\/request-a-demo\/?SHESC\">\n\t\t\t\t\t\t<span class=\"elementor-button-content-wrapper\">\n\t\t\t\t\t\t\t\t\t<span class=\"elementor-button-text\">Planlegg en demo<\/span>\n\t\t\t\t\t<\/span>\n\t\t\t\t\t<\/a>\n\t\t\t\t<\/div>\n\t\t\t\t\t\t\t\t<\/div>\n\t\t\t\t<\/div>\n\t\t\t\t<\/div>\n\t\t<div class=\"elementor-element elementor-element-3708f24 e-con-full e-flex e-con e-child\" data-id=\"3708f24\" data-element_type=\"container\" data-e-type=\"container\">\n\t\t\t\t<div class=\"elementor-element elementor-element-03b7ae3 elementor-widget elementor-widget-image\" data-id=\"03b7ae3\" data-element_type=\"widget\" data-e-type=\"widget\" data-widget_type=\"image.default\">\n\t\t\t\t<div class=\"elementor-widget-container\">\n\t\t\t\t\t\t\t\t\t\t\t\t\t\t\t<img fetchpriority=\"high\" decoding=\"async\" width=\"800\" height=\"134\" src=\"https:\/\/www.lightspeedsystems.com\/wp-content\/uploads\/2025\/05\/OSIG-logo-transparent_1-1024x171.png\" class=\"attachment-large size-large wp-image-34602\" alt=\"\" srcset=\"https:\/\/www.lightspeedsystems.com\/wp-content\/uploads\/2025\/05\/OSIG-logo-transparent_1-1024x171.png 1024w, https:\/\/www.lightspeedsystems.com\/wp-content\/uploads\/2025\/05\/OSIG-logo-transparent_1-300x50.png 300w, https:\/\/www.lightspeedsystems.com\/wp-content\/uploads\/2025\/05\/OSIG-logo-transparent_1-768x128.png 768w, https:\/\/www.lightspeedsystems.com\/wp-content\/uploads\/2025\/05\/OSIG-logo-transparent_1-1536x257.png 1536w, https:\/\/www.lightspeedsystems.com\/wp-content\/uploads\/2025\/05\/OSIG-logo-transparent_1-2048x342.png 2048w, https:\/\/www.lightspeedsystems.com\/wp-content\/uploads\/2025\/05\/OSIG-logo-transparent_1-18x3.png 18w\" sizes=\"(max-width: 800px) 100vw, 800px\" \/>\t\t\t\t\t\t\t\t\t\t\t\t\t\t\t<\/div>\n\t\t\t\t<\/div>\n\t\t\t\t<\/div>\n\t\t\t\t\t<\/div>\n\t\t\t\t<\/div>\n\t\t<div class=\"elementor-element elementor-element-01a5f1e e-flex e-con-boxed e-con e-parent\" data-id=\"01a5f1e\" data-element_type=\"container\" data-e-type=\"container\">\n\t\t\t\t\t<div class=\"e-con-inner\">\n\t\t\t\t<div class=\"elementor-element elementor-element-c511bd2 elementor-widget elementor-widget-heading\" data-id=\"c511bd2\" data-element_type=\"widget\" data-e-type=\"widget\" data-widget_type=\"heading.default\">\n\t\t\t\t<div class=\"elementor-widget-container\">\n\t\t\t\t\t<h2 class=\"elementor-heading-title elementor-size-default\">Anonymt rapporteringssystem (ARS)<\/h2>\t\t\t\t<\/div>\n\t\t\t\t<\/div>\n\t\t\t\t\t<\/div>\n\t\t\t\t<\/div>\n\t\t<div class=\"elementor-element elementor-element-e3b3885 e-flex e-con-boxed e-con e-parent\" data-id=\"e3b3885\" data-element_type=\"container\" data-e-type=\"container\">\n\t\t\t\t\t<div class=\"e-con-inner\">\n\t\t<div class=\"elementor-element elementor-element-4efbfad e-con-full e-flex e-con e-child\" data-id=\"4efbfad\" data-element_type=\"container\" data-e-type=\"container\">\n\t\t\t\t<div class=\"elementor-element elementor-element-63dce3b elementor-widget elementor-widget-text-editor\" data-id=\"63dce3b\" data-element_type=\"widget\" data-e-type=\"widget\" data-widget_type=\"text-editor.default\">\n\t\t\t\t<div class=\"elementor-widget-container\">\n\t\t\t\t\t\t\t\t\t<p>Lightspeed StopIt\u00a0<strong>Mobilapp, nettapp<\/strong>og anonym rapportering <strong>Hjelpelinje<\/strong>\u00a0tilby en trygg og komfortabel m\u00e5te \u00e5 dele informasjon med deg, slik at du kan hjelpe studentene og komme i forkj\u00f8pet f\u00f8r en situasjon g\u00e5r ut av kontroll. Sertifiserte agenter\u00a0<strong>f\u00f8lge<\/strong>\u00a0rapporter d\u00f8gnet rundt, hele \u00e5ret, for \u00e5 identifisere n\u00f8dsituasjoner og eskalere rapporten til forh\u00e5ndsdefinerte kontakter i distriktet ditt.<\/p><p><strong>StopIt-administrator<\/strong>\u00a0gir administratorer kraftige etterforskningsverkt\u00f8y via StopIt Messenger \u2013 toveiskommunikasjon med journalister; sanntidsvarsler, innebygde hendelsesrapporter; og profesjonelt utviklet innhold om mental helse.<\/p><p>StopIt tar mindre enn 15 minutter \u00e5 sette opp. Lanseringssettet inneholder alt n\u00f8dvendig materiell for \u00e5 introdusere plattformen til studenter, ansatte og administrasjon, inkludert: videoer, e-postmaler, vanlige sp\u00f8rsm\u00e5l, sakslister for samlinger og mer.<\/p>\t\t\t\t\t\t\t\t<\/div>\n\t\t\t\t<\/div>\n\t\t\t\t<\/div>\n\t\t<div class=\"elementor-element elementor-element-c525d6f e-con-full e-flex e-con e-child\" data-id=\"c525d6f\" data-element_type=\"container\" data-e-type=\"container\" data-settings=\"{&quot;background_background&quot;:&quot;classic&quot;}\">\n\t\t\t\t<div class=\"elementor-element elementor-element-33f34c0 elementor-widget elementor-widget-text-editor\" data-id=\"33f34c0\" data-element_type=\"widget\" data-e-type=\"widget\" data-widget_type=\"text-editor.default\">\n\t\t\t\t<div class=\"elementor-widget-container\">\n\t\t\t\t\t\t\t\t\t<h6>Hva studentene rapporterer:<\/h6><ul><li>Mobbing \/ Nettmobbing<\/li><li>Seksuell misbruk<\/li><li>Vold \/ Trusler<\/li><li>Sikkerhetsproblemer<\/li><li>V\u00e5penbesittelse<\/li><li>Narkotika- og alkoholmisbruk<\/li><li>Psykiske helseproblemer<\/li><li>Intoleranse\/diskriminering<\/li><\/ul>\t\t\t\t\t\t\t\t<\/div>\n\t\t\t\t<\/div>\n\t\t\t\t<\/div>\n\t\t\t\t\t<\/div>\n\t\t\t\t<\/div>\n\t\t<div class=\"elementor-element elementor-element-acb8f7d e-flex e-con-boxed e-con e-parent\" data-id=\"acb8f7d\" data-element_type=\"container\" data-e-type=\"container\">\n\t\t\t\t\t<div class=\"e-con-inner\">\n\t\t\t\t<div class=\"elementor-element elementor-element-c860282 elementor-widget elementor-widget-image\" data-id=\"c860282\" data-element_type=\"widget\" data-e-type=\"widget\" data-widget_type=\"image.default\">\n\t\t\t\t<div class=\"elementor-widget-container\">\n\t\t\t\t\t\t\t\t\t\t\t\t\t\t\t<img decoding=\"async\" width=\"600\" height=\"380\" src=\"https:\/\/www.lightspeedsystems.com\/wp-content\/uploads\/2025\/05\/StopIt-LP-Image.png\" class=\"attachment-large size-large wp-image-34584\" alt=\"\" srcset=\"https:\/\/www.lightspeedsystems.com\/wp-content\/uploads\/2025\/05\/StopIt-LP-Image.png 600w, https:\/\/www.lightspeedsystems.com\/wp-content\/uploads\/2025\/05\/StopIt-LP-Image-300x190.png 300w, https:\/\/www.lightspeedsystems.com\/wp-content\/uploads\/2025\/05\/StopIt-LP-Image-18x12.png 18w\" sizes=\"(max-width: 600px) 100vw, 600px\" \/>\t\t\t\t\t\t\t\t\t\t\t\t\t\t\t<\/div>\n\t\t\t\t<\/div>\n\t\t\t\t\t<\/div>\n\t\t\t\t<\/div>\n\t\t<div class=\"elementor-element elementor-element-a563d4a e-flex e-con-boxed e-con e-parent\" data-id=\"a563d4a\" data-element_type=\"container\" data-e-type=\"container\" data-settings=\"{&quot;background_background&quot;:&quot;classic&quot;}\">\n\t\t\t\t\t<div class=\"e-con-inner\">\n\t\t\t\t<div class=\"elementor-element elementor-element-ea230b6 elementor-widget elementor-widget-heading\" data-id=\"ea230b6\" data-element_type=\"widget\" data-e-type=\"widget\" data-widget_type=\"heading.default\">\n\t\t\t\t<div class=\"elementor-widget-container\">\n\t\t\t\t\t<h2 class=\"elementor-heading-title elementor-size-default\">Hva er inkludert<\/h2>\t\t\t\t<\/div>\n\t\t\t\t<\/div>\n\t\t\t\t\t<\/div>\n\t\t\t\t<\/div>\n\t\t<div class=\"elementor-element elementor-element-a0712ad e-flex e-con-boxed e-con e-parent\" data-id=\"a0712ad\" data-element_type=\"container\" data-e-type=\"container\" data-settings=\"{&quot;background_background&quot;:&quot;classic&quot;}\">\n\t\t\t\t\t<div class=\"e-con-inner\">\n\t\t<div class=\"elementor-element elementor-element-51bef45 e-con-full e-flex e-con e-child\" data-id=\"51bef45\" data-element_type=\"container\" data-e-type=\"container\">\n\t\t\t\t<div class=\"elementor-element elementor-element-7474031 elementor-widget elementor-widget-text-editor\" data-id=\"7474031\" data-element_type=\"widget\" data-e-type=\"widget\" data-widget_type=\"text-editor.default\">\n\t\t\t\t<div class=\"elementor-widget-container\">\n\t\t\t\t\t\t\t\t\t<h5 class=\"content\"><strong>Trinn 1: Rapportering<\/strong><\/h5><ul><li>Mobilapp og nettapp og hotline<\/li><li>2-veis anonym kommunikasjon<\/li><li>F\u00e5 hjelpressurser<\/li><li>Kringkastingsvarsler<\/li><li>Flere spr\u00e5k<\/li><\/ul>\t\t\t\t\t\t\t\t<\/div>\n\t\t\t\t<\/div>\n\t\t\t\t<\/div>\n\t\t<div class=\"elementor-element elementor-element-7bdb37f e-con-full e-flex e-con e-child\" data-id=\"7bdb37f\" data-element_type=\"container\" data-e-type=\"container\">\n\t\t\t\t<div class=\"elementor-element elementor-element-63a586b elementor-widget elementor-widget-text-editor\" data-id=\"63a586b\" data-element_type=\"widget\" data-e-type=\"widget\" data-widget_type=\"text-editor.default\">\n\t\t\t\t<div class=\"elementor-widget-container\">\n\t\t\t\t\t\t\t\t\t<h5 class=\"content\"><strong>Hendelsesoverv\u00e5king<\/strong><\/h5><ul><li>Hendelsesoverv\u00e5king d\u00f8gnet rundt, \u00e5ret rundt<\/li><li>N\u00f8dopptrapping<\/li><li>Anmeldt p\u00e5 under 2 minutter<\/li><li>Kontakt forh\u00e5ndsdefinert personell<\/li><li>Flere spr\u00e5k<\/li><\/ul>\t\t\t\t\t\t\t\t<\/div>\n\t\t\t\t<\/div>\n\t\t\t\t<\/div>\n\t\t<div class=\"elementor-element elementor-element-bdf10ad e-con-full e-flex e-con e-child\" data-id=\"bdf10ad\" data-element_type=\"container\" data-e-type=\"container\">\n\t\t\t\t<div class=\"elementor-element elementor-element-827be19 elementor-widget elementor-widget-text-editor\" data-id=\"827be19\" data-element_type=\"widget\" data-e-type=\"widget\" data-widget_type=\"text-editor.default\">\n\t\t\t\t<div class=\"elementor-widget-container\">\n\t\t\t\t\t\t\t\t\t<h5 class=\"content\"><strong>Hendelsesh\u00e5ndtering<\/strong><\/h5><ul><li>Saksbehandling<\/li><li>SEL-senteret<\/li><li>Oppgaver<\/li><li>Rapporter og analyser<\/li><li>Varsler<\/li><li>Automatisert arbeidsflyt<\/li><\/ul>\t\t\t\t\t\t\t\t<\/div>\n\t\t\t\t<\/div>\n\t\t\t\t<\/div>\n\t\t\t\t\t<\/div>\n\t\t\t\t<\/div>\n\t\t<div class=\"elementor-element elementor-element-3e85074 e-flex e-con-boxed e-con e-parent\" data-id=\"3e85074\" data-element_type=\"container\" data-e-type=\"container\">\n\t\t\t\t\t<div class=\"e-con-inner\">\n\t\t<div class=\"elementor-element elementor-element-3bb528f e-con-full e-flex e-con e-child\" data-id=\"3bb528f\" data-element_type=\"container\" data-e-type=\"container\">\n\t\t\t\t<div class=\"elementor-element elementor-element-294e9f1 elementor-widget elementor-widget-heading\" data-id=\"294e9f1\" data-element_type=\"widget\" data-e-type=\"widget\" data-widget_type=\"heading.default\">\n\t\t\t\t<div class=\"elementor-widget-container\">\n\t\t\t\t\t<h2 class=\"elementor-heading-title elementor-size-default\">L\u00e6r mer<\/h2>\t\t\t\t<\/div>\n\t\t\t\t<\/div>\n\t\t\t\t<div class=\"elementor-element elementor-element-6103531 elementor-widget elementor-widget-text-editor\" data-id=\"6103531\" data-element_type=\"widget\" data-e-type=\"widget\" data-widget_type=\"text-editor.default\">\n\t\t\t\t<div class=\"elementor-widget-container\">\n\t\t\t\t\t\t\t\t\t<p>Vi avtaler gjerne en kort demonstrasjon med deg, slik at du kan se StopIt i aksjon, l\u00e6re mer om organisasjonen din og hvordan vi kan hjelpe deg.<\/p><p>Kontakt oss nedenfor for \u00e5 snakke med en representant eller se en demonstrasjon.<\/p><p>E-post: <a href=\"mailto:stopit@lightspeedsystems.com\">stopit@lightspeedsystems.com<\/a><\/p><p>Telefon: 908.748.4500<\/p>\t\t\t\t\t\t\t\t<\/div>\n\t\t\t\t<\/div>\n\t\t\t\t<div class=\"elementor-element elementor-element-e97d03a elementor-widget__width-initial elementor-widget elementor-widget-button\" data-id=\"e97d03a\" data-element_type=\"widget\" data-e-type=\"widget\" data-widget_type=\"button.default\">\n\t\t\t\t<div class=\"elementor-widget-container\">\n\t\t\t\t\t\t\t\t\t<div class=\"elementor-button-wrapper\">\n\t\t\t\t\t<a class=\"elementor-button elementor-button-link elementor-size-sm\" href=\"https:\/\/www.lightspeedsystems.com\/nb\/request-a-demo\/?SHESC\" source=\"SHESC\">\n\t\t\t\t\t\t<span class=\"elementor-button-content-wrapper\">\n\t\t\t\t\t\t\t\t\t<span class=\"elementor-button-text\">Registrer deg for en 20-minutters demonstrasjon<\/span>\n\t\t\t\t\t<\/span>\n\t\t\t\t\t<\/a>\n\t\t\t\t<\/div>\n\t\t\t\t\t\t\t\t<\/div>\n\t\t\t\t<\/div>\n\t\t\t\t<\/div>\n\t\t\t\t\t<\/div>\n\t\t\t\t<\/div>\n\t\t\t\t<\/div>","protected":false},"excerpt":{"rendered":"<p>Lightspeed-l\u00f8sninger leverer samsvar og sikkerhet p\u00e5 tvers av skoledistrikter i New York. Se hvorfor.<\/p>","protected":false},"author":2,"featured_media":0,"parent":22498,"menu_order":0,"comment_status":"closed","ping_status":"closed","template":"","meta":{"_acf_changed":false,"_yoast_wpseo_focuskw":"","_yoast_wpseo_title":"OSIG ARS","_yoast_wpseo_metadesc":"STOPit and OSIG provide the Anonymous Reporting System to deter inappropriate behavior in schools.","footnotes":""},"class_list":["post-34600","page","type-page","status-publish","hentry"],"acf":[],"yoast_head":"<!-- This site is optimized with the Yoast SEO Premium plugin v27.1 (Yoast SEO v27.1.1) - https:\/\/yoast.com\/product\/yoast-seo-premium-wordpress\/ -->\n<title>OSIG ARS<\/title>\n<meta name=\"description\" content=\"STOPit and OSIG provide the Anonymous Reporting System to deter inappropriate behavior in schools.\" \/>\n<meta name=\"robots\" content=\"index, follow, max-snippet:-1, max-image-preview:large, max-video-preview:-1\" \/>\n<link rel=\"canonical\" href=\"https:\/\/www.lightspeedsystems.com\/nb\/resources\/osig\/\" \/>\n<meta property=\"og:locale\" content=\"nb_NO\" \/>\n<meta property=\"og:type\" content=\"article\" \/>\n<meta property=\"og:title\" content=\"OSIG\" \/>\n<meta property=\"og:description\" content=\"STOPit and OSIG provide the Anonymous Reporting System to deter inappropriate behavior in schools.\" \/>\n<meta property=\"og:url\" content=\"https:\/\/www.lightspeedsystems.com\/nb\/resources\/osig\/\" \/>\n<meta property=\"og:site_name\" content=\"Lightspeed Systems\" \/>\n<meta property=\"article:publisher\" content=\"https:\/\/www.facebook.com\/lightspeedsystems\/\" \/>\n<meta property=\"article:modified_time\" content=\"2025-08-06T18:35:20+00:00\" \/>\n<meta property=\"og:image\" content=\"https:\/\/www.lightspeedsystems.com\/wp-content\/uploads\/2025\/05\/OSIG-logo-transparent_1-1024x171.png\" \/>\n<meta name=\"twitter:card\" content=\"summary_large_image\" \/>\n<meta name=\"twitter:site\" content=\"@lightspeedsys\" \/>\n<meta name=\"twitter:label1\" content=\"Est. reading time\" \/>\n\t<meta name=\"twitter:data1\" content=\"2 minutter\" \/>\n<script type=\"application\/ld+json\" class=\"yoast-schema-graph\">{\"@context\":\"https:\/\/schema.org\",\"@graph\":[{\"@type\":\"WebPage\",\"@id\":\"https:\/\/www.lightspeedsystems.com\/resources\/osig\/\",\"url\":\"https:\/\/www.lightspeedsystems.com\/resources\/osig\/\",\"name\":\"OSIG ARS\",\"isPartOf\":{\"@id\":\"https:\/\/www.lightspeedsystems.com\/zh\/#website\"},\"primaryImageOfPage\":{\"@id\":\"https:\/\/www.lightspeedsystems.com\/resources\/osig\/#primaryimage\"},\"image\":{\"@id\":\"https:\/\/www.lightspeedsystems.com\/resources\/osig\/#primaryimage\"},\"thumbnailUrl\":\"https:\/\/www.lightspeedsystems.com\/wp-content\/uploads\/2025\/05\/OSIG-logo-transparent_1-1024x171.png\",\"datePublished\":\"2025-05-27T13:17:26+00:00\",\"dateModified\":\"2025-08-06T18:35:20+00:00\",\"description\":\"STOPit and OSIG provide the Anonymous Reporting System to deter inappropriate behavior in schools.\",\"breadcrumb\":{\"@id\":\"https:\/\/www.lightspeedsystems.com\/resources\/osig\/#breadcrumb\"},\"inLanguage\":\"nb-NO\",\"potentialAction\":[{\"@type\":\"ReadAction\",\"target\":[\"https:\/\/www.lightspeedsystems.com\/resources\/osig\/\"]}]},{\"@type\":\"ImageObject\",\"inLanguage\":\"nb-NO\",\"@id\":\"https:\/\/www.lightspeedsystems.com\/resources\/osig\/#primaryimage\",\"url\":\"https:\/\/www.lightspeedsystems.com\/wp-content\/uploads\/2025\/05\/OSIG-logo-transparent_1-1024x171.png\",\"contentUrl\":\"https:\/\/www.lightspeedsystems.com\/wp-content\/uploads\/2025\/05\/OSIG-logo-transparent_1-1024x171.png\"},{\"@type\":\"BreadcrumbList\",\"@id\":\"https:\/\/www.lightspeedsystems.com\/resources\/osig\/#breadcrumb\",\"itemListElement\":[{\"@type\":\"ListItem\",\"position\":1,\"name\":\"Home\",\"item\":\"https:\/\/www.lightspeedsystems.com\/\"},{\"@type\":\"ListItem\",\"position\":2,\"name\":\"Resources\",\"item\":\"https:\/\/www.lightspeedsystems.com\/resources\/\"},{\"@type\":\"ListItem\",\"position\":3,\"name\":\"App Audit\"}]},{\"@type\":\"WebSite\",\"@id\":\"https:\/\/www.lightspeedsystems.com\/zh\/#website\",\"url\":\"https:\/\/www.lightspeedsystems.com\/zh\/\",\"name\":\"Lightspeed Systems\",\"description\":\"Helping K-12 communities provide safe, secure, and equitable education\u2014effortlessly.\",\"publisher\":{\"@id\":\"https:\/\/www.lightspeedsystems.com\/zh\/#organization\"},\"potentialAction\":[{\"@type\":\"SearchAction\",\"target\":{\"@type\":\"EntryPoint\",\"urlTemplate\":\"https:\/\/www.lightspeedsystems.com\/zh\/?s={search_term_string}\"},\"query-input\":{\"@type\":\"PropertyValueSpecification\",\"valueRequired\":true,\"valueName\":\"search_term_string\"}}],\"inLanguage\":\"nb-NO\"},{\"@type\":\"Organization\",\"@id\":\"https:\/\/www.lightspeedsystems.com\/zh\/#organization\",\"name\":\"Lightspeed Systems\",\"url\":\"https:\/\/www.lightspeedsystems.com\/zh\/\",\"logo\":{\"@type\":\"ImageObject\",\"inLanguage\":\"nb-NO\",\"@id\":\"https:\/\/www.lightspeedsystems.com\/zh\/#\/schema\/logo\/image\/\",\"url\":\"https:\/\/www.lightspeedsystems.com\/wp-content\/uploads\/2024\/12\/lightspeed_systems_logo.svg\",\"contentUrl\":\"https:\/\/www.lightspeedsystems.com\/wp-content\/uploads\/2024\/12\/lightspeed_systems_logo.svg\",\"caption\":\"Lightspeed Systems\"},\"image\":{\"@id\":\"https:\/\/www.lightspeedsystems.com\/zh\/#\/schema\/logo\/image\/\"},\"sameAs\":[\"https:\/\/www.facebook.com\/lightspeedsystems\/\",\"https:\/\/x.com\/lightspeedsys\",\"https:\/\/www.linkedin.com\/company\/lightspeed-systems\/\"]}]}<\/script>\n<!-- \/ Yoast SEO Premium plugin. -->","yoast_head_json":{"title":"OSIG ARS","description":"STOPit og OSIG tilbyr det anonyme rapporteringssystemet for \u00e5 avskrekke upassende oppf\u00f8rsel i skolene.","robots":{"index":"index","follow":"follow","max-snippet":"max-snippet:-1","max-image-preview":"max-image-preview:large","max-video-preview":"max-video-preview:-1"},"canonical":"https:\/\/www.lightspeedsystems.com\/nb\/resources\/osig\/","og_locale":"nb_NO","og_type":"article","og_title":"OSIG","og_description":"STOPit and OSIG provide the Anonymous Reporting System to deter inappropriate behavior in schools.","og_url":"https:\/\/www.lightspeedsystems.com\/nb\/resources\/osig\/","og_site_name":"Lightspeed Systems","article_publisher":"https:\/\/www.facebook.com\/lightspeedsystems\/","article_modified_time":"2025-08-06T18:35:20+00:00","og_image":[{"url":"https:\/\/www.lightspeedsystems.com\/wp-content\/uploads\/2025\/05\/OSIG-logo-transparent_1-1024x171.png","type":"","width":"","height":""}],"twitter_card":"summary_large_image","twitter_site":"@lightspeedsys","twitter_misc":{"Est. reading time":"2 minutter"},"schema":{"@context":"https:\/\/schema.org","@graph":[{"@type":"WebPage","@id":"https:\/\/www.lightspeedsystems.com\/resources\/osig\/","url":"https:\/\/www.lightspeedsystems.com\/resources\/osig\/","name":"OSIG ARS","isPartOf":{"@id":"https:\/\/www.lightspeedsystems.com\/zh\/#website"},"primaryImageOfPage":{"@id":"https:\/\/www.lightspeedsystems.com\/resources\/osig\/#primaryimage"},"image":{"@id":"https:\/\/www.lightspeedsystems.com\/resources\/osig\/#primaryimage"},"thumbnailUrl":"https:\/\/www.lightspeedsystems.com\/wp-content\/uploads\/2025\/05\/OSIG-logo-transparent_1-1024x171.png","datePublished":"2025-05-27T13:17:26+00:00","dateModified":"2025-08-06T18:35:20+00:00","description":"STOPit og OSIG tilbyr det anonyme rapporteringssystemet for \u00e5 avskrekke upassende oppf\u00f8rsel i skolene.","breadcrumb":{"@id":"https:\/\/www.lightspeedsystems.com\/resources\/osig\/#breadcrumb"},"inLanguage":"nb-NO","potentialAction":[{"@type":"ReadAction","target":["https:\/\/www.lightspeedsystems.com\/resources\/osig\/"]}]},{"@type":"ImageObject","inLanguage":"nb-NO","@id":"https:\/\/www.lightspeedsystems.com\/resources\/osig\/#primaryimage","url":"https:\/\/www.lightspeedsystems.com\/wp-content\/uploads\/2025\/05\/OSIG-logo-transparent_1-1024x171.png","contentUrl":"https:\/\/www.lightspeedsystems.com\/wp-content\/uploads\/2025\/05\/OSIG-logo-transparent_1-1024x171.png"},{"@type":"BreadcrumbList","@id":"https:\/\/www.lightspeedsystems.com\/resources\/osig\/#breadcrumb","itemListElement":[{"@type":"ListItem","position":1,"name":"Home","item":"https:\/\/www.lightspeedsystems.com\/"},{"@type":"ListItem","position":2,"name":"Resources","item":"https:\/\/www.lightspeedsystems.com\/resources\/"},{"@type":"ListItem","position":3,"name":"App Audit"}]},{"@type":"WebSite","@id":"https:\/\/www.lightspeedsystems.com\/zh\/#website","url":"https:\/\/www.lightspeedsystems.com\/zh\/","name":"Lyshastighetssystemer","description":"Hjelper K-12-samfunn med trygg, sikker og rettferdig utdanning \u2013 uten problemer.","publisher":{"@id":"https:\/\/www.lightspeedsystems.com\/zh\/#organization"},"potentialAction":[{"@type":"SearchAction","target":{"@type":"EntryPoint","urlTemplate":"https:\/\/www.lightspeedsystems.com\/zh\/?s={search_term_string}"},"query-input":{"@type":"PropertyValueSpecification","valueRequired":true,"valueName":"search_term_string"}}],"inLanguage":"nb-NO"},{"@type":"Organization","@id":"https:\/\/www.lightspeedsystems.com\/zh\/#organization","name":"Lyshastighetssystemer","url":"https:\/\/www.lightspeedsystems.com\/zh\/","logo":{"@type":"ImageObject","inLanguage":"nb-NO","@id":"https:\/\/www.lightspeedsystems.com\/zh\/#\/schema\/logo\/image\/","url":"https:\/\/www.lightspeedsystems.com\/wp-content\/uploads\/2024\/12\/lightspeed_systems_logo.svg","contentUrl":"https:\/\/www.lightspeedsystems.com\/wp-content\/uploads\/2024\/12\/lightspeed_systems_logo.svg","caption":"Lightspeed Systems"},"image":{"@id":"https:\/\/www.lightspeedsystems.com\/zh\/#\/schema\/logo\/image\/"},"sameAs":["https:\/\/www.facebook.com\/lightspeedsystems\/","https:\/\/x.com\/lightspeedsys","https:\/\/www.linkedin.com\/company\/lightspeed-systems\/"]}]}},"_links":{"self":[{"href":"https:\/\/www.lightspeedsystems.com\/nb\/wp-json\/wp\/v2\/pages\/34600","targetHints":{"allow":["GET"]}}],"collection":[{"href":"https:\/\/www.lightspeedsystems.com\/nb\/wp-json\/wp\/v2\/pages"}],"about":[{"href":"https:\/\/www.lightspeedsystems.com\/nb\/wp-json\/wp\/v2\/types\/page"}],"author":[{"embeddable":true,"href":"https:\/\/www.lightspeedsystems.com\/nb\/wp-json\/wp\/v2\/users\/2"}],"replies":[{"embeddable":true,"href":"https:\/\/www.lightspeedsystems.com\/nb\/wp-json\/wp\/v2\/comments?post=34600"}],"version-history":[{"count":0,"href":"https:\/\/www.lightspeedsystems.com\/nb\/wp-json\/wp\/v2\/pages\/34600\/revisions"}],"up":[{"embeddable":true,"href":"https:\/\/www.lightspeedsystems.com\/nb\/wp-json\/wp\/v2\/pages\/22498"}],"wp:attachment":[{"href":"https:\/\/www.lightspeedsystems.com\/nb\/wp-json\/wp\/v2\/media?parent=34600"}],"curies":[{"name":"wp","href":"https:\/\/api.w.org\/{rel}","templated":true}]}}