{"id":31540,"date":"2025-01-20T02:02:20","date_gmt":"2025-01-20T02:02:20","guid":{"rendered":"https:\/\/www.lightspeedsystems.com\/?page_id=31540"},"modified":"2025-01-20T02:03:08","modified_gmt":"2025-01-20T02:03:08","slug":"thank-you-partner-deal-registration-shi","status":"publish","type":"page","link":"https:\/\/www.lightspeedsystems.com\/pt\/partners\/thank-you-partner-deal-registration-shi\/","title":{"rendered":"Registro de acordo de parceiro SHI Obrigado"},"content":{"rendered":"<div data-elementor-type=\"wp-page\" data-elementor-id=\"31540\" class=\"elementor elementor-31540\" data-elementor-post-type=\"page\">\n\t\t\t\t<div class=\"elementor-element elementor-element-62007e4a animated-fast e-flex e-con-boxed elementor-invisible e-con e-parent\" data-id=\"62007e4a\" data-element_type=\"container\" data-e-type=\"container\" data-settings=\"{&quot;background_background&quot;:&quot;classic&quot;,&quot;animation&quot;:&quot;fadeIn&quot;,&quot;animation_delay&quot;:20}\">\n\t\t\t\t\t<div class=\"e-con-inner\">\n\t\t\t\t<div class=\"elementor-element elementor-element-73959adb elementor-widget elementor-widget-breadcrumbs\" data-id=\"73959adb\" data-element_type=\"widget\" data-e-type=\"widget\" data-widget_type=\"breadcrumbs.default\">\n\t\t\t\t<div class=\"elementor-widget-container\">\n\t\t\t\t\t<p id=\"breadcrumbs\"><span><span><a href=\"https:\/\/www.lightspeedsystems.com\/pt\/\">Lar<\/a><\/span><\/span><\/p>\t\t\t\t<\/div>\n\t\t\t\t<\/div>\n\t\t<div class=\"elementor-element elementor-element-aedc266 e-flex e-con-boxed e-con e-child\" data-id=\"aedc266\" data-element_type=\"container\" data-e-type=\"container\">\n\t\t\t\t\t<div class=\"e-con-inner\">\n\t\t\t\t<div class=\"elementor-element elementor-element-7bccee15 elementor-widget elementor-widget-heading\" data-id=\"7bccee15\" data-element_type=\"widget\" data-e-type=\"widget\" data-widget_type=\"heading.default\">\n\t\t\t\t<div class=\"elementor-widget-container\">\n\t\t\t\t\t<h1 class=\"elementor-heading-title elementor-size-default\">Registro de acordo de parceiro SHI Obrigado<\/h1>\t\t\t\t<\/div>\n\t\t\t\t<\/div>\n\t\t\t\t\t<\/div>\n\t\t\t\t<\/div>\n\t\t\t\t\t<\/div>\n\t\t\t\t<\/div>\n\t\t<div class=\"elementor-element elementor-element-47d8603 e-grid e-con-boxed e-con e-parent\" data-id=\"47d8603\" data-element_type=\"container\" data-e-type=\"container\">\n\t\t\t\t\t<div class=\"e-con-inner\">\n\t\t\t\t<div class=\"elementor-element elementor-element-0feefd2 elementor-widget elementor-widget-text-editor\" data-id=\"0feefd2\" data-element_type=\"widget\" data-e-type=\"widget\" data-widget_type=\"text-editor.default\">\n\t\t\t\t<div class=\"elementor-widget-container\">\n\t\t\t\t\t\t\t\t\t<h2>Campanha de auditoria de aplicativos<\/h2><p>O registro de neg\u00f3cio tem como objetivo proteger parceiros. Este formul\u00e1rio nos notifica sobre seu envolvimento com uma conta.<\/p><p>Preencha este formul\u00e1rio para registrar seu neg\u00f3cio; ent\u00e3o nossa equipe de vendas analisar\u00e1 o neg\u00f3cio e a conta. Entraremos em contato para discutir esta oportunidade e confirmar se o registro do neg\u00f3cio foi aprovado.<\/p><p>Se aprovado, o registro do neg\u00f3cio \u00e9 v\u00e1lido por at\u00e9 60 dias. Sob algumas condi\u00e7\u00f5es, extens\u00f5es podem ser concedidas pelo Account Manager. \u00c9 por isso que a comunica\u00e7\u00e3o cont\u00ednua durante esse per\u00edodo \u00e9 cr\u00edtica.<\/p><p>Os registros s\u00e3o aprovados quando o cliente atende a pelo menos um dos seguintes crit\u00e9rios:<\/p><ul><li>A) Participou de um webinar<\/li><li>B) Participou de um almo\u00e7o e aprendizado ou reuni\u00e3o no local junto com um representante da LS<\/li><li>C) Enviei um e-mail diretamente para voc\u00ea solicitando um or\u00e7amento do Lightspeed<\/li><\/ul><p>Depois de registrar um neg\u00f3cio, voc\u00ea ser\u00e1 contatado por um membro da nossa equipe de vendas que informar\u00e1 se seu registro est\u00e1 ativo ou se o mesmo neg\u00f3cio j\u00e1 foi registrado por outro parceiro.<\/p><p>\u200b<\/p>\t\t\t\t\t\t\t\t<\/div>\n\t\t\t\t<\/div>\n\t\t\t\t<div class=\"elementor-element elementor-element-729b889 elementor-widget elementor-widget-text-editor\" data-id=\"729b889\" data-element_type=\"widget\" data-e-type=\"widget\" data-widget_type=\"text-editor.default\">\n\t\t\t\t<div class=\"elementor-widget-container\">\n\t\t\t\t\t\t\t\t\t<p>Obrigado pelo registro do seu neg\u00f3cio.<\/p><p><a href=\"\/pt\/partners\/partner-deal-registration-SHI\/\">Quer enviar outro?<\/a><\/p>\t\t\t\t\t\t\t\t<\/div>\n\t\t\t\t<\/div>\n\t\t\t\t\t<\/div>\n\t\t\t\t<\/div>\n\t\t\t\t<\/div>","protected":false},"excerpt":{"rendered":"<p>App Audit Campaign Deal registration is intended to protect partners. This form notifies us of your involvement with an account. Fill out this form to register your deal; then our [&hellip;]<\/p>\n","protected":false},"author":2,"featured_media":0,"parent":22896,"menu_order":0,"comment_status":"closed","ping_status":"closed","template":"","meta":{"_acf_changed":false,"_yoast_wpseo_focuskw":"","_yoast_wpseo_title":"","_yoast_wpseo_metadesc":"","footnotes":""},"class_list":["post-31540","page","type-page","status-publish","hentry"],"acf":[],"yoast_head":"<!-- This site is optimized with the Yoast SEO Premium plugin v27.4 (Yoast SEO v27.4) - https:\/\/yoast.com\/product\/yoast-seo-premium-wordpress\/ -->\n<title>Partner Deal Registration SHI Thank You - Lightspeed Systems<\/title>\n<meta name=\"robots\" content=\"index, follow, max-snippet:-1, max-image-preview:large, max-video-preview:-1\" \/>\n<link rel=\"canonical\" href=\"https:\/\/www.lightspeedsystems.com\/pt\/partners\/thank-you-partner-deal-registration-shi\/\" \/>\n<meta property=\"og:locale\" content=\"pt_BR\" \/>\n<meta property=\"og:type\" content=\"article\" \/>\n<meta property=\"og:title\" content=\"Partner Deal Registration SHI Thank You\" \/>\n<meta property=\"og:description\" content=\"App Audit Campaign Deal registration is intended to protect partners. This form notifies us of your involvement with an account. Fill out this form to register your deal; then our [&hellip;]\" \/>\n<meta property=\"og:url\" content=\"https:\/\/www.lightspeedsystems.com\/pt\/partners\/thank-you-partner-deal-registration-shi\/\" \/>\n<meta property=\"og:site_name\" content=\"Lightspeed Systems\" \/>\n<meta property=\"article:publisher\" content=\"https:\/\/www.facebook.com\/lightspeedsystems\/\" \/>\n<meta property=\"article:modified_time\" content=\"2025-01-20T02:03:08+00:00\" \/>\n<meta name=\"twitter:card\" content=\"summary_large_image\" \/>\n<meta name=\"twitter:site\" content=\"@lightspeedsys\" \/>\n<meta name=\"twitter:label1\" content=\"Est. reading time\" \/>\n\t<meta name=\"twitter:data1\" content=\"1 minuto\" \/>\n<script type=\"application\/ld+json\" class=\"yoast-schema-graph\">{\"@context\":\"https:\\\/\\\/schema.org\",\"@graph\":[{\"@type\":\"WebPage\",\"@id\":\"https:\\\/\\\/www.lightspeedsystems.com\\\/partners\\\/thank-you-partner-deal-registration-shi\\\/\",\"url\":\"https:\\\/\\\/www.lightspeedsystems.com\\\/partners\\\/thank-you-partner-deal-registration-shi\\\/\",\"name\":\"Partner Deal Registration SHI Thank You - Lightspeed Systems\",\"isPartOf\":{\"@id\":\"https:\\\/\\\/www.lightspeedsystems.com\\\/zh\\\/#website\"},\"datePublished\":\"2025-01-20T02:02:20+00:00\",\"dateModified\":\"2025-01-20T02:03:08+00:00\",\"breadcrumb\":{\"@id\":\"https:\\\/\\\/www.lightspeedsystems.com\\\/partners\\\/thank-you-partner-deal-registration-shi\\\/#breadcrumb\"},\"inLanguage\":\"pt-BR\",\"potentialAction\":[{\"@type\":\"ReadAction\",\"target\":[\"https:\\\/\\\/www.lightspeedsystems.com\\\/partners\\\/thank-you-partner-deal-registration-shi\\\/\"]}]},{\"@type\":\"BreadcrumbList\",\"@id\":\"https:\\\/\\\/www.lightspeedsystems.com\\\/partners\\\/thank-you-partner-deal-registration-shi\\\/#breadcrumb\",\"itemListElement\":[{\"@type\":\"ListItem\",\"position\":1,\"name\":\"Home\",\"item\":\"https:\\\/\\\/www.lightspeedsystems.com\\\/\"},{\"@type\":\"ListItem\",\"position\":2,\"name\":\"Partners\",\"item\":\"https:\\\/\\\/www.lightspeedsystems.com\\\/partners\\\/\"},{\"@type\":\"ListItem\",\"position\":3,\"name\":\"Partner Deal Registration SHI Thank You\"}]},{\"@type\":\"WebSite\",\"@id\":\"https:\\\/\\\/www.lightspeedsystems.com\\\/zh\\\/#website\",\"url\":\"https:\\\/\\\/www.lightspeedsystems.com\\\/zh\\\/\",\"name\":\"Lightspeed Systems\",\"description\":\"Helping K-12 communities provide safe, secure, and equitable education\u2014effortlessly.\",\"publisher\":{\"@id\":\"https:\\\/\\\/www.lightspeedsystems.com\\\/zh\\\/#organization\"},\"potentialAction\":[{\"@type\":\"SearchAction\",\"target\":{\"@type\":\"EntryPoint\",\"urlTemplate\":\"https:\\\/\\\/www.lightspeedsystems.com\\\/zh\\\/?s={search_term_string}\"},\"query-input\":{\"@type\":\"PropertyValueSpecification\",\"valueRequired\":true,\"valueName\":\"search_term_string\"}}],\"inLanguage\":\"pt-BR\"},{\"@type\":\"Organization\",\"@id\":\"https:\\\/\\\/www.lightspeedsystems.com\\\/zh\\\/#organization\",\"name\":\"Lightspeed Systems\",\"url\":\"https:\\\/\\\/www.lightspeedsystems.com\\\/zh\\\/\",\"logo\":{\"@type\":\"ImageObject\",\"inLanguage\":\"pt-BR\",\"@id\":\"https:\\\/\\\/www.lightspeedsystems.com\\\/zh\\\/#\\\/schema\\\/logo\\\/image\\\/\",\"url\":\"https:\\\/\\\/www.lightspeedsystems.com\\\/wp-content\\\/uploads\\\/2024\\\/12\\\/lightspeed_systems_logo.svg\",\"contentUrl\":\"https:\\\/\\\/www.lightspeedsystems.com\\\/wp-content\\\/uploads\\\/2024\\\/12\\\/lightspeed_systems_logo.svg\",\"caption\":\"Lightspeed Systems\"},\"image\":{\"@id\":\"https:\\\/\\\/www.lightspeedsystems.com\\\/zh\\\/#\\\/schema\\\/logo\\\/image\\\/\"},\"sameAs\":[\"https:\\\/\\\/www.facebook.com\\\/lightspeedsystems\\\/\",\"https:\\\/\\\/x.com\\\/lightspeedsys\",\"https:\\\/\\\/www.linkedin.com\\\/company\\\/lightspeed-systems\\\/\"]}]}<\/script>\n<!-- \/ Yoast SEO Premium plugin. -->","yoast_head_json":{"title":"Cadastro de Parceiro SHI - Obrigado - Lightspeed Systems","robots":{"index":"index","follow":"follow","max-snippet":"max-snippet:-1","max-image-preview":"max-image-preview:large","max-video-preview":"max-video-preview:-1"},"canonical":"https:\/\/www.lightspeedsystems.com\/pt\/partners\/thank-you-partner-deal-registration-shi\/","og_locale":"pt_BR","og_type":"article","og_title":"Partner Deal Registration SHI Thank You","og_description":"App Audit Campaign Deal registration is intended to protect partners. This form notifies us of your involvement with an account. Fill out this form to register your deal; then our [&hellip;]","og_url":"https:\/\/www.lightspeedsystems.com\/pt\/partners\/thank-you-partner-deal-registration-shi\/","og_site_name":"Lightspeed Systems","article_publisher":"https:\/\/www.facebook.com\/lightspeedsystems\/","article_modified_time":"2025-01-20T02:03:08+00:00","twitter_card":"summary_large_image","twitter_site":"@lightspeedsys","twitter_misc":{"Est. reading time":"1 minuto"},"schema":{"@context":"https:\/\/schema.org","@graph":[{"@type":"WebPage","@id":"https:\/\/www.lightspeedsystems.com\/partners\/thank-you-partner-deal-registration-shi\/","url":"https:\/\/www.lightspeedsystems.com\/partners\/thank-you-partner-deal-registration-shi\/","name":"Cadastro de Parceiro SHI - Obrigado - Lightspeed Systems","isPartOf":{"@id":"https:\/\/www.lightspeedsystems.com\/zh\/#website"},"datePublished":"2025-01-20T02:02:20+00:00","dateModified":"2025-01-20T02:03:08+00:00","breadcrumb":{"@id":"https:\/\/www.lightspeedsystems.com\/partners\/thank-you-partner-deal-registration-shi\/#breadcrumb"},"inLanguage":"pt-BR","potentialAction":[{"@type":"ReadAction","target":["https:\/\/www.lightspeedsystems.com\/partners\/thank-you-partner-deal-registration-shi\/"]}]},{"@type":"BreadcrumbList","@id":"https:\/\/www.lightspeedsystems.com\/partners\/thank-you-partner-deal-registration-shi\/#breadcrumb","itemListElement":[{"@type":"ListItem","position":1,"name":"Home","item":"https:\/\/www.lightspeedsystems.com\/"},{"@type":"ListItem","position":2,"name":"Partners","item":"https:\/\/www.lightspeedsystems.com\/partners\/"},{"@type":"ListItem","position":3,"name":"Partner Deal Registration SHI Thank You"}]},{"@type":"WebSite","@id":"https:\/\/www.lightspeedsystems.com\/zh\/#website","url":"https:\/\/www.lightspeedsystems.com\/zh\/","name":"Sistemas Lightspeed","description":"Ajudando comunidades do ensino fundamental e m\u00e9dio a oferecer educa\u00e7\u00e3o segura, protegida e equitativa, sem esfor\u00e7o.","publisher":{"@id":"https:\/\/www.lightspeedsystems.com\/zh\/#organization"},"potentialAction":[{"@type":"SearchAction","target":{"@type":"EntryPoint","urlTemplate":"https:\/\/www.lightspeedsystems.com\/zh\/?s={search_term_string}"},"query-input":{"@type":"PropertyValueSpecification","valueRequired":true,"valueName":"search_term_string"}}],"inLanguage":"pt-BR"},{"@type":"Organization","@id":"https:\/\/www.lightspeedsystems.com\/zh\/#organization","name":"Sistemas Lightspeed","url":"https:\/\/www.lightspeedsystems.com\/zh\/","logo":{"@type":"ImageObject","inLanguage":"pt-BR","@id":"https:\/\/www.lightspeedsystems.com\/zh\/#\/schema\/logo\/image\/","url":"https:\/\/www.lightspeedsystems.com\/wp-content\/uploads\/2024\/12\/lightspeed_systems_logo.svg","contentUrl":"https:\/\/www.lightspeedsystems.com\/wp-content\/uploads\/2024\/12\/lightspeed_systems_logo.svg","caption":"Lightspeed Systems"},"image":{"@id":"https:\/\/www.lightspeedsystems.com\/zh\/#\/schema\/logo\/image\/"},"sameAs":["https:\/\/www.facebook.com\/lightspeedsystems\/","https:\/\/x.com\/lightspeedsys","https:\/\/www.linkedin.com\/company\/lightspeed-systems\/"]}]}},"_links":{"self":[{"href":"https:\/\/www.lightspeedsystems.com\/pt\/wp-json\/wp\/v2\/pages\/31540","targetHints":{"allow":["GET"]}}],"collection":[{"href":"https:\/\/www.lightspeedsystems.com\/pt\/wp-json\/wp\/v2\/pages"}],"about":[{"href":"https:\/\/www.lightspeedsystems.com\/pt\/wp-json\/wp\/v2\/types\/page"}],"author":[{"embeddable":true,"href":"https:\/\/www.lightspeedsystems.com\/pt\/wp-json\/wp\/v2\/users\/2"}],"replies":[{"embeddable":true,"href":"https:\/\/www.lightspeedsystems.com\/pt\/wp-json\/wp\/v2\/comments?post=31540"}],"version-history":[{"count":0,"href":"https:\/\/www.lightspeedsystems.com\/pt\/wp-json\/wp\/v2\/pages\/31540\/revisions"}],"up":[{"embeddable":true,"href":"https:\/\/www.lightspeedsystems.com\/pt\/wp-json\/wp\/v2\/pages\/22896"}],"wp:attachment":[{"href":"https:\/\/www.lightspeedsystems.com\/pt\/wp-json\/wp\/v2\/media?parent=31540"}],"curies":[{"name":"wp","href":"https:\/\/api.w.org\/{rel}","templated":true}]}}