{"id":34568,"date":"2025-05-26T13:28:01","date_gmt":"2025-05-26T17:28:01","guid":{"rendered":"https:\/\/www.lightspeedsystems.com\/?page_id=34568"},"modified":"2025-08-06T14:51:00","modified_gmt":"2025-08-06T18:51:00","slug":"shesc","status":"publish","type":"page","link":"https:\/\/www.lightspeedsystems.com\/pt\/resources\/shesc\/","title":{"rendered":"SHESC"},"content":{"rendered":"<div data-elementor-type=\"wp-page\" data-elementor-id=\"34568\" class=\"elementor elementor-34568\" data-elementor-post-type=\"page\">\n\t\t\t\t<div class=\"elementor-element elementor-element-085b06f e-flex e-con-boxed e-con e-parent\" data-id=\"085b06f\" data-element_type=\"container\" data-e-type=\"container\" data-settings=\"{&quot;background_background&quot;:&quot;classic&quot;}\">\n\t\t\t\t\t<div class=\"e-con-inner\">\n\t\t<div class=\"elementor-element elementor-element-1e4a08d e-con-full e-flex e-con e-child\" data-id=\"1e4a08d\" data-element_type=\"container\" data-e-type=\"container\">\n\t\t\t\t<div class=\"elementor-element elementor-element-fdfb962 elementor-widget elementor-widget-text-editor\" data-id=\"fdfb962\" data-element_type=\"widget\" data-e-type=\"widget\" data-widget_type=\"text-editor.default\">\n\t\t\t\t<div class=\"elementor-widget-container\">\n\t\t\t\t\t\t\t\t\t<h2>A Smoky Hill ESC fez parceria com a StopIt para proteger suas escolas<\/h2><p>A Smoky Hill ESC est\u00e1 oferecendo \u00e0s suas escolas uma solu\u00e7\u00e3o l\u00edder em den\u00fancias an\u00f4nimas, sem custos, com verbas destinadas ao seu distrito escolar. Esta oferta gratuita \u00e9 v\u00e1lida por ordem de chegada.<\/p><p>O software e os servi\u00e7os Lightspeed StopIt capacitam alunos e funcion\u00e1rios a relatar comportamentos inadequados, problemas de sa\u00fade mental e seguran\u00e7a aos administradores de suas escolas, anonimamente.<\/p>\t\t\t\t\t\t\t\t<\/div>\n\t\t\t\t<\/div>\n\t\t\t\t<div class=\"elementor-element elementor-element-01d25a7 elementor-widget__width-initial elementor-widget elementor-widget-button\" data-id=\"01d25a7\" data-element_type=\"widget\" data-e-type=\"widget\" data-widget_type=\"button.default\">\n\t\t\t\t<div class=\"elementor-widget-container\">\n\t\t\t\t\t\t\t\t\t<div class=\"elementor-button-wrapper\">\n\t\t\t\t\t<a class=\"elementor-button elementor-button-link elementor-size-sm\" href=\"https:\/\/www.lightspeedsystems.com\/pt\/request-a-demo\/?SHESC\">\n\t\t\t\t\t\t<span class=\"elementor-button-content-wrapper\">\n\t\t\t\t\t\t\t\t\t<span class=\"elementor-button-text\">Agende uma demonstra\u00e7\u00e3o<\/span>\n\t\t\t\t\t<\/span>\n\t\t\t\t\t<\/a>\n\t\t\t\t<\/div>\n\t\t\t\t\t\t\t\t<\/div>\n\t\t\t\t<\/div>\n\t\t\t\t<\/div>\n\t\t<div class=\"elementor-element elementor-element-3708f24 e-con-full e-flex e-con e-child\" data-id=\"3708f24\" data-element_type=\"container\" data-e-type=\"container\">\n\t\t\t\t<div class=\"elementor-element elementor-element-03b7ae3 elementor-widget elementor-widget-image\" data-id=\"03b7ae3\" data-element_type=\"widget\" data-e-type=\"widget\" data-widget_type=\"image.default\">\n\t\t\t\t<div class=\"elementor-widget-container\">\n\t\t\t\t\t\t\t\t\t\t\t\t\t\t\t<img decoding=\"async\" width=\"197\" height=\"200\" src=\"https:\/\/www.lightspeedsystems.com\/wp-content\/uploads\/2025\/05\/SHESC-Logo-Light-BG-Vertical-Evergreen-qmm6oivgintcwg1f47ozkjxory4gtm578bjx7aemm8.png\" class=\"attachment-large size-large wp-image-34571\" alt=\"\" srcset=\"https:\/\/www.lightspeedsystems.com\/wp-content\/uploads\/2025\/05\/SHESC-Logo-Light-BG-Vertical-Evergreen-qmm6oivgintcwg1f47ozkjxory4gtm578bjx7aemm8.png 197w, https:\/\/www.lightspeedsystems.com\/wp-content\/uploads\/2025\/05\/SHESC-Logo-Light-BG-Vertical-Evergreen-qmm6oivgintcwg1f47ozkjxory4gtm578bjx7aemm8-12x12.png 12w\" sizes=\"(max-width: 197px) 100vw, 197px\" \/>\t\t\t\t\t\t\t\t\t\t\t\t\t\t\t<\/div>\n\t\t\t\t<\/div>\n\t\t\t\t<\/div>\n\t\t\t\t\t<\/div>\n\t\t\t\t<\/div>\n\t\t<div class=\"elementor-element elementor-element-01a5f1e e-flex e-con-boxed e-con e-parent\" data-id=\"01a5f1e\" data-element_type=\"container\" data-e-type=\"container\">\n\t\t\t\t\t<div class=\"e-con-inner\">\n\t\t\t\t<div class=\"elementor-element elementor-element-c511bd2 elementor-widget elementor-widget-heading\" data-id=\"c511bd2\" data-element_type=\"widget\" data-e-type=\"widget\" data-widget_type=\"heading.default\">\n\t\t\t\t<div class=\"elementor-widget-container\">\n\t\t\t\t\t<h2 class=\"elementor-heading-title elementor-size-default\">Sistema de Den\u00fancias An\u00f4nimas (ARS)<\/h2>\t\t\t\t<\/div>\n\t\t\t\t<\/div>\n\t\t\t\t\t<\/div>\n\t\t\t\t<\/div>\n\t\t<div class=\"elementor-element elementor-element-e3b3885 e-flex e-con-boxed e-con e-parent\" data-id=\"e3b3885\" data-element_type=\"container\" data-e-type=\"container\">\n\t\t\t\t\t<div class=\"e-con-inner\">\n\t\t<div class=\"elementor-element elementor-element-4efbfad e-con-full e-flex e-con e-child\" data-id=\"4efbfad\" data-element_type=\"container\" data-e-type=\"container\">\n\t\t\t\t<div class=\"elementor-element elementor-element-63dce3b elementor-widget elementor-widget-text-editor\" data-id=\"63dce3b\" data-element_type=\"widget\" data-e-type=\"widget\" data-widget_type=\"text-editor.default\">\n\t\t\t\t<div class=\"elementor-widget-container\">\n\t\t\t\t\t\t\t\t\t<p>O StopIt da velocidade da luz\u00a0<strong>Aplicativo m\u00f3vel, aplicativo web<\/strong>, e den\u00fancias an\u00f4nimas <strong>Linha direta<\/strong>\u00a0Fornecemos uma maneira segura e confort\u00e1vel de compartilhar informa\u00e7\u00f5es com voc\u00ea, para que voc\u00ea possa ajudar os alunos e se antecipar a uma situa\u00e7\u00e3o antes que ela saia do controle. Agentes Certificados\u00a0<strong>monitor<\/strong>\u00a0relat\u00f3rios 24 horas por dia, 7 dias por semana, 365 dias por ano para identificar situa\u00e7\u00f5es de emerg\u00eancia e encaminhar o relat\u00f3rio para contatos predefinidos em seu distrito.<\/p><p><strong>Pare com isso Admin<\/strong>\u00a0oferece aos administradores ferramentas investigativas poderosas por meio do StopIt Messenger: comunica\u00e7\u00e3o bidirecional com rep\u00f3rteres; alertas em tempo real, relat\u00f3rios de incidentes integrados; e conte\u00fado de sa\u00fade mental desenvolvido profissionalmente.<\/p><p>A configura\u00e7\u00e3o do StopIt leva menos de 15 minutos. O Kit de Lan\u00e7amento inclui todo o material necess\u00e1rio para apresentar a plataforma a alunos, funcion\u00e1rios e administra\u00e7\u00e3o, incluindo: v\u00eddeos, modelos de e-mail, perguntas frequentes, pautas de assembleias e muito mais.<\/p>\t\t\t\t\t\t\t\t<\/div>\n\t\t\t\t<\/div>\n\t\t\t\t<\/div>\n\t\t<div class=\"elementor-element elementor-element-c525d6f e-con-full e-flex e-con e-child\" data-id=\"c525d6f\" data-element_type=\"container\" data-e-type=\"container\" data-settings=\"{&quot;background_background&quot;:&quot;classic&quot;}\">\n\t\t\t\t<div class=\"elementor-element elementor-element-33f34c0 elementor-widget elementor-widget-text-editor\" data-id=\"33f34c0\" data-element_type=\"widget\" data-e-type=\"widget\" data-widget_type=\"text-editor.default\">\n\t\t\t\t<div class=\"elementor-widget-container\">\n\t\t\t\t\t\t\t\t\t<h6>O que os alunos relatam:<\/h6><ul><li>Bullying \/ Cyberbullying<\/li><li>M\u00e1 conduta sexual<\/li><li>Viol\u00eancia \/ Amea\u00e7as<\/li><li>Quest\u00f5es de seguran\u00e7a<\/li><li>Posse de armas<\/li><li>Abuso de drogas e \u00e1lcool<\/li><li>Problemas de sa\u00fade mental<\/li><li>Intoler\u00e2ncia\/Discrimina\u00e7\u00e3o<\/li><\/ul>\t\t\t\t\t\t\t\t<\/div>\n\t\t\t\t<\/div>\n\t\t\t\t<\/div>\n\t\t\t\t\t<\/div>\n\t\t\t\t<\/div>\n\t\t<div class=\"elementor-element elementor-element-acb8f7d e-flex e-con-boxed e-con e-parent\" data-id=\"acb8f7d\" data-element_type=\"container\" data-e-type=\"container\">\n\t\t\t\t\t<div class=\"e-con-inner\">\n\t\t\t\t<div class=\"elementor-element elementor-element-c860282 elementor-widget elementor-widget-image\" data-id=\"c860282\" data-element_type=\"widget\" data-e-type=\"widget\" data-widget_type=\"image.default\">\n\t\t\t\t<div class=\"elementor-widget-container\">\n\t\t\t\t\t\t\t\t\t\t\t\t\t\t\t<img fetchpriority=\"high\" decoding=\"async\" width=\"600\" height=\"380\" src=\"https:\/\/www.lightspeedsystems.com\/wp-content\/uploads\/2025\/05\/StopIt-LP-Image.png\" class=\"attachment-large size-large wp-image-34584\" alt=\"\" srcset=\"https:\/\/www.lightspeedsystems.com\/wp-content\/uploads\/2025\/05\/StopIt-LP-Image.png 600w, https:\/\/www.lightspeedsystems.com\/wp-content\/uploads\/2025\/05\/StopIt-LP-Image-300x190.png 300w, https:\/\/www.lightspeedsystems.com\/wp-content\/uploads\/2025\/05\/StopIt-LP-Image-18x12.png 18w\" sizes=\"(max-width: 600px) 100vw, 600px\" \/>\t\t\t\t\t\t\t\t\t\t\t\t\t\t\t<\/div>\n\t\t\t\t<\/div>\n\t\t\t\t\t<\/div>\n\t\t\t\t<\/div>\n\t\t<div class=\"elementor-element elementor-element-a563d4a e-flex e-con-boxed e-con e-parent\" data-id=\"a563d4a\" data-element_type=\"container\" data-e-type=\"container\" data-settings=\"{&quot;background_background&quot;:&quot;classic&quot;}\">\n\t\t\t\t\t<div class=\"e-con-inner\">\n\t\t\t\t<div class=\"elementor-element elementor-element-ea230b6 elementor-widget elementor-widget-heading\" data-id=\"ea230b6\" data-element_type=\"widget\" data-e-type=\"widget\" data-widget_type=\"heading.default\">\n\t\t\t\t<div class=\"elementor-widget-container\">\n\t\t\t\t\t<h2 class=\"elementor-heading-title elementor-size-default\">O que est\u00e1 inclu\u00eddo<\/h2>\t\t\t\t<\/div>\n\t\t\t\t<\/div>\n\t\t\t\t\t<\/div>\n\t\t\t\t<\/div>\n\t\t<div class=\"elementor-element elementor-element-a0712ad e-flex e-con-boxed e-con e-parent\" data-id=\"a0712ad\" data-element_type=\"container\" data-e-type=\"container\" data-settings=\"{&quot;background_background&quot;:&quot;classic&quot;}\">\n\t\t\t\t\t<div class=\"e-con-inner\">\n\t\t<div class=\"elementor-element elementor-element-51bef45 e-con-full e-flex e-con e-child\" data-id=\"51bef45\" data-element_type=\"container\" data-e-type=\"container\">\n\t\t\t\t<div class=\"elementor-element elementor-element-7474031 elementor-widget elementor-widget-text-editor\" data-id=\"7474031\" data-element_type=\"widget\" data-e-type=\"widget\" data-widget_type=\"text-editor.default\">\n\t\t\t\t<div class=\"elementor-widget-container\">\n\t\t\t\t\t\t\t\t\t<h5 class=\"content\"><strong>Etapa 1: Relat\u00f3rios<\/strong><\/h5><ul><li>Aplicativo m\u00f3vel e aplicativo da Web e linha direta<\/li><li>Comunica\u00e7\u00e3o an\u00f4nima bidirecional<\/li><li>Obtenha recursos de ajuda<\/li><li>Notifica\u00e7\u00f5es de transmiss\u00e3o<\/li><li>V\u00e1rios idiomas<\/li><\/ul>\t\t\t\t\t\t\t\t<\/div>\n\t\t\t\t<\/div>\n\t\t\t\t<\/div>\n\t\t<div class=\"elementor-element elementor-element-7bdb37f e-con-full e-flex e-con e-child\" data-id=\"7bdb37f\" data-element_type=\"container\" data-e-type=\"container\">\n\t\t\t\t<div class=\"elementor-element elementor-element-63a586b elementor-widget elementor-widget-text-editor\" data-id=\"63a586b\" data-element_type=\"widget\" data-e-type=\"widget\" data-widget_type=\"text-editor.default\">\n\t\t\t\t<div class=\"elementor-widget-container\">\n\t\t\t\t\t\t\t\t\t<h5 class=\"content\"><strong>Monitoramento de Incidentes<\/strong><\/h5><ul><li>Monitoramento de incidentes 24 horas por dia, 7 dias por semana, 365 dias por ano<\/li><li>Escaladas de emerg\u00eancia<\/li><li>Revisado em menos de 2 minutos<\/li><li>Contato Pessoal pr\u00e9-definido<\/li><li>V\u00e1rios idiomas<\/li><\/ul>\t\t\t\t\t\t\t\t<\/div>\n\t\t\t\t<\/div>\n\t\t\t\t<\/div>\n\t\t<div class=\"elementor-element elementor-element-bdf10ad e-con-full e-flex e-con e-child\" data-id=\"bdf10ad\" data-element_type=\"container\" data-e-type=\"container\">\n\t\t\t\t<div class=\"elementor-element elementor-element-827be19 elementor-widget elementor-widget-text-editor\" data-id=\"827be19\" data-element_type=\"widget\" data-e-type=\"widget\" data-widget_type=\"text-editor.default\">\n\t\t\t\t<div class=\"elementor-widget-container\">\n\t\t\t\t\t\t\t\t\t<h5 class=\"content\"><strong>Gest\u00e3o de Incidentes<\/strong><\/h5><ul><li>Gest\u00e3o de Casos<\/li><li>Centro SEL<\/li><li>Tarefas<\/li><li>Relat\u00f3rios e an\u00e1lises<\/li><li>Alertas<\/li><li>Fluxo de trabalho automatizado<\/li><\/ul>\t\t\t\t\t\t\t\t<\/div>\n\t\t\t\t<\/div>\n\t\t\t\t<\/div>\n\t\t\t\t\t<\/div>\n\t\t\t\t<\/div>\n\t\t<div class=\"elementor-element elementor-element-3e85074 e-flex e-con-boxed e-con e-parent\" data-id=\"3e85074\" data-element_type=\"container\" data-e-type=\"container\">\n\t\t\t\t\t<div class=\"e-con-inner\">\n\t\t<div class=\"elementor-element elementor-element-3bb528f e-con-full e-flex e-con e-child\" data-id=\"3bb528f\" data-element_type=\"container\" data-e-type=\"container\">\n\t\t\t\t<div class=\"elementor-element elementor-element-294e9f1 elementor-widget elementor-widget-heading\" data-id=\"294e9f1\" data-element_type=\"widget\" data-e-type=\"widget\" data-widget_type=\"heading.default\">\n\t\t\t\t<div class=\"elementor-widget-container\">\n\t\t\t\t\t<h2 class=\"elementor-heading-title elementor-size-default\">Saber mais<\/h2>\t\t\t\t<\/div>\n\t\t\t\t<\/div>\n\t\t\t\t<div class=\"elementor-element elementor-element-6103531 elementor-widget elementor-widget-text-editor\" data-id=\"6103531\" data-element_type=\"widget\" data-e-type=\"widget\" data-widget_type=\"text-editor.default\">\n\t\t\t\t<div class=\"elementor-widget-container\">\n\t\t\t\t\t\t\t\t\t<p>Teremos prazer em agendar uma demonstra\u00e7\u00e3o r\u00e1pida com voc\u00ea para que possa ver o StopIt em a\u00e7\u00e3o, al\u00e9m de saber mais sobre sua organiza\u00e7\u00e3o e como podemos ajud\u00e1-lo.<\/p><p>Entre em contato conosco abaixo para falar com um representante ou assistir a uma demonstra\u00e7\u00e3o ao vivo.<\/p><p>E-mail: <a href=\"mailto:stopit@lightspeedsystems.com\">stopit@lightspeedsystems.com<\/a><\/p><p>Telefone: 908.748.4500<\/p>\t\t\t\t\t\t\t\t<\/div>\n\t\t\t\t<\/div>\n\t\t\t\t<div class=\"elementor-element elementor-element-e97d03a elementor-widget__width-initial elementor-widget elementor-widget-button\" data-id=\"e97d03a\" data-element_type=\"widget\" data-e-type=\"widget\" data-widget_type=\"button.default\">\n\t\t\t\t<div class=\"elementor-widget-container\">\n\t\t\t\t\t\t\t\t\t<div class=\"elementor-button-wrapper\">\n\t\t\t\t\t<a class=\"elementor-button elementor-button-link elementor-size-sm\" href=\"https:\/\/www.lightspeedsystems.com\/pt\/request-a-demo\/?SHESC\" source=\"SHESC\">\n\t\t\t\t\t\t<span class=\"elementor-button-content-wrapper\">\n\t\t\t\t\t\t\t\t\t<span class=\"elementor-button-text\">Inscreva-se para uma demonstra\u00e7\u00e3o de 20 minutos<\/span>\n\t\t\t\t\t<\/span>\n\t\t\t\t\t<\/a>\n\t\t\t\t<\/div>\n\t\t\t\t\t\t\t\t<\/div>\n\t\t\t\t<\/div>\n\t\t\t\t<\/div>\n\t\t\t\t\t<\/div>\n\t\t\t\t<\/div>\n\t\t\t\t<\/div>","protected":false},"excerpt":{"rendered":"<p>As solu\u00e7\u00f5es Lightspeed garantem conformidade e seguran\u00e7a em todos os distritos escolares de Nova York. Veja por qu\u00ea.<\/p>","protected":false},"author":2,"featured_media":0,"parent":22498,"menu_order":0,"comment_status":"closed","ping_status":"closed","template":"","meta":{"_acf_changed":false,"_yoast_wpseo_focuskw":"","_yoast_wpseo_title":"SHESC ARS","_yoast_wpseo_metadesc":"Smoky Hill ESC and STOPit provide the Anonymous Reporting System to deter inappropriate behavior in schools.","footnotes":""},"class_list":["post-34568","page","type-page","status-publish","hentry"],"acf":[],"yoast_head":"<!-- This site is optimized with the Yoast SEO Premium plugin v27.1 (Yoast SEO v27.1.1) - https:\/\/yoast.com\/product\/yoast-seo-premium-wordpress\/ -->\n<title>SHESC ARS<\/title>\n<meta name=\"description\" content=\"Smoky Hill ESC and STOPit provide the Anonymous Reporting System to deter inappropriate behavior in schools.\" \/>\n<meta name=\"robots\" content=\"index, follow, max-snippet:-1, max-image-preview:large, max-video-preview:-1\" \/>\n<link rel=\"canonical\" href=\"https:\/\/www.lightspeedsystems.com\/pt\/resources\/shesc\/\" \/>\n<meta property=\"og:locale\" content=\"pt_BR\" \/>\n<meta property=\"og:type\" content=\"article\" \/>\n<meta property=\"og:title\" content=\"SHESC\" \/>\n<meta property=\"og:description\" content=\"Smoky Hill ESC and STOPit provide the Anonymous Reporting System to deter inappropriate behavior in schools.\" \/>\n<meta property=\"og:url\" content=\"https:\/\/www.lightspeedsystems.com\/pt\/resources\/shesc\/\" \/>\n<meta property=\"og:site_name\" content=\"Lightspeed Systems\" \/>\n<meta property=\"article:publisher\" content=\"https:\/\/www.facebook.com\/lightspeedsystems\/\" \/>\n<meta property=\"article:modified_time\" content=\"2025-08-06T18:51:00+00:00\" \/>\n<meta property=\"og:image\" content=\"https:\/\/www.lightspeedsystems.com\/wp-content\/uploads\/2025\/05\/SHESC-Logo-Light-BG-Vertical-Evergreen-qmm6oivgintcwg1f47ozkjxory4gtm578bjx7aemm8.png\" \/>\n<meta name=\"twitter:card\" content=\"summary_large_image\" \/>\n<meta name=\"twitter:site\" content=\"@lightspeedsys\" \/>\n<meta name=\"twitter:label1\" content=\"Est. reading time\" \/>\n\t<meta name=\"twitter:data1\" content=\"2 minutos\" \/>\n<script type=\"application\/ld+json\" class=\"yoast-schema-graph\">{\"@context\":\"https:\/\/schema.org\",\"@graph\":[{\"@type\":\"WebPage\",\"@id\":\"https:\/\/www.lightspeedsystems.com\/resources\/shesc\/\",\"url\":\"https:\/\/www.lightspeedsystems.com\/resources\/shesc\/\",\"name\":\"SHESC ARS\",\"isPartOf\":{\"@id\":\"https:\/\/www.lightspeedsystems.com\/zh\/#website\"},\"primaryImageOfPage\":{\"@id\":\"https:\/\/www.lightspeedsystems.com\/resources\/shesc\/#primaryimage\"},\"image\":{\"@id\":\"https:\/\/www.lightspeedsystems.com\/resources\/shesc\/#primaryimage\"},\"thumbnailUrl\":\"https:\/\/www.lightspeedsystems.com\/wp-content\/uploads\/2025\/05\/SHESC-Logo-Light-BG-Vertical-Evergreen-qmm6oivgintcwg1f47ozkjxory4gtm578bjx7aemm8.png\",\"datePublished\":\"2025-05-26T17:28:01+00:00\",\"dateModified\":\"2025-08-06T18:51:00+00:00\",\"description\":\"Smoky Hill ESC and STOPit provide the Anonymous Reporting System to deter inappropriate behavior in schools.\",\"breadcrumb\":{\"@id\":\"https:\/\/www.lightspeedsystems.com\/resources\/shesc\/#breadcrumb\"},\"inLanguage\":\"pt-BR\",\"potentialAction\":[{\"@type\":\"ReadAction\",\"target\":[\"https:\/\/www.lightspeedsystems.com\/resources\/shesc\/\"]}]},{\"@type\":\"ImageObject\",\"inLanguage\":\"pt-BR\",\"@id\":\"https:\/\/www.lightspeedsystems.com\/resources\/shesc\/#primaryimage\",\"url\":\"https:\/\/www.lightspeedsystems.com\/wp-content\/uploads\/2025\/05\/SHESC-Logo-Light-BG-Vertical-Evergreen-qmm6oivgintcwg1f47ozkjxory4gtm578bjx7aemm8.png\",\"contentUrl\":\"https:\/\/www.lightspeedsystems.com\/wp-content\/uploads\/2025\/05\/SHESC-Logo-Light-BG-Vertical-Evergreen-qmm6oivgintcwg1f47ozkjxory4gtm578bjx7aemm8.png\"},{\"@type\":\"BreadcrumbList\",\"@id\":\"https:\/\/www.lightspeedsystems.com\/resources\/shesc\/#breadcrumb\",\"itemListElement\":[{\"@type\":\"ListItem\",\"position\":1,\"name\":\"Home\",\"item\":\"https:\/\/www.lightspeedsystems.com\/\"},{\"@type\":\"ListItem\",\"position\":2,\"name\":\"Resources\",\"item\":\"https:\/\/www.lightspeedsystems.com\/resources\/\"},{\"@type\":\"ListItem\",\"position\":3,\"name\":\"App Audit\"}]},{\"@type\":\"WebSite\",\"@id\":\"https:\/\/www.lightspeedsystems.com\/zh\/#website\",\"url\":\"https:\/\/www.lightspeedsystems.com\/zh\/\",\"name\":\"Lightspeed Systems\",\"description\":\"Helping K-12 communities provide safe, secure, and equitable education\u2014effortlessly.\",\"publisher\":{\"@id\":\"https:\/\/www.lightspeedsystems.com\/zh\/#organization\"},\"potentialAction\":[{\"@type\":\"SearchAction\",\"target\":{\"@type\":\"EntryPoint\",\"urlTemplate\":\"https:\/\/www.lightspeedsystems.com\/zh\/?s={search_term_string}\"},\"query-input\":{\"@type\":\"PropertyValueSpecification\",\"valueRequired\":true,\"valueName\":\"search_term_string\"}}],\"inLanguage\":\"pt-BR\"},{\"@type\":\"Organization\",\"@id\":\"https:\/\/www.lightspeedsystems.com\/zh\/#organization\",\"name\":\"Lightspeed Systems\",\"url\":\"https:\/\/www.lightspeedsystems.com\/zh\/\",\"logo\":{\"@type\":\"ImageObject\",\"inLanguage\":\"pt-BR\",\"@id\":\"https:\/\/www.lightspeedsystems.com\/zh\/#\/schema\/logo\/image\/\",\"url\":\"https:\/\/www.lightspeedsystems.com\/wp-content\/uploads\/2024\/12\/lightspeed_systems_logo.svg\",\"contentUrl\":\"https:\/\/www.lightspeedsystems.com\/wp-content\/uploads\/2024\/12\/lightspeed_systems_logo.svg\",\"caption\":\"Lightspeed Systems\"},\"image\":{\"@id\":\"https:\/\/www.lightspeedsystems.com\/zh\/#\/schema\/logo\/image\/\"},\"sameAs\":[\"https:\/\/www.facebook.com\/lightspeedsystems\/\",\"https:\/\/x.com\/lightspeedsys\",\"https:\/\/www.linkedin.com\/company\/lightspeed-systems\/\"]}]}<\/script>\n<!-- \/ Yoast SEO Premium plugin. -->","yoast_head_json":{"title":"SHESC ARS","description":"A Smoky Hill ESC e a STOPit oferecem o Sistema de Den\u00fancia An\u00f4nima para coibir comportamentos inadequados nas escolas.","robots":{"index":"index","follow":"follow","max-snippet":"max-snippet:-1","max-image-preview":"max-image-preview:large","max-video-preview":"max-video-preview:-1"},"canonical":"https:\/\/www.lightspeedsystems.com\/pt\/resources\/shesc\/","og_locale":"pt_BR","og_type":"article","og_title":"SHESC","og_description":"Smoky Hill ESC and STOPit provide the Anonymous Reporting System to deter inappropriate behavior in schools.","og_url":"https:\/\/www.lightspeedsystems.com\/pt\/resources\/shesc\/","og_site_name":"Lightspeed Systems","article_publisher":"https:\/\/www.facebook.com\/lightspeedsystems\/","article_modified_time":"2025-08-06T18:51:00+00:00","og_image":[{"url":"https:\/\/www.lightspeedsystems.com\/wp-content\/uploads\/2025\/05\/SHESC-Logo-Light-BG-Vertical-Evergreen-qmm6oivgintcwg1f47ozkjxory4gtm578bjx7aemm8.png","type":"","width":"","height":""}],"twitter_card":"summary_large_image","twitter_site":"@lightspeedsys","twitter_misc":{"Est. reading time":"2 minutos"},"schema":{"@context":"https:\/\/schema.org","@graph":[{"@type":"WebPage","@id":"https:\/\/www.lightspeedsystems.com\/resources\/shesc\/","url":"https:\/\/www.lightspeedsystems.com\/resources\/shesc\/","name":"SHESC ARS","isPartOf":{"@id":"https:\/\/www.lightspeedsystems.com\/zh\/#website"},"primaryImageOfPage":{"@id":"https:\/\/www.lightspeedsystems.com\/resources\/shesc\/#primaryimage"},"image":{"@id":"https:\/\/www.lightspeedsystems.com\/resources\/shesc\/#primaryimage"},"thumbnailUrl":"https:\/\/www.lightspeedsystems.com\/wp-content\/uploads\/2025\/05\/SHESC-Logo-Light-BG-Vertical-Evergreen-qmm6oivgintcwg1f47ozkjxory4gtm578bjx7aemm8.png","datePublished":"2025-05-26T17:28:01+00:00","dateModified":"2025-08-06T18:51:00+00:00","description":"A Smoky Hill ESC e a STOPit oferecem o Sistema de Den\u00fancia An\u00f4nima para coibir comportamentos inadequados nas escolas.","breadcrumb":{"@id":"https:\/\/www.lightspeedsystems.com\/resources\/shesc\/#breadcrumb"},"inLanguage":"pt-BR","potentialAction":[{"@type":"ReadAction","target":["https:\/\/www.lightspeedsystems.com\/resources\/shesc\/"]}]},{"@type":"ImageObject","inLanguage":"pt-BR","@id":"https:\/\/www.lightspeedsystems.com\/resources\/shesc\/#primaryimage","url":"https:\/\/www.lightspeedsystems.com\/wp-content\/uploads\/2025\/05\/SHESC-Logo-Light-BG-Vertical-Evergreen-qmm6oivgintcwg1f47ozkjxory4gtm578bjx7aemm8.png","contentUrl":"https:\/\/www.lightspeedsystems.com\/wp-content\/uploads\/2025\/05\/SHESC-Logo-Light-BG-Vertical-Evergreen-qmm6oivgintcwg1f47ozkjxory4gtm578bjx7aemm8.png"},{"@type":"BreadcrumbList","@id":"https:\/\/www.lightspeedsystems.com\/resources\/shesc\/#breadcrumb","itemListElement":[{"@type":"ListItem","position":1,"name":"Home","item":"https:\/\/www.lightspeedsystems.com\/"},{"@type":"ListItem","position":2,"name":"Resources","item":"https:\/\/www.lightspeedsystems.com\/resources\/"},{"@type":"ListItem","position":3,"name":"App Audit"}]},{"@type":"WebSite","@id":"https:\/\/www.lightspeedsystems.com\/zh\/#website","url":"https:\/\/www.lightspeedsystems.com\/zh\/","name":"Sistemas Lightspeed","description":"Ajudando comunidades do ensino fundamental e m\u00e9dio a oferecer educa\u00e7\u00e3o segura, protegida e equitativa, sem esfor\u00e7o.","publisher":{"@id":"https:\/\/www.lightspeedsystems.com\/zh\/#organization"},"potentialAction":[{"@type":"SearchAction","target":{"@type":"EntryPoint","urlTemplate":"https:\/\/www.lightspeedsystems.com\/zh\/?s={search_term_string}"},"query-input":{"@type":"PropertyValueSpecification","valueRequired":true,"valueName":"search_term_string"}}],"inLanguage":"pt-BR"},{"@type":"Organization","@id":"https:\/\/www.lightspeedsystems.com\/zh\/#organization","name":"Sistemas Lightspeed","url":"https:\/\/www.lightspeedsystems.com\/zh\/","logo":{"@type":"ImageObject","inLanguage":"pt-BR","@id":"https:\/\/www.lightspeedsystems.com\/zh\/#\/schema\/logo\/image\/","url":"https:\/\/www.lightspeedsystems.com\/wp-content\/uploads\/2024\/12\/lightspeed_systems_logo.svg","contentUrl":"https:\/\/www.lightspeedsystems.com\/wp-content\/uploads\/2024\/12\/lightspeed_systems_logo.svg","caption":"Lightspeed Systems"},"image":{"@id":"https:\/\/www.lightspeedsystems.com\/zh\/#\/schema\/logo\/image\/"},"sameAs":["https:\/\/www.facebook.com\/lightspeedsystems\/","https:\/\/x.com\/lightspeedsys","https:\/\/www.linkedin.com\/company\/lightspeed-systems\/"]}]}},"_links":{"self":[{"href":"https:\/\/www.lightspeedsystems.com\/pt\/wp-json\/wp\/v2\/pages\/34568","targetHints":{"allow":["GET"]}}],"collection":[{"href":"https:\/\/www.lightspeedsystems.com\/pt\/wp-json\/wp\/v2\/pages"}],"about":[{"href":"https:\/\/www.lightspeedsystems.com\/pt\/wp-json\/wp\/v2\/types\/page"}],"author":[{"embeddable":true,"href":"https:\/\/www.lightspeedsystems.com\/pt\/wp-json\/wp\/v2\/users\/2"}],"replies":[{"embeddable":true,"href":"https:\/\/www.lightspeedsystems.com\/pt\/wp-json\/wp\/v2\/comments?post=34568"}],"version-history":[{"count":0,"href":"https:\/\/www.lightspeedsystems.com\/pt\/wp-json\/wp\/v2\/pages\/34568\/revisions"}],"up":[{"embeddable":true,"href":"https:\/\/www.lightspeedsystems.com\/pt\/wp-json\/wp\/v2\/pages\/22498"}],"wp:attachment":[{"href":"https:\/\/www.lightspeedsystems.com\/pt\/wp-json\/wp\/v2\/media?parent=34568"}],"curies":[{"name":"wp","href":"https:\/\/api.w.org\/{rel}","templated":true}]}}